{"id":605,"date":"2023-05-02T21:08:31","date_gmt":"2023-05-02T21:08:31","guid":{"rendered":"https:\/\/andpublicidad.com\/andwordpress\/?page_id=605"},"modified":"2023-05-15T07:45:06","modified_gmt":"2023-05-15T07:45:06","slug":"alquiler-de-roll-up-para-eventos","status":"publish","type":"page","link":"https:\/\/andpublicidad.com\/andwordpress\/alquiler-de-roll-up-para-eventos\/","title":{"rendered":"Alquiler de Roll Up para eventos"},"content":{"rendered":"\t\t<div data-elementor-type=\"wp-page\" data-elementor-id=\"605\" class=\"elementor elementor-605\">\n\t\t\t\t\t\t<section class=\"elementor-section elementor-top-section elementor-element elementor-element-66e70b5 elementor-section-boxed elementor-section-height-default elementor-section-height-default\" data-id=\"66e70b5\" data-element_type=\"section\" data-e-type=\"section\">\n\t\t\t\t\t\t<div class=\"elementor-container elementor-column-gap-default\">\n\t\t\t\t\t<div class=\"elementor-column elementor-col-100 elementor-top-column elementor-element elementor-element-75b01372\" data-id=\"75b01372\" data-element_type=\"column\" data-e-type=\"column\">\n\t\t\t<div class=\"elementor-widget-wrap elementor-element-populated\">\n\t\t\t\t\t\t<section class=\"elementor-section elementor-inner-section elementor-element elementor-element-5eadac6 elementor-section-boxed elementor-section-height-default elementor-section-height-default\" data-id=\"5eadac6\" data-element_type=\"section\" data-e-type=\"section\">\n\t\t\t\t\t\t<div class=\"elementor-container elementor-column-gap-default\">\n\t\t\t\t\t<div class=\"elementor-column elementor-col-50 elementor-inner-column elementor-element elementor-element-7888ae5\" data-id=\"7888ae5\" data-element_type=\"column\" data-e-type=\"column\">\n\t\t\t<div class=\"elementor-widget-wrap elementor-element-populated\">\n\t\t\t\t\t\t<div class=\"elementor-element elementor-element-b9ed20c elementor-widget elementor-widget-image\" data-id=\"b9ed20c\" data-element_type=\"widget\" data-e-type=\"widget\" data-widget_type=\"image.default\">\n\t\t\t\t<div class=\"elementor-widget-container\">\n\t\t\t\t\t\t\t\t\t\t\t\t\t\t\t<img fetchpriority=\"high\" decoding=\"async\" width=\"640\" height=\"580\" src=\"https:\/\/andpublicidad.com\/andwordpress\/wp-content\/uploads\/2015\/07\/roll1.jpg\" class=\"attachment-large size-large wp-image-466\" alt=\"Roll up alta calidad\" srcset=\"https:\/\/andpublicidad.com\/andwordpress\/wp-content\/uploads\/2015\/07\/roll1.jpg 960w, https:\/\/andpublicidad.com\/andwordpress\/wp-content\/uploads\/2015\/07\/roll1-300x272.jpg 300w, https:\/\/andpublicidad.com\/andwordpress\/wp-content\/uploads\/2015\/07\/roll1-768x696.jpg 768w, https:\/\/andpublicidad.com\/andwordpress\/wp-content\/uploads\/2015\/07\/roll1-331x300.jpg 331w\" sizes=\"(max-width: 640px) 100vw, 640px\" \/>\t\t\t\t\t\t\t\t\t\t\t\t\t\t\t<\/div>\n\t\t\t\t<\/div>\n\t\t\t\t\t<\/div>\n\t\t<\/div>\n\t\t\t\t<div class=\"elementor-column elementor-col-50 elementor-inner-column elementor-element elementor-element-4f0ae36\" data-id=\"4f0ae36\" data-element_type=\"column\" data-e-type=\"column\">\n\t\t\t<div class=\"elementor-widget-wrap elementor-element-populated\">\n\t\t\t\t\t\t<div class=\"elementor-element elementor-element-c253cda elementor-widget elementor-widget-heading\" data-id=\"c253cda\" data-element_type=\"widget\" data-e-type=\"widget\" data-widget_type=\"heading.default\">\n\t\t\t\t<div class=\"elementor-widget-container\">\n\t\t\t\t\t<h2 class=\"elementor-heading-title elementor-size-default\">Servicio de Alquiler de Roll Up para Presentaciones \/ Eventos<\/h2>\t\t\t\t<\/div>\n\t\t\t\t<\/div>\n\t\t\t\t<div class=\"elementor-element elementor-element-8090116 elementor-widget elementor-widget-text-editor\" data-id=\"8090116\" data-element_type=\"widget\" data-e-type=\"widget\" data-widget_type=\"text-editor.default\">\n\t\t\t\t<div class=\"elementor-widget-container\">\n\t\t\t\t\t\t\t\t\t<p>\u00bfQuieres que tu presentaci\u00f3n o evento tenga m\u00e1s presencia?<\/p>\n<p>Coloca la informaci\u00f3n relevante en una lona y acomp\u00e1\u00f1ala de una estructura Roll Up que le dar\u00e1 ese plus que buscas para mejorar una nota, o para presentaciones eventuales de proyectos.<\/p>\n<p>Por 20 usd te incluimos la lona impresa con tu dise\u00f1o, te alquilamos la estructura del roll up 48 horas, y con esto podr\u00e1s presentar tu proyecto con toda tranquilidad<\/p>\t\t\t\t\t\t\t\t<\/div>\n\t\t\t\t<\/div>\n\t\t\t\t\t<\/div>\n\t\t<\/div>\n\t\t\t\t\t<\/div>\n\t\t<\/section>\n\t\t\t\t<div class=\"elementor-element elementor-element-f51e2ab elementor-widget elementor-widget-heading\" data-id=\"f51e2ab\" data-element_type=\"widget\" data-e-type=\"widget\" data-widget_type=\"heading.default\">\n\t\t\t\t<div class=\"elementor-widget-container\">\n\t\t\t\t\t<h2 class=\"elementor-heading-title elementor-size-default\">\u00bfPorque utilizar nuestro servicio de Alquiler de  Roll Up?<\/h2>\t\t\t\t<\/div>\n\t\t\t\t<\/div>\n\t\t\t\t<div class=\"elementor-element elementor-element-60f38ee elementor-widget elementor-widget-text-editor\" data-id=\"60f38ee\" data-element_type=\"widget\" data-e-type=\"widget\" data-widget_type=\"text-editor.default\">\n\t\t\t\t<div class=\"elementor-widget-container\">\n\t\t\t\t\t\t\t\t\t<ol>\n<li>\n<p>Versatilidad y comodidad: Los Roll Up son ideales para publicidad m\u00f3vil en eventos, ferias y conferencias. Su facilidad de transporte y montaje los convierte en una opci\u00f3n conveniente para promocionar tu negocio en diferentes ubicaciones.<\/p>\n<\/li>\n<li>\n<p>Impacto visual: Los Roll Up captan la atenci\u00f3n con dise\u00f1os atractivos y gr\u00e1ficos de alta calidad. Aprovecha su potencial para comunicar mensajes claros y llamativos, generando inter\u00e9s en tu servicio o negocio.<\/p>\n<\/li>\n<li>\n<p>Visibilidad constante: Al alquilar un Roll Up, disfrutar\u00e1s de una visibilidad continua. Col\u00f3calo estrat\u00e9gicamente en zonas de alto tr\u00e1fico para asegurar que tu mensaje est\u00e9 presente las 24\/7.<\/p>\n<\/li>\n<li>\n<p>Costo-efectividad: El alquiler de Roll Up es una opci\u00f3n m\u00e1s econ\u00f3mica que otras formas de publicidad a largo plazo. Ajusta tu estrategia seg\u00fan tu presupuesto, sin invertir una suma significativa de dinero inicialmente.<\/p>\n<\/li>\n<li>\n<p>Personalizaci\u00f3n: Personaliza tu Roll Up con tu logotipo, eslogan y gr\u00e1ficos de marca para crear una identidad visual coherente. Refuerza el reconocimiento y la confianza en tu marca.<\/p>\n<\/li>\n<li>\n<p>F\u00e1cil instalaci\u00f3n: Los Roll Up se montan y desmontan f\u00e1cilmente, sin necesidad de herramientas especiales ni conocimientos t\u00e9cnicos complicados. Ahorra tiempo y esfuerzo al tener tu publicidad lista en minutos.<\/p>\n<\/li>\n<li>\n<p>Alcance amplio: El alquiler de Roll Up te permite llegar a diferentes lugares y audiencias diversas, expandiendo tu alcance geogr\u00e1fico y captando potenciales clientes.<\/p>\n<\/li>\n<\/ol>\t\t\t\t\t\t\t\t<\/div>\n\t\t\t\t<\/div>\n\t\t\t\t<section class=\"elementor-section elementor-inner-section elementor-element elementor-element-da5a4f1 elementor-section-boxed elementor-section-height-default elementor-section-height-default\" data-id=\"da5a4f1\" data-element_type=\"section\" data-e-type=\"section\">\n\t\t\t\t\t\t<div class=\"elementor-container elementor-column-gap-default\">\n\t\t\t\t\t<div class=\"elementor-column elementor-col-50 elementor-inner-column elementor-element elementor-element-34a3a73\" data-id=\"34a3a73\" data-element_type=\"column\" data-e-type=\"column\">\n\t\t\t<div class=\"elementor-widget-wrap elementor-element-populated\">\n\t\t\t\t\t\t<div class=\"elementor-element elementor-element-d553643 elementor-widget elementor-widget-image\" data-id=\"d553643\" data-element_type=\"widget\" data-e-type=\"widget\" data-widget_type=\"image.default\">\n\t\t\t\t<div class=\"elementor-widget-container\">\n\t\t\t\t\t\t\t\t\t\t\t\t\t\t\t<img decoding=\"async\" width=\"640\" height=\"426\" src=\"https:\/\/andpublicidad.com\/andwordpress\/wp-content\/uploads\/2023\/05\/001625-1024x681.jpg\" class=\"attachment-large size-large wp-image-3158\" alt=\"Roll Up\" srcset=\"https:\/\/andpublicidad.com\/andwordpress\/wp-content\/uploads\/2023\/05\/001625-1024x681.jpg 1024w, https:\/\/andpublicidad.com\/andwordpress\/wp-content\/uploads\/2023\/05\/001625-300x200.jpg 300w, https:\/\/andpublicidad.com\/andwordpress\/wp-content\/uploads\/2023\/05\/001625-768x511.jpg 768w, https:\/\/andpublicidad.com\/andwordpress\/wp-content\/uploads\/2023\/05\/001625.jpg 1160w\" sizes=\"(max-width: 640px) 100vw, 640px\" \/>\t\t\t\t\t\t\t\t\t\t\t\t\t\t\t<\/div>\n\t\t\t\t<\/div>\n\t\t\t\t\t<\/div>\n\t\t<\/div>\n\t\t\t\t<div class=\"elementor-column elementor-col-50 elementor-inner-column elementor-element elementor-element-f0e3a6a\" data-id=\"f0e3a6a\" data-element_type=\"column\" data-e-type=\"column\">\n\t\t\t<div class=\"elementor-widget-wrap elementor-element-populated\">\n\t\t\t\t\t\t<div class=\"elementor-element elementor-element-3759faf elementor-align-center elementor-widget elementor-widget-button\" data-id=\"3759faf\" data-element_type=\"widget\" data-e-type=\"widget\" data-widget_type=\"button.default\">\n\t\t\t\t<div class=\"elementor-widget-container\">\n\t\t\t\t\t\t\t\t\t<div class=\"elementor-button-wrapper\">\n\t\t\t\t\t<a class=\"elementor-button elementor-button-link elementor-size-sm\" href=\"https:\/\/api.whatsapp.com\/send?phone=5930963021330&#038;text=Saludos,%20deseo%20Alquilar%20un%20RollUp%20\">\n\t\t\t\t\t\t<span class=\"elementor-button-content-wrapper\">\n\t\t\t\t\t\t<span class=\"elementor-button-icon\">\n\t\t\t\t<i aria-hidden=\"true\" class=\"far fa-comment\"><\/i>\t\t\t<\/span>\n\t\t\t\t\t\t\t\t\t<span class=\"elementor-button-text\">Deseo Alquilar un Roll Up 0963021330<\/span>\n\t\t\t\t\t<\/span>\n\t\t\t\t\t<\/a>\n\t\t\t\t<\/div>\n\t\t\t\t\t\t\t\t<\/div>\n\t\t\t\t<\/div>\n\t\t\t\t<div class=\"elementor-element elementor-element-9cfb542 elementor-align-center elementor-widget elementor-widget-button\" data-id=\"9cfb542\" data-element_type=\"widget\" data-e-type=\"widget\" data-widget_type=\"button.default\">\n\t\t\t\t<div class=\"elementor-widget-container\">\n\t\t\t\t\t\t\t\t\t<div class=\"elementor-button-wrapper\">\n\t\t\t\t\t<a class=\"elementor-button elementor-button-link elementor-size-sm\" href=\"https:\/\/api.whatsapp.com\/send?phone=5930979812913&#038;text=Saludos,%20deseo%20Alquilar%20un%20RollUp%20\">\n\t\t\t\t\t\t<span class=\"elementor-button-content-wrapper\">\n\t\t\t\t\t\t<span class=\"elementor-button-icon\">\n\t\t\t\t<i aria-hidden=\"true\" class=\"far fa-comment\"><\/i>\t\t\t<\/span>\n\t\t\t\t\t\t\t\t\t<span class=\"elementor-button-text\">Escr\u00edbenos al Whatsapp 0979812913<\/span>\n\t\t\t\t\t<\/span>\n\t\t\t\t\t<\/a>\n\t\t\t\t<\/div>\n\t\t\t\t\t\t\t\t<\/div>\n\t\t\t\t<\/div>\n\t\t\t\t\t<\/div>\n\t\t<\/div>\n\t\t\t\t\t<\/div>\n\t\t<\/section>\n\t\t\t\t<section class=\"elementor-section elementor-inner-section elementor-element elementor-element-171ed5a elementor-section-boxed elementor-section-height-default elementor-section-height-default\" data-id=\"171ed5a\" data-element_type=\"section\" data-e-type=\"section\">\n\t\t\t\t\t\t<div class=\"elementor-container elementor-column-gap-default\">\n\t\t\t\t\t<div class=\"elementor-column elementor-col-50 elementor-inner-column elementor-element elementor-element-c394141\" data-id=\"c394141\" data-element_type=\"column\" data-e-type=\"column\">\n\t\t\t<div class=\"elementor-widget-wrap elementor-element-populated\">\n\t\t\t\t\t\t<div class=\"elementor-element elementor-element-1cae72d elementor-widget elementor-widget-text-editor\" data-id=\"1cae72d\" data-element_type=\"widget\" data-e-type=\"widget\" data-widget_type=\"text-editor.default\">\n\t\t\t\t<div class=\"elementor-widget-container\">\n\t\t\t\t\t\t\t\t\t\n<div class=\"wpcf7 no-js\" id=\"wpcf7-f886-o1\" lang=\"es-ES\" dir=\"ltr\" data-wpcf7-id=\"886\">\n<div class=\"screen-reader-response\"><p role=\"status\" aria-live=\"polite\" aria-atomic=\"true\"><\/p> <ul><\/ul><\/div>\n<form action=\"\/andwordpress\/wp-json\/wp\/v2\/pages\/605#wpcf7-f886-o1\" method=\"post\" class=\"wpcf7-form init\" aria-label=\"Formulario de contacto\" novalidate=\"novalidate\" data-status=\"init\">\n<fieldset class=\"hidden-fields-container\"><input type=\"hidden\" name=\"_wpcf7\" value=\"886\" \/><input type=\"hidden\" name=\"_wpcf7_version\" value=\"6.1.5\" \/><input type=\"hidden\" name=\"_wpcf7_locale\" value=\"es_ES\" \/><input type=\"hidden\" name=\"_wpcf7_unit_tag\" value=\"wpcf7-f886-o1\" \/><input type=\"hidden\" name=\"_wpcf7_container_post\" value=\"0\" \/><input type=\"hidden\" name=\"_wpcf7_posted_data_hash\" value=\"\" \/><input type=\"hidden\" name=\"_wpcf7_recaptcha_response\" value=\"\" \/>\n<\/fieldset>\n<p><label> Tu nombre (requerido)<br \/>\n<span class=\"wpcf7-form-control-wrap\" data-name=\"your-name\"><input size=\"40\" maxlength=\"400\" class=\"wpcf7-form-control wpcf7-text wpcf7-validates-as-required\" aria-required=\"true\" aria-invalid=\"false\" value=\"\" type=\"text\" name=\"your-name\" \/><\/span> <\/label>\n<\/p>\n<p><label> Tu correo electr\u00f3nico (requerido)<br \/>\n<span class=\"wpcf7-form-control-wrap\" data-name=\"your-email\"><input size=\"40\" maxlength=\"400\" class=\"wpcf7-form-control wpcf7-email wpcf7-validates-as-required wpcf7-text wpcf7-validates-as-email\" aria-required=\"true\" aria-invalid=\"false\" value=\"\" type=\"email\" name=\"your-email\" \/><\/span> <\/label>\n<\/p>\n<p><label> Su n\u00famero de Tel\u00e9fono (requerido)<br \/>\n<span class=\"wpcf7-form-control-wrap\" data-name=\"tel-cel\"><input size=\"40\" maxlength=\"400\" class=\"wpcf7-form-control wpcf7-tel wpcf7-text wpcf7-validates-as-tel\" id=\"telefoncel\" aria-invalid=\"false\" value=\"\" type=\"tel\" name=\"tel-cel\" \/><\/span><br \/>\n<\/label>\n<\/p>\n<p><label> Asunto<br \/>\n<span class=\"wpcf7-form-control-wrap\" data-name=\"your-subject\"><input size=\"40\" maxlength=\"400\" class=\"wpcf7-form-control wpcf7-text\" aria-invalid=\"false\" value=\"\" type=\"text\" name=\"your-subject\" \/><\/span> <\/label>\n<\/p>\n<p><label> Tu mensaje<br \/>\n<span class=\"wpcf7-form-control-wrap\" data-name=\"your-message\"><textarea cols=\"40\" rows=\"10\" maxlength=\"2000\" class=\"wpcf7-form-control wpcf7-textarea\" aria-invalid=\"false\" name=\"your-message\"><\/textarea><\/span> <\/label><br \/>\n<span class=\"wpcf7-form-control-wrap recaptcha\" data-name=\"recaptcha\"><span data-sitekey=\"6Ld5_OcdAAAAAF-OCdQsCsAFrd4asI10mCCCwKbV\" data-align=\"center\" class=\"wpcf7-form-control wpcf7-recaptcha g-recaptcha\"><\/span>\r\n<noscript>\r\n\t<div class=\"grecaptcha-noscript\">\r\n\t\t<iframe src=\"https:\/\/www.google.com\/recaptcha\/api\/fallback?k=6Ld5_OcdAAAAAF-OCdQsCsAFrd4asI10mCCCwKbV\" frameborder=\"0\" scrolling=\"no\" width=\"310\" height=\"430\">\r\n\t\t<\/iframe>\r\n\t\t<textarea name=\"g-recaptcha-response\" rows=\"3\" cols=\"40\" placeholder=\"Aqu\u00ed la respuesta de reCAPTCHA\">\r\n\t\t<\/textarea>\r\n\t<\/div>\r\n<\/noscript>\r\n<\/span><br \/>\n<input class=\"wpcf7-form-control wpcf7-submit has-spinner\" type=\"submit\" value=\"Cotiza Ahora\" \/>\n<\/p><div class=\"wpcf7-response-output\" aria-hidden=\"true\"><\/div>\n<\/form>\n<\/div>\n\t\t\t\t\t\t\t\t<\/div>\n\t\t\t\t<\/div>\n\t\t\t\t\t<\/div>\n\t\t<\/div>\n\t\t\t\t<div class=\"elementor-column elementor-col-50 elementor-inner-column elementor-element elementor-element-6eb3749\" data-id=\"6eb3749\" data-element_type=\"column\" data-e-type=\"column\">\n\t\t\t<div class=\"elementor-widget-wrap elementor-element-populated\">\n\t\t\t\t\t\t<div class=\"elementor-element elementor-element-ac46f1a elementor-widget elementor-widget-image\" data-id=\"ac46f1a\" data-element_type=\"widget\" data-e-type=\"widget\" data-widget_type=\"image.default\">\n\t\t\t\t<div class=\"elementor-widget-container\">\n\t\t\t\t\t\t\t\t\t\t\t\t\t\t\t<img decoding=\"async\" width=\"150\" height=\"150\" src=\"https:\/\/andpublicidad.com\/andwordpress\/wp-content\/uploads\/2018\/09\/live-support-girl-150x150.png\" class=\"attachment-thumbnail size-thumbnail wp-image-920\" alt=\"ll\u00e1manos\" \/>\t\t\t\t\t\t\t\t\t\t\t\t\t\t\t<\/div>\n\t\t\t\t<\/div>\n\t\t\t\t<div class=\"elementor-element elementor-element-6f5d825 elementor-align-center elementor-widget elementor-widget-button\" data-id=\"6f5d825\" data-element_type=\"widget\" data-e-type=\"widget\" data-widget_type=\"button.default\">\n\t\t\t\t<div class=\"elementor-widget-container\">\n\t\t\t\t\t\t\t\t\t<div class=\"elementor-button-wrapper\">\n\t\t\t\t\t<a class=\"elementor-button elementor-button-link elementor-size-sm\" href=\"http:\/\/m.me\/AndPublicidad\">\n\t\t\t\t\t\t<span class=\"elementor-button-content-wrapper\">\n\t\t\t\t\t\t<span class=\"elementor-button-icon\">\n\t\t\t\t<i aria-hidden=\"true\" class=\"fas fa-address-book\"><\/i>\t\t\t<\/span>\n\t\t\t\t\t\t\t\t\t<span class=\"elementor-button-text\">Escr\u00edbenos por Facebook Mesenger <\/span>\n\t\t\t\t\t<\/span>\n\t\t\t\t\t<\/a>\n\t\t\t\t<\/div>\n\t\t\t\t\t\t\t\t<\/div>\n\t\t\t\t<\/div>\n\t\t\t\t<div class=\"elementor-element elementor-element-0a22e51 elementor-align-center elementor-widget elementor-widget-button\" data-id=\"0a22e51\" data-element_type=\"widget\" data-e-type=\"widget\" data-widget_type=\"button.default\">\n\t\t\t\t<div class=\"elementor-widget-container\">\n\t\t\t\t\t\t\t\t\t<div class=\"elementor-button-wrapper\">\n\t\t\t\t\t<a class=\"elementor-button elementor-button-link elementor-size-sm\" href=\"https:\/\/api.whatsapp.com\/send?phone=5930983428093&#038;text=Saludos,%20deseo%20Alquilar%20un%20RollUp%20\">\n\t\t\t\t\t\t<span class=\"elementor-button-content-wrapper\">\n\t\t\t\t\t\t<span class=\"elementor-button-icon\">\n\t\t\t\t<i aria-hidden=\"true\" class=\"far fa-comment\"><\/i>\t\t\t<\/span>\n\t\t\t\t\t\t\t\t\t<span class=\"elementor-button-text\">Deseo Alquilar un Roll Up 0983428093<\/span>\n\t\t\t\t\t<\/span>\n\t\t\t\t\t<\/a>\n\t\t\t\t<\/div>\n\t\t\t\t\t\t\t\t<\/div>\n\t\t\t\t<\/div>\n\t\t\t\t<div class=\"elementor-element elementor-element-9ec2161 elementor-widget elementor-widget-text-editor\" data-id=\"9ec2161\" data-element_type=\"widget\" data-e-type=\"widget\" data-widget_type=\"text-editor.default\">\n\t\t\t\t<div class=\"elementor-widget-container\">\n\t\t\t\t\t\t\t\t\t<p style=\"text-align: center;\">Tambien puedes llamarnos<\/p><p style=\"text-align: center;\"><span class=\"texto14\"><a href=\"tel:022265200\">Telf. Convencional: (02) 22 65 200<\/a> <\/span><\/p><p style=\"text-align: center;\"><a style=\"font-size: 16px;\" href=\"tel:0983428093\">Celular: 098 342 8093<\/a><span style=\"font-size: 16px;\">\u00a0<\/span><\/p><p style=\"text-align: center;\"><span class=\"texto14\"><a href=\"tel:0979812913\">Celular: 097 981 2913\u00a0 <\/a><\/span><\/p><p style=\"text-align: center;\"><span class=\"texto14\"><a href=\"tel:0963021330\">Celular: 096 302 1330 <\/a><br \/><\/span><\/p><p style=\"text-align: center;\">\u00a0<\/p>\t\t\t\t\t\t\t\t<\/div>\n\t\t\t\t<\/div>\n\t\t\t\t<div class=\"elementor-element elementor-element-dfd199a elementor-widget elementor-widget-google_maps\" data-id=\"dfd199a\" data-element_type=\"widget\" data-e-type=\"widget\" data-widget_type=\"google_maps.default\">\n\t\t\t\t<div class=\"elementor-widget-container\">\n\t\t\t\t\t\t\t<div class=\"elementor-custom-embed\">\n\t\t\t<iframe loading=\"lazy\"\n\t\t\t\t\tsrc=\"https:\/\/maps.google.com\/maps?q=Compuidea%20%26%20A.N.D.%20Publicidad&#038;t=m&#038;z=15&#038;output=embed&#038;iwloc=near\"\n\t\t\t\t\ttitle=\"Compuidea &amp; A.N.D. Publicidad\"\n\t\t\t\t\taria-label=\"Compuidea &amp; A.N.D. Publicidad\"\n\t\t\t><\/iframe>\n\t\t<\/div>\n\t\t\t\t\t\t<\/div>\n\t\t\t\t<\/div>\n\t\t\t\t\t<\/div>\n\t\t<\/div>\n\t\t\t\t\t<\/div>\n\t\t<\/section>\n\t\t\t\t\t<\/div>\n\t\t<\/div>\n\t\t\t\t\t<\/div>\n\t\t<\/section>\n\t\t\t\t<\/div>\n\t\t","protected":false},"excerpt":{"rendered":"<p>Servicio de Alquiler de Roll Up para Presentaciones \/ Eventos \u00bfQuieres que tu presentaci\u00f3n o evento tenga m\u00e1s presencia? Coloca la informaci\u00f3n relevante en una lona y acomp\u00e1\u00f1ala de una estructura Roll Up que le dar\u00e1 ese plus que buscas para mejorar una nota, o para presentaciones eventuales de proyectos. Por 20 usd te incluimos [&hellip;]<\/p>\n","protected":false},"author":1,"featured_media":0,"parent":0,"menu_order":0,"comment_status":"closed","ping_status":"closed","template":"full-width-page.php","meta":{"_joinchat":[],"footnotes":""},"yst_prominent_words":[],"class_list":["post-605","page","type-page","status-publish","hentry"],"_links":{"self":[{"href":"https:\/\/andpublicidad.com\/andwordpress\/wp-json\/wp\/v2\/pages\/605","targetHints":{"allow":["GET"]}}],"collection":[{"href":"https:\/\/andpublicidad.com\/andwordpress\/wp-json\/wp\/v2\/pages"}],"about":[{"href":"https:\/\/andpublicidad.com\/andwordpress\/wp-json\/wp\/v2\/types\/page"}],"author":[{"embeddable":true,"href":"https:\/\/andpublicidad.com\/andwordpress\/wp-json\/wp\/v2\/users\/1"}],"replies":[{"embeddable":true,"href":"https:\/\/andpublicidad.com\/andwordpress\/wp-json\/wp\/v2\/comments?post=605"}],"version-history":[{"count":19,"href":"https:\/\/andpublicidad.com\/andwordpress\/wp-json\/wp\/v2\/pages\/605\/revisions"}],"predecessor-version":[{"id":3170,"href":"https:\/\/andpublicidad.com\/andwordpress\/wp-json\/wp\/v2\/pages\/605\/revisions\/3170"}],"wp:attachment":[{"href":"https:\/\/andpublicidad.com\/andwordpress\/wp-json\/wp\/v2\/media?parent=605"}],"wp:term":[{"taxonomy":"yst_prominent_words","embeddable":true,"href":"https:\/\/andpublicidad.com\/andwordpress\/wp-json\/wp\/v2\/yst_prominent_words?post=605"}],"curies":[{"name":"wp","href":"https:\/\/api.w.org\/{rel}","templated":true}]}}