{"id":553,"date":"2016-02-29T23:33:04","date_gmt":"2016-02-29T23:33:04","guid":{"rendered":"https:\/\/andpublicidad.com\/andwordpress\/?page_id=553"},"modified":"2016-02-29T23:33:04","modified_gmt":"2016-02-29T23:33:04","slug":"quienes-somos","status":"publish","type":"page","link":"https:\/\/andpublicidad.com\/andwordpress\/quienes-somos\/","title":{"rendered":"\u00bfQuienes Somos?"},"content":{"rendered":"<p>Somos una empresa publicitaria que cuenta con profesionales en el \u00e1rea de dise\u00f1o y desarrollo inform\u00e1tico, los cuales ponen a su disposici\u00f3n, su formaci\u00f3n, creatividad y profesionalismo en el desarrollo de sus proyectos publicitarios, Hemos tenido el agrado de contar entre nuestros clientes, a instituciones del estado, entre las cuales podemos mencionar IESS, IECE, INEN, SENAE, CNE, Municipio de Guayaquil, etc. Adem\u00e1s de entidades privadas de prestigio, como tambi\u00e9n movimientos pol\u00edticos protagonistas de la actualidad nacional. El servicio a estas instituciones p\u00fablicas y privadas nos ha merecido de varias recomendaciones, ya que la calidad, el compromiso, y el profesionalismo invertido en cada trabajo, han sido nuestra mejor carta de presentaci\u00f3n. Entre nuestros principales productos y servicios podemos citar impresi\u00f3n en material de gran formato (Gigantograf\u00edas), material POP (Elementos promocionales tazas, jarros bolsos, botones esferos, etc.) pasando por el desarrollo de imagen corporativa, portales web, carritos de compra, etc. Y adem\u00e1s asesoramiento y manejo de campa\u00f1as publicitarias digitales con las principales marcas, Google, Yahoo, Microsoft, Facebook, todos con el fin de establecer un espacio propio en el mercado para su marca o producto.<br \/>\nCon todos estos antecedentes, no est\u00e1 por dem\u00e1s decir, que cuando trabaja con nuestra empresa, tiene a su disposici\u00f3n profesionales comprometidos con el \u00e9xito de su trabajo, y que tendr\u00e1n toda la predisposici\u00f3n para asesorarlo de una manera adecuada en cada paso de su proyecto, optimizando todos sus recursos para conseguir los mejores resultados posibles.<\/p>\n","protected":false},"excerpt":{"rendered":"<p>Somos una empresa publicitaria que cuenta con profesionales en el \u00e1rea de dise\u00f1o y desarrollo inform\u00e1tico, los cuales ponen a su disposici\u00f3n, su formaci\u00f3n, creatividad y profesionalismo en el desarrollo de sus proyectos publicitarios, Hemos tenido el agrado de contar entre nuestros clientes, a instituciones del estado, entre las cuales podemos mencionar IESS, IECE, INEN, [&hellip;]<\/p>\n","protected":false},"author":2,"featured_media":0,"parent":0,"menu_order":0,"comment_status":"closed","ping_status":"closed","template":"","meta":{"_joinchat":[],"footnotes":""},"yst_prominent_words":[],"class_list":["post-553","page","type-page","status-publish","hentry"],"_links":{"self":[{"href":"https:\/\/andpublicidad.com\/andwordpress\/wp-json\/wp\/v2\/pages\/553","targetHints":{"allow":["GET"]}}],"collection":[{"href":"https:\/\/andpublicidad.com\/andwordpress\/wp-json\/wp\/v2\/pages"}],"about":[{"href":"https:\/\/andpublicidad.com\/andwordpress\/wp-json\/wp\/v2\/types\/page"}],"author":[{"embeddable":true,"href":"https:\/\/andpublicidad.com\/andwordpress\/wp-json\/wp\/v2\/users\/2"}],"replies":[{"embeddable":true,"href":"https:\/\/andpublicidad.com\/andwordpress\/wp-json\/wp\/v2\/comments?post=553"}],"version-history":[{"count":1,"href":"https:\/\/andpublicidad.com\/andwordpress\/wp-json\/wp\/v2\/pages\/553\/revisions"}],"predecessor-version":[{"id":554,"href":"https:\/\/andpublicidad.com\/andwordpress\/wp-json\/wp\/v2\/pages\/553\/revisions\/554"}],"wp:attachment":[{"href":"https:\/\/andpublicidad.com\/andwordpress\/wp-json\/wp\/v2\/media?parent=553"}],"wp:term":[{"taxonomy":"yst_prominent_words","embeddable":true,"href":"https:\/\/andpublicidad.com\/andwordpress\/wp-json\/wp\/v2\/yst_prominent_words?post=553"}],"curies":[{"name":"wp","href":"https:\/\/api.w.org\/{rel}","templated":true}]}}