{"id":49,"date":"2020-03-01T17:53:00","date_gmt":"2020-03-01T17:53:00","guid":{"rendered":"https:\/\/andpublicidad.com\/wordpressand\/?page_id=49"},"modified":"2022-12-12T06:43:12","modified_gmt":"2022-12-12T06:43:12","slug":"productospromocionales","status":"publish","type":"page","link":"https:\/\/andpublicidad.com\/andwordpress\/productospromocionales\/","title":{"rendered":"Material Publicitario Productos P.O.P."},"content":{"rendered":"\t\t<div data-elementor-type=\"wp-page\" data-elementor-id=\"49\" class=\"elementor elementor-49\">\n\t\t\t\t\t\t<section class=\"elementor-section elementor-top-section elementor-element elementor-element-696b8c68 elementor-section-boxed elementor-section-height-default elementor-section-height-default\" data-id=\"696b8c68\" data-element_type=\"section\" data-e-type=\"section\">\n\t\t\t\t\t\t<div class=\"elementor-container elementor-column-gap-default\">\n\t\t\t\t\t<div class=\"elementor-column elementor-col-100 elementor-top-column elementor-element elementor-element-38bb1fad\" data-id=\"38bb1fad\" data-element_type=\"column\" data-e-type=\"column\">\n\t\t\t<div class=\"elementor-widget-wrap elementor-element-populated\">\n\t\t\t\t\t\t<div class=\"elementor-element elementor-element-c397322 elementor-widget elementor-widget-heading\" data-id=\"c397322\" data-element_type=\"widget\" data-e-type=\"widget\" data-widget_type=\"heading.default\">\n\t\t\t\t<div class=\"elementor-widget-container\">\n\t\t\t\t\t<h1 class=\"elementor-heading-title elementor-size-default\">Productos Promocionales Publicitarios<\/h1>\t\t\t\t<\/div>\n\t\t\t\t<\/div>\n\t\t\t\t<div class=\"elementor-element elementor-element-9101642 elementor-widget elementor-widget-text-editor\" data-id=\"9101642\" data-element_type=\"widget\" data-e-type=\"widget\" data-widget_type=\"text-editor.default\">\n\t\t\t\t<div class=\"elementor-widget-container\">\n\t\t\t\t\t\t\t\t\t<p>Lo que tu marca o evento necesita..<\/p>\t\t\t\t\t\t\t\t<\/div>\n\t\t\t\t<\/div>\n\t\t\t\t<section class=\"elementor-section elementor-inner-section elementor-element elementor-element-604b723 elementor-section-boxed elementor-section-height-default elementor-section-height-default\" data-id=\"604b723\" data-element_type=\"section\" data-e-type=\"section\">\n\t\t\t\t\t\t<div class=\"elementor-container elementor-column-gap-default\">\n\t\t\t\t\t<div class=\"elementor-column elementor-col-50 elementor-inner-column elementor-element elementor-element-17f05c9\" data-id=\"17f05c9\" data-element_type=\"column\" data-e-type=\"column\">\n\t\t\t<div class=\"elementor-widget-wrap elementor-element-populated\">\n\t\t\t\t\t\t<div class=\"elementor-element elementor-element-2a2d9fb elementor-position-top elementor-widget elementor-widget-image-box\" data-id=\"2a2d9fb\" data-element_type=\"widget\" data-e-type=\"widget\" data-widget_type=\"image-box.default\">\n\t\t\t\t<div class=\"elementor-widget-container\">\n\t\t\t\t\t<div class=\"elementor-image-box-wrapper\"><figure class=\"elementor-image-box-img\"><a href=\"https:\/\/andpublicidad.com\/andwordpress\/?p=88\" tabindex=\"-1\"><img fetchpriority=\"high\" decoding=\"async\" width=\"1500\" height=\"1500\" src=\"https:\/\/andpublicidad.com\/andwordpress\/wp-content\/uploads\/2018\/12\/jarro-sueltos3.jpg\" class=\"attachment-full size-full wp-image-944\" alt=\"Jarro Sublimado Dise\u00f1o Logo BIC\" srcset=\"https:\/\/andpublicidad.com\/andwordpress\/wp-content\/uploads\/2018\/12\/jarro-sueltos3.jpg 1500w, https:\/\/andpublicidad.com\/andwordpress\/wp-content\/uploads\/2018\/12\/jarro-sueltos3-150x150.jpg 150w, https:\/\/andpublicidad.com\/andwordpress\/wp-content\/uploads\/2018\/12\/jarro-sueltos3-300x300.jpg 300w, https:\/\/andpublicidad.com\/andwordpress\/wp-content\/uploads\/2018\/12\/jarro-sueltos3-768x768.jpg 768w, https:\/\/andpublicidad.com\/andwordpress\/wp-content\/uploads\/2018\/12\/jarro-sueltos3-1024x1024.jpg 1024w\" sizes=\"(max-width: 1500px) 100vw, 1500px\" \/><\/a><\/figure><div class=\"elementor-image-box-content\"><h3 class=\"elementor-image-box-title\"><a href=\"https:\/\/andpublicidad.com\/andwordpress\/?p=88\">Jarros Promocionales<\/a><\/h3><p class=\"elementor-image-box-description\">Jarros con t\u00fa marca a los mejores precios, combos econ\u00f3micos y de alta presencia<\/p><\/div><\/div>\t\t\t\t<\/div>\n\t\t\t\t<\/div>\n\t\t\t\t<div class=\"elementor-element elementor-element-df58708 elementor-position-top elementor-widget elementor-widget-image-box\" data-id=\"df58708\" data-element_type=\"widget\" data-e-type=\"widget\" data-widget_type=\"image-box.default\">\n\t\t\t\t<div class=\"elementor-widget-container\">\n\t\t\t\t\t<div class=\"elementor-image-box-wrapper\"><figure class=\"elementor-image-box-img\"><img decoding=\"async\" width=\"591\" height=\"417\" src=\"https:\/\/andpublicidad.com\/andwordpress\/wp-content\/uploads\/2015\/07\/BOTON-REDONDO-FONDO-AZUL.jpg\" class=\"attachment-full size-full wp-image-436\" alt=\"\" srcset=\"https:\/\/andpublicidad.com\/andwordpress\/wp-content\/uploads\/2015\/07\/BOTON-REDONDO-FONDO-AZUL.jpg 591w, https:\/\/andpublicidad.com\/andwordpress\/wp-content\/uploads\/2015\/07\/BOTON-REDONDO-FONDO-AZUL-300x212.jpg 300w, https:\/\/andpublicidad.com\/andwordpress\/wp-content\/uploads\/2015\/07\/BOTON-REDONDO-FONDO-AZUL-425x300.jpg 425w\" sizes=\"(max-width: 591px) 100vw, 591px\" \/><\/figure><div class=\"elementor-image-box-content\"><h3 class=\"elementor-image-box-title\">Botones Publicitarios<\/h3><p class=\"elementor-image-box-description\">Distintivos que destacan en donde los coloques<\/p><\/div><\/div>\t\t\t\t<\/div>\n\t\t\t\t<\/div>\n\t\t\t\t<div class=\"elementor-element elementor-element-071d30e elementor-position-top elementor-widget elementor-widget-image-box\" data-id=\"071d30e\" data-element_type=\"widget\" data-e-type=\"widget\" data-widget_type=\"image-box.default\">\n\t\t\t\t<div class=\"elementor-widget-container\">\n\t\t\t\t\t<div class=\"elementor-image-box-wrapper\"><figure class=\"elementor-image-box-img\"><a href=\"https:\/\/andpublicidad.com\/andwordpress\/imantados-magneticos-promocionales\/\" tabindex=\"-1\"><img decoding=\"async\" width=\"709\" height=\"709\" src=\"https:\/\/andpublicidad.com\/andwordpress\/wp-content\/uploads\/2016\/09\/Publicidad-Imantados-1.gif\" class=\"attachment-full size-full wp-image-686\" alt=\"\" \/><\/a><\/figure><div class=\"elementor-image-box-content\"><h3 class=\"elementor-image-box-title\"><a href=\"https:\/\/andpublicidad.com\/andwordpress\/imantados-magneticos-promocionales\/\">Imantados Publicitarios<\/a><\/h3><p class=\"elementor-image-box-description\">Siempre en la vida diaria de tus clientes<\/p><\/div><\/div>\t\t\t\t<\/div>\n\t\t\t\t<\/div>\n\t\t\t\t\t<\/div>\n\t\t<\/div>\n\t\t\t\t<div class=\"elementor-column elementor-col-50 elementor-inner-column elementor-element elementor-element-d837d61\" data-id=\"d837d61\" data-element_type=\"column\" data-e-type=\"column\">\n\t\t\t<div class=\"elementor-widget-wrap elementor-element-populated\">\n\t\t\t\t\t\t<div class=\"elementor-element elementor-element-672327d elementor-position-top elementor-widget elementor-widget-image-box\" data-id=\"672327d\" data-element_type=\"widget\" data-e-type=\"widget\" data-widget_type=\"image-box.default\">\n\t\t\t\t<div class=\"elementor-widget-container\">\n\t\t\t\t\t<div class=\"elementor-image-box-wrapper\"><figure class=\"elementor-image-box-img\"><a href=\"https:\/\/andpublicidad.com\/andwordpress\/?p=659\" tabindex=\"-1\"><img loading=\"lazy\" decoding=\"async\" width=\"591\" height=\"417\" src=\"https:\/\/andpublicidad.com\/andwordpress\/wp-content\/uploads\/2016\/08\/arte-termotomatodo-2.gif\" class=\"attachment-full size-full wp-image-665\" alt=\"\" \/><\/a><\/figure><div class=\"elementor-image-box-content\"><h3 class=\"elementor-image-box-title\"><a href=\"https:\/\/andpublicidad.com\/andwordpress\/?p=659\">Tomatodos Promocionales<\/a><\/h3><p class=\"elementor-image-box-description\">Tomatodos met\u00e1licos y de pl\u00e1stico con t\u00fa marca<\/p><\/div><\/div>\t\t\t\t<\/div>\n\t\t\t\t<\/div>\n\t\t\t\t<div class=\"elementor-element elementor-element-06e2b5e elementor-position-top elementor-widget elementor-widget-image-box\" data-id=\"06e2b5e\" data-element_type=\"widget\" data-e-type=\"widget\" data-widget_type=\"image-box.default\">\n\t\t\t\t<div class=\"elementor-widget-container\">\n\t\t\t\t\t<div class=\"elementor-image-box-wrapper\"><figure class=\"elementor-image-box-img\"><a href=\"https:\/\/andpublicidad.com\/andwordpress\/impresion-directa-y-duplicacion-de-cddvd\/\" tabindex=\"-1\"><img loading=\"lazy\" decoding=\"async\" width=\"1200\" height=\"1048\" src=\"https:\/\/andpublicidad.com\/andwordpress\/wp-content\/uploads\/2015\/07\/impresion-cd-dvd.jpg\" class=\"attachment-full size-full wp-image-262\" alt=\"\" srcset=\"https:\/\/andpublicidad.com\/andwordpress\/wp-content\/uploads\/2015\/07\/impresion-cd-dvd.jpg 1200w, https:\/\/andpublicidad.com\/andwordpress\/wp-content\/uploads\/2015\/07\/impresion-cd-dvd-300x262.jpg 300w, https:\/\/andpublicidad.com\/andwordpress\/wp-content\/uploads\/2015\/07\/impresion-cd-dvd-768x671.jpg 768w, https:\/\/andpublicidad.com\/andwordpress\/wp-content\/uploads\/2015\/07\/impresion-cd-dvd-1024x894.jpg 1024w, https:\/\/andpublicidad.com\/andwordpress\/wp-content\/uploads\/2015\/07\/impresion-cd-dvd-344x300.jpg 344w\" sizes=\"(max-width: 1200px) 100vw, 1200px\" \/><\/a><\/figure><div class=\"elementor-image-box-content\"><h3 class=\"elementor-image-box-title\"><a href=\"https:\/\/andpublicidad.com\/andwordpress\/impresion-directa-y-duplicacion-de-cddvd\/\">CD \/ DVD Impresi\u00f3n y Grabaci\u00f3n<\/a><\/h3><p class=\"elementor-image-box-description\">Es la manera cl\u00e1sica de distribuir tu cat\u00e1logo digital , o tu producci\u00f3n musical<\/p><\/div><\/div>\t\t\t\t<\/div>\n\t\t\t\t<\/div>\n\t\t\t\t<div class=\"elementor-element elementor-element-892f1c5 elementor-position-top elementor-widget elementor-widget-image-box\" data-id=\"892f1c5\" data-element_type=\"widget\" data-e-type=\"widget\" data-widget_type=\"image-box.default\">\n\t\t\t\t<div class=\"elementor-widget-container\">\n\t\t\t\t\t<div class=\"elementor-image-box-wrapper\"><figure class=\"elementor-image-box-img\"><a href=\"https:\/\/andpublicidad.com\/andwordpress\/pulseras-manillas-publicitarias\/\" tabindex=\"-1\"><img loading=\"lazy\" decoding=\"async\" width=\"512\" height=\"362\" src=\"https:\/\/andpublicidad.com\/andwordpress\/wp-content\/uploads\/2016\/08\/Publicidad-Pulsera-Horizontal-3-Recuperado.gif\" class=\"attachment-full size-full wp-image-663\" alt=\"\" \/><\/a><\/figure><div class=\"elementor-image-box-content\"><h3 class=\"elementor-image-box-title\"><a href=\"https:\/\/andpublicidad.com\/andwordpress\/pulseras-manillas-publicitarias\/\">Pulseras Publicitarias<\/a><\/h3><p class=\"elementor-image-box-description\">Pulseras para tu campa\u00f1a u evento diferenciate de tu competencia con un producto destacado<\/p><\/div><\/div>\t\t\t\t<\/div>\n\t\t\t\t<\/div>\n\t\t\t\t\t<\/div>\n\t\t<\/div>\n\t\t\t\t\t<\/div>\n\t\t<\/section>\n\t\t\t\t\t<\/div>\n\t\t<\/div>\n\t\t\t\t\t<\/div>\n\t\t<\/section>\n\t\t\t\t<\/div>\n\t\t","protected":false},"excerpt":{"rendered":"<p>Productos Promocionales Publicitarios Lo que tu marca o evento necesita.. Jarros Promocionales Jarros con t\u00fa marca a los mejores precios, combos econ\u00f3micos y de alta presencia Botones Publicitarios Distintivos que destacan en donde los coloques Imantados Publicitarios Siempre en la vida diaria de tus clientes Tomatodos Promocionales Tomatodos met\u00e1licos y de pl\u00e1stico con t\u00fa marca [&hellip;]<\/p>\n","protected":false},"author":1,"featured_media":0,"parent":0,"menu_order":5,"comment_status":"open","ping_status":"closed","template":"elementor_header_footer","meta":{"_joinchat":[],"footnotes":""},"yst_prominent_words":[65,35,13],"class_list":["post-49","page","type-page","status-publish","hentry"],"_links":{"self":[{"href":"https:\/\/andpublicidad.com\/andwordpress\/wp-json\/wp\/v2\/pages\/49","targetHints":{"allow":["GET"]}}],"collection":[{"href":"https:\/\/andpublicidad.com\/andwordpress\/wp-json\/wp\/v2\/pages"}],"about":[{"href":"https:\/\/andpublicidad.com\/andwordpress\/wp-json\/wp\/v2\/types\/page"}],"author":[{"embeddable":true,"href":"https:\/\/andpublicidad.com\/andwordpress\/wp-json\/wp\/v2\/users\/1"}],"replies":[{"embeddable":true,"href":"https:\/\/andpublicidad.com\/andwordpress\/wp-json\/wp\/v2\/comments?post=49"}],"version-history":[{"count":49,"href":"https:\/\/andpublicidad.com\/andwordpress\/wp-json\/wp\/v2\/pages\/49\/revisions"}],"predecessor-version":[{"id":2801,"href":"https:\/\/andpublicidad.com\/andwordpress\/wp-json\/wp\/v2\/pages\/49\/revisions\/2801"}],"wp:attachment":[{"href":"https:\/\/andpublicidad.com\/andwordpress\/wp-json\/wp\/v2\/media?parent=49"}],"wp:term":[{"taxonomy":"yst_prominent_words","embeddable":true,"href":"https:\/\/andpublicidad.com\/andwordpress\/wp-json\/wp\/v2\/yst_prominent_words?post=49"}],"curies":[{"name":"wp","href":"https:\/\/api.w.org\/{rel}","templated":true}]}}