{"id":478,"date":"2015-11-26T05:41:25","date_gmt":"2015-11-26T05:41:25","guid":{"rendered":"https:\/\/andpublicidad.com\/wordpressand\/?page_id=478"},"modified":"2024-04-09T06:24:05","modified_gmt":"2024-04-09T06:24:05","slug":"diseno-grafico-quito","status":"publish","type":"page","link":"https:\/\/andpublicidad.com\/andwordpress\/diseno-grafico-quito\/","title":{"rendered":"Servicio de Dise\u00f1o Gr\u00e1fico Profesional"},"content":{"rendered":"\t\t<div data-elementor-type=\"wp-page\" data-elementor-id=\"478\" class=\"elementor elementor-478\">\n\t\t\t\t\t\t<section class=\"elementor-section elementor-top-section elementor-element elementor-element-157df056 elementor-section-boxed elementor-section-height-default elementor-section-height-default\" data-id=\"157df056\" data-element_type=\"section\" data-e-type=\"section\">\n\t\t\t\t\t\t<div class=\"elementor-container elementor-column-gap-default\">\n\t\t\t\t\t<div class=\"elementor-column elementor-col-100 elementor-top-column elementor-element elementor-element-3c243790\" data-id=\"3c243790\" data-element_type=\"column\" data-e-type=\"column\">\n\t\t\t<div class=\"elementor-widget-wrap elementor-element-populated\">\n\t\t\t\t\t\t<div class=\"elementor-element elementor-element-af5c5ed elementor-widget elementor-widget-text-editor\" data-id=\"af5c5ed\" data-element_type=\"widget\" data-e-type=\"widget\" data-widget_type=\"text-editor.default\">\n\t\t\t\t<div class=\"elementor-widget-container\">\n\t\t\t\t\t\t\t\t\t<p>Necesitas una propuesta gr\u00e1fica para comunicarte con tus clientes, llegaste al lugar indicado<\/p>\t\t\t\t\t\t\t\t<\/div>\n\t\t\t\t<\/div>\n\t\t\t\t<section class=\"elementor-section elementor-inner-section elementor-element elementor-element-30eca7a elementor-section-boxed elementor-section-height-default elementor-section-height-default\" data-id=\"30eca7a\" data-element_type=\"section\" data-e-type=\"section\">\n\t\t\t\t\t\t<div class=\"elementor-container elementor-column-gap-default\">\n\t\t\t\t\t<div class=\"elementor-column elementor-col-50 elementor-inner-column elementor-element elementor-element-4eb3fe1\" data-id=\"4eb3fe1\" data-element_type=\"column\" data-e-type=\"column\">\n\t\t\t<div class=\"elementor-widget-wrap elementor-element-populated\">\n\t\t\t\t\t\t<div class=\"elementor-element elementor-element-957faab elementor-widget elementor-widget-heading\" data-id=\"957faab\" data-element_type=\"widget\" data-e-type=\"widget\" data-widget_type=\"heading.default\">\n\t\t\t\t<div class=\"elementor-widget-container\">\n\t\t\t\t\t<h2 class=\"elementor-heading-title elementor-size-default\">Un profesional del dise\u00f1o a tu disposici\u00f3n<\/h2>\t\t\t\t<\/div>\n\t\t\t\t<\/div>\n\t\t\t\t<div class=\"elementor-element elementor-element-cdbd035 elementor-widget elementor-widget-text-editor\" data-id=\"cdbd035\" data-element_type=\"widget\" data-e-type=\"widget\" data-widget_type=\"text-editor.default\">\n\t\t\t\t<div class=\"elementor-widget-container\">\n\t\t\t\t\t\t\t\t\t<p>Con nuestro servicio de dise\u00f1o gr\u00e1fico puedes tener a tu disposici\u00f3n un profesional para trabajar en conjunto y resolver\u00a0 tus necesidades.<\/p><p>Nuestros profesionales dominan las herramientas tecnol\u00f3gicas para el desarrollo de productos gr\u00e1ficos de excelente calidad.<\/p><p>Trabajamos via presencial o telem\u00e1tica en conjunto con nuestros clientes para garantizar excelentes resultados en el menor tiempo posible.<\/p>\t\t\t\t\t\t\t\t<\/div>\n\t\t\t\t<\/div>\n\t\t\t\t\t<\/div>\n\t\t<\/div>\n\t\t\t\t<div class=\"elementor-column elementor-col-50 elementor-inner-column elementor-element elementor-element-6f13c12\" data-id=\"6f13c12\" data-element_type=\"column\" data-e-type=\"column\">\n\t\t\t<div class=\"elementor-widget-wrap elementor-element-populated\">\n\t\t\t\t\t\t<div class=\"elementor-element elementor-element-9d958e1 elementor-widget elementor-widget-image\" data-id=\"9d958e1\" data-element_type=\"widget\" data-e-type=\"widget\" data-widget_type=\"image.default\">\n\t\t\t\t<div class=\"elementor-widget-container\">\n\t\t\t\t\t\t\t\t\t\t\t\t\t\t\t<img fetchpriority=\"high\" decoding=\"async\" width=\"550\" height=\"350\" src=\"https:\/\/andpublicidad.com\/andwordpress\/wp-content\/uploads\/2023\/03\/servicio-de-diseno.webp\" class=\"attachment-large size-large wp-image-3076\" alt=\"Servicio de Dise\u00f1o en Quito\" srcset=\"https:\/\/andpublicidad.com\/andwordpress\/wp-content\/uploads\/2023\/03\/servicio-de-diseno.webp 550w, https:\/\/andpublicidad.com\/andwordpress\/wp-content\/uploads\/2023\/03\/servicio-de-diseno-300x191.jpg 300w\" sizes=\"(max-width: 550px) 100vw, 550px\" \/>\t\t\t\t\t\t\t\t\t\t\t\t\t\t\t<\/div>\n\t\t\t\t<\/div>\n\t\t\t\t\t<\/div>\n\t\t<\/div>\n\t\t\t\t\t<\/div>\n\t\t<\/section>\n\t\t\t\t<section class=\"elementor-section elementor-inner-section elementor-element elementor-element-d3440da elementor-section-boxed elementor-section-height-default elementor-section-height-default\" data-id=\"d3440da\" data-element_type=\"section\" data-e-type=\"section\">\n\t\t\t\t\t\t<div class=\"elementor-container elementor-column-gap-default\">\n\t\t\t\t\t<div class=\"elementor-column elementor-col-50 elementor-inner-column elementor-element elementor-element-41144bc\" data-id=\"41144bc\" data-element_type=\"column\" data-e-type=\"column\">\n\t\t\t<div class=\"elementor-widget-wrap elementor-element-populated\">\n\t\t\t\t\t\t<div class=\"elementor-element elementor-element-979a45c elementor-widget elementor-widget-image\" data-id=\"979a45c\" data-element_type=\"widget\" data-e-type=\"widget\" data-widget_type=\"image.default\">\n\t\t\t\t<div class=\"elementor-widget-container\">\n\t\t\t\t\t\t\t\t\t\t\t\t\t\t\t<img decoding=\"async\" width=\"550\" height=\"350\" src=\"https:\/\/andpublicidad.com\/andwordpress\/wp-content\/uploads\/2023\/03\/servicio-de-diseno_2.jpg\" class=\"attachment-large size-large wp-image-3082\" alt=\"\" srcset=\"https:\/\/andpublicidad.com\/andwordpress\/wp-content\/uploads\/2023\/03\/servicio-de-diseno_2.jpg 550w, https:\/\/andpublicidad.com\/andwordpress\/wp-content\/uploads\/2023\/03\/servicio-de-diseno_2-300x191.jpg 300w\" sizes=\"(max-width: 550px) 100vw, 550px\" \/>\t\t\t\t\t\t\t\t\t\t\t\t\t\t\t<\/div>\n\t\t\t\t<\/div>\n\t\t\t\t\t<\/div>\n\t\t<\/div>\n\t\t\t\t<div class=\"elementor-column elementor-col-50 elementor-inner-column elementor-element elementor-element-1d26709\" data-id=\"1d26709\" data-element_type=\"column\" data-e-type=\"column\">\n\t\t\t<div class=\"elementor-widget-wrap elementor-element-populated\">\n\t\t\t\t\t\t<div class=\"elementor-element elementor-element-4b8b3e7 elementor-widget elementor-widget-heading\" data-id=\"4b8b3e7\" data-element_type=\"widget\" data-e-type=\"widget\" data-widget_type=\"heading.default\">\n\t\t\t\t<div class=\"elementor-widget-container\">\n\t\t\t\t\t<h2 class=\"elementor-heading-title elementor-size-default\">Tu empresa al siguiente nivel<\/h2>\t\t\t\t<\/div>\n\t\t\t\t<\/div>\n\t\t\t\t<div class=\"elementor-element elementor-element-51a8168 elementor-widget elementor-widget-text-editor\" data-id=\"51a8168\" data-element_type=\"widget\" data-e-type=\"widget\" data-widget_type=\"text-editor.default\">\n\t\t\t\t<div class=\"elementor-widget-container\">\n\t\t\t\t\t\t\t\t\t<p>Transmitimos la esencia y personalidad de tu marca a nuestras creaciones para que consigas el impacto que buscas en la comunicaci\u00f3n gr\u00e1fica de tu negocio.<\/p><p>Ya sea que necesites un nuevo logo, folletos publicitarios, banners, tarjetas de visita o cualquier otro tipo de dise\u00f1o gr\u00e1fico, estamos aqu\u00ed para ayudarte. Nos mantenemos actualizados con las \u00faltimas tendencias y tecnolog\u00edas en dise\u00f1o gr\u00e1fico para ofrecerte soluciones modernas y efectivas.<\/p>\t\t\t\t\t\t\t\t<\/div>\n\t\t\t\t<\/div>\n\t\t\t\t\t<\/div>\n\t\t<\/div>\n\t\t\t\t\t<\/div>\n\t\t<\/section>\n\t\t\t\t<section class=\"elementor-section elementor-inner-section elementor-element elementor-element-3cfaf5f elementor-section-boxed elementor-section-height-default elementor-section-height-default\" data-id=\"3cfaf5f\" data-element_type=\"section\" data-e-type=\"section\">\n\t\t\t\t\t\t<div class=\"elementor-container elementor-column-gap-default\">\n\t\t\t\t\t<div class=\"elementor-column elementor-col-50 elementor-inner-column elementor-element elementor-element-d4f36bf\" data-id=\"d4f36bf\" data-element_type=\"column\" data-e-type=\"column\">\n\t\t\t<div class=\"elementor-widget-wrap elementor-element-populated\">\n\t\t\t\t\t\t<div class=\"elementor-element elementor-element-20d1325 elementor-widget elementor-widget-heading\" data-id=\"20d1325\" data-element_type=\"widget\" data-e-type=\"widget\" data-widget_type=\"heading.default\">\n\t\t\t\t<div class=\"elementor-widget-container\">\n\t\t\t\t\t<h2 class=\"elementor-heading-title elementor-size-default\">Nuestros Servicios<\/h2>\t\t\t\t<\/div>\n\t\t\t\t<\/div>\n\t\t\t\t<div class=\"elementor-element elementor-element-72bb9c8 elementor-widget elementor-widget-text-editor\" data-id=\"72bb9c8\" data-element_type=\"widget\" data-e-type=\"widget\" data-widget_type=\"text-editor.default\">\n\t\t\t\t<div class=\"elementor-widget-container\">\n\t\t\t\t\t\t\t\t\t<ul><li>Dise\u00f1o Sencillo .-\u00a0 Este servicio esta dise\u00f1ado para las personas que necesitan\u00a0 un profesional en dise\u00f1o que plasme sus ideas, y adem\u00e1s las complemente, en este tipo de servicio nuestro grupo creativo trabaja mano a mano con el usuario, este tipo de servicio se lo realiza previa cotizaci\u00f3n de tiempo de realizaci\u00f3n, tambi\u00e9n se lo puede realizar trabajando juntos via presencial o telem\u00e1tica<\/li><\/ul><p>Disponemos opciones desde 9.50 usd la hora de dise\u00f1o<\/p><ul><li>Dise\u00f1o Creativo .- En este servicio realizamos una valoraci\u00f3n de tu requerimiento tomando en cuenta tus\u00a0 necesidades as\u00ed como tu presupuesto para elaborar una propuesta creativa desde cero, presentando ideas y opciones.<\/li><\/ul>\t\t\t\t\t\t\t\t<\/div>\n\t\t\t\t<\/div>\n\t\t\t\t\t<\/div>\n\t\t<\/div>\n\t\t\t\t<div class=\"elementor-column elementor-col-50 elementor-inner-column elementor-element elementor-element-d37ff2e\" data-id=\"d37ff2e\" data-element_type=\"column\" data-e-type=\"column\">\n\t\t\t<div class=\"elementor-widget-wrap elementor-element-populated\">\n\t\t\t\t\t\t<div class=\"elementor-element elementor-element-ff9558c elementor-widget elementor-widget-image\" data-id=\"ff9558c\" data-element_type=\"widget\" data-e-type=\"widget\" data-widget_type=\"image.default\">\n\t\t\t\t<div class=\"elementor-widget-container\">\n\t\t\t\t\t\t\t\t\t\t\t\t\t\t\t<img decoding=\"async\" width=\"550\" height=\"350\" src=\"https:\/\/andpublicidad.com\/andwordpress\/wp-content\/uploads\/2023\/03\/servicio-de-diseno_3.jpg\" class=\"attachment-large size-large wp-image-3078\" alt=\"Dise\u00f1o Creativo\" srcset=\"https:\/\/andpublicidad.com\/andwordpress\/wp-content\/uploads\/2023\/03\/servicio-de-diseno_3.jpg 550w, https:\/\/andpublicidad.com\/andwordpress\/wp-content\/uploads\/2023\/03\/servicio-de-diseno_3-300x191.jpg 300w\" sizes=\"(max-width: 550px) 100vw, 550px\" \/>\t\t\t\t\t\t\t\t\t\t\t\t\t\t\t<\/div>\n\t\t\t\t<\/div>\n\t\t\t\t\t<\/div>\n\t\t<\/div>\n\t\t\t\t\t<\/div>\n\t\t<\/section>\n\t\t\t\t<div class=\"elementor-element elementor-element-870f676 elementor-widget elementor-widget-image\" data-id=\"870f676\" data-element_type=\"widget\" data-e-type=\"widget\" data-widget_type=\"image.default\">\n\t\t\t\t<div class=\"elementor-widget-container\">\n\t\t\t\t\t\t\t\t\t\t\t\t\t\t\t<img loading=\"lazy\" decoding=\"async\" width=\"1100\" height=\"250\" src=\"https:\/\/andpublicidad.com\/andwordpress\/wp-content\/uploads\/2023\/03\/banner.jpg\" class=\"attachment-full size-full wp-image-3086\" alt=\"\" srcset=\"https:\/\/andpublicidad.com\/andwordpress\/wp-content\/uploads\/2023\/03\/banner.jpg 1100w, https:\/\/andpublicidad.com\/andwordpress\/wp-content\/uploads\/2023\/03\/banner-300x68.jpg 300w, https:\/\/andpublicidad.com\/andwordpress\/wp-content\/uploads\/2023\/03\/banner-1024x233.jpg 1024w, https:\/\/andpublicidad.com\/andwordpress\/wp-content\/uploads\/2023\/03\/banner-768x175.jpg 768w\" sizes=\"(max-width: 1100px) 100vw, 1100px\" \/>\t\t\t\t\t\t\t\t\t\t\t\t\t\t\t<\/div>\n\t\t\t\t<\/div>\n\t\t\t\t<section class=\"elementor-section elementor-inner-section elementor-element elementor-element-88d60ac elementor-section-boxed elementor-section-height-default elementor-section-height-default\" data-id=\"88d60ac\" data-element_type=\"section\" data-e-type=\"section\">\n\t\t\t\t\t\t<div class=\"elementor-container elementor-column-gap-default\">\n\t\t\t\t\t<div class=\"elementor-column elementor-col-50 elementor-inner-column elementor-element elementor-element-6ca888c\" data-id=\"6ca888c\" data-element_type=\"column\" data-e-type=\"column\">\n\t\t\t<div class=\"elementor-widget-wrap elementor-element-populated\">\n\t\t\t\t\t\t<div class=\"elementor-element elementor-element-5c73766 elementor-widget elementor-widget-text-editor\" data-id=\"5c73766\" data-element_type=\"widget\" data-e-type=\"widget\" data-widget_type=\"text-editor.default\">\n\t\t\t\t<div class=\"elementor-widget-container\">\n\t\t\t\t\t\t\t\t\t\n<div class=\"wpcf7 no-js\" id=\"wpcf7-f886-o1\" lang=\"es-ES\" dir=\"ltr\" data-wpcf7-id=\"886\">\n<div class=\"screen-reader-response\"><p role=\"status\" aria-live=\"polite\" aria-atomic=\"true\"><\/p> <ul><\/ul><\/div>\n<form action=\"\/andwordpress\/wp-json\/wp\/v2\/pages\/478#wpcf7-f886-o1\" method=\"post\" class=\"wpcf7-form init\" aria-label=\"Formulario de contacto\" novalidate=\"novalidate\" data-status=\"init\">\n<fieldset class=\"hidden-fields-container\"><input type=\"hidden\" name=\"_wpcf7\" value=\"886\" \/><input type=\"hidden\" name=\"_wpcf7_version\" value=\"6.1.5\" \/><input type=\"hidden\" name=\"_wpcf7_locale\" value=\"es_ES\" \/><input type=\"hidden\" name=\"_wpcf7_unit_tag\" value=\"wpcf7-f886-o1\" \/><input type=\"hidden\" name=\"_wpcf7_container_post\" value=\"0\" \/><input type=\"hidden\" name=\"_wpcf7_posted_data_hash\" value=\"\" \/><input type=\"hidden\" name=\"_wpcf7_recaptcha_response\" value=\"\" \/>\n<\/fieldset>\n<p><label> Tu nombre (requerido)<br \/>\n<span class=\"wpcf7-form-control-wrap\" data-name=\"your-name\"><input size=\"40\" maxlength=\"400\" class=\"wpcf7-form-control wpcf7-text wpcf7-validates-as-required\" aria-required=\"true\" aria-invalid=\"false\" value=\"\" type=\"text\" name=\"your-name\" \/><\/span> <\/label>\n<\/p>\n<p><label> Tu correo electr\u00f3nico (requerido)<br \/>\n<span class=\"wpcf7-form-control-wrap\" data-name=\"your-email\"><input size=\"40\" maxlength=\"400\" class=\"wpcf7-form-control wpcf7-email wpcf7-validates-as-required wpcf7-text wpcf7-validates-as-email\" aria-required=\"true\" aria-invalid=\"false\" value=\"\" type=\"email\" name=\"your-email\" \/><\/span> <\/label>\n<\/p>\n<p><label> Su n\u00famero de Tel\u00e9fono (requerido)<br \/>\n<span class=\"wpcf7-form-control-wrap\" data-name=\"tel-cel\"><input size=\"40\" maxlength=\"400\" class=\"wpcf7-form-control wpcf7-tel wpcf7-text wpcf7-validates-as-tel\" id=\"telefoncel\" aria-invalid=\"false\" value=\"\" type=\"tel\" name=\"tel-cel\" \/><\/span><br \/>\n<\/label>\n<\/p>\n<p><label> Asunto<br \/>\n<span class=\"wpcf7-form-control-wrap\" data-name=\"your-subject\"><input size=\"40\" maxlength=\"400\" class=\"wpcf7-form-control wpcf7-text\" aria-invalid=\"false\" value=\"\" type=\"text\" name=\"your-subject\" \/><\/span> <\/label>\n<\/p>\n<p><label> Tu mensaje<br \/>\n<span class=\"wpcf7-form-control-wrap\" data-name=\"your-message\"><textarea cols=\"40\" rows=\"10\" maxlength=\"2000\" class=\"wpcf7-form-control wpcf7-textarea\" aria-invalid=\"false\" name=\"your-message\"><\/textarea><\/span> <\/label><br \/>\n<span class=\"wpcf7-form-control-wrap recaptcha\" data-name=\"recaptcha\"><span data-sitekey=\"6Ld5_OcdAAAAAF-OCdQsCsAFrd4asI10mCCCwKbV\" data-align=\"center\" class=\"wpcf7-form-control wpcf7-recaptcha g-recaptcha\"><\/span>\r\n<noscript>\r\n\t<div class=\"grecaptcha-noscript\">\r\n\t\t<iframe src=\"https:\/\/www.google.com\/recaptcha\/api\/fallback?k=6Ld5_OcdAAAAAF-OCdQsCsAFrd4asI10mCCCwKbV\" frameborder=\"0\" scrolling=\"no\" width=\"310\" height=\"430\">\r\n\t\t<\/iframe>\r\n\t\t<textarea name=\"g-recaptcha-response\" rows=\"3\" cols=\"40\" placeholder=\"Aqu\u00ed la respuesta de reCAPTCHA\">\r\n\t\t<\/textarea>\r\n\t<\/div>\r\n<\/noscript>\r\n<\/span><br \/>\n<input class=\"wpcf7-form-control wpcf7-submit has-spinner\" type=\"submit\" value=\"Cotiza Ahora\" \/>\n<\/p><div class=\"wpcf7-response-output\" aria-hidden=\"true\"><\/div>\n<\/form>\n<\/div>\n\t\t\t\t\t\t\t\t<\/div>\n\t\t\t\t<\/div>\n\t\t\t\t\t<\/div>\n\t\t<\/div>\n\t\t\t\t<div class=\"elementor-column elementor-col-50 elementor-inner-column elementor-element elementor-element-22269dd\" data-id=\"22269dd\" data-element_type=\"column\" data-e-type=\"column\">\n\t\t\t<div class=\"elementor-widget-wrap elementor-element-populated\">\n\t\t\t\t\t\t<div class=\"elementor-element elementor-element-28b2fbe elementor-widget elementor-widget-image\" data-id=\"28b2fbe\" data-element_type=\"widget\" data-e-type=\"widget\" data-widget_type=\"image.default\">\n\t\t\t\t<div class=\"elementor-widget-container\">\n\t\t\t\t\t\t\t\t\t\t\t\t\t\t\t<img loading=\"lazy\" decoding=\"async\" width=\"150\" height=\"150\" src=\"https:\/\/andpublicidad.com\/andwordpress\/wp-content\/uploads\/2018\/09\/live-support-girl-150x150.png\" class=\"attachment-thumbnail size-thumbnail wp-image-920\" alt=\"ll\u00e1manos\" \/>\t\t\t\t\t\t\t\t\t\t\t\t\t\t\t<\/div>\n\t\t\t\t<\/div>\n\t\t\t\t<div class=\"elementor-element elementor-element-2dd635e elementor-align-center elementor-widget elementor-widget-button\" data-id=\"2dd635e\" data-element_type=\"widget\" data-e-type=\"widget\" data-widget_type=\"button.default\">\n\t\t\t\t<div class=\"elementor-widget-container\">\n\t\t\t\t\t\t\t\t\t<div class=\"elementor-button-wrapper\">\n\t\t\t\t\t<a class=\"elementor-button elementor-button-link elementor-size-sm\" href=\"http:\/\/m.me\/AndPublicidad\">\n\t\t\t\t\t\t<span class=\"elementor-button-content-wrapper\">\n\t\t\t\t\t\t<span class=\"elementor-button-icon\">\n\t\t\t\t<i aria-hidden=\"true\" class=\"fas fa-address-book\"><\/i>\t\t\t<\/span>\n\t\t\t\t\t\t\t\t\t<span class=\"elementor-button-text\">Escr\u00edbenos por Facebook Mesenger <\/span>\n\t\t\t\t\t<\/span>\n\t\t\t\t\t<\/a>\n\t\t\t\t<\/div>\n\t\t\t\t\t\t\t\t<\/div>\n\t\t\t\t<\/div>\n\t\t\t\t<div class=\"elementor-element elementor-element-c393305 elementor-align-center elementor-widget elementor-widget-button\" data-id=\"c393305\" data-element_type=\"widget\" data-e-type=\"widget\" data-widget_type=\"button.default\">\n\t\t\t\t<div class=\"elementor-widget-container\">\n\t\t\t\t\t\t\t\t\t<div class=\"elementor-button-wrapper\">\n\t\t\t\t\t<a class=\"elementor-button elementor-button-link elementor-size-sm\" href=\"https:\/\/api.whatsapp.com\/send?phone=593979812913&#038;text=Saludos,%20deseo%20informaci%C3%B3n%20sobre%20su%20servicio%20de%20dise%C3%B1o%20gr%C3%A1fico%20\">\n\t\t\t\t\t\t<span class=\"elementor-button-content-wrapper\">\n\t\t\t\t\t\t<span class=\"elementor-button-icon\">\n\t\t\t\t<i aria-hidden=\"true\" class=\"far fa-comment\"><\/i>\t\t\t<\/span>\n\t\t\t\t\t\t\t\t\t<span class=\"elementor-button-text\">Escr\u00edbenos al Whatsapp 0979812913<\/span>\n\t\t\t\t\t<\/span>\n\t\t\t\t\t<\/a>\n\t\t\t\t<\/div>\n\t\t\t\t\t\t\t\t<\/div>\n\t\t\t\t<\/div>\n\t\t\t\t<div class=\"elementor-element elementor-element-c8ab596 elementor-align-center elementor-widget elementor-widget-button\" data-id=\"c8ab596\" data-element_type=\"widget\" data-e-type=\"widget\" data-widget_type=\"button.default\">\n\t\t\t\t<div class=\"elementor-widget-container\">\n\t\t\t\t\t\t\t\t\t<div class=\"elementor-button-wrapper\">\n\t\t\t\t\t<a class=\"elementor-button elementor-button-link elementor-size-sm\" href=\"https:\/\/api.whatsapp.com\/send?phone=5930983428093&#038;text=Saludos,%20deseo%20informaci%C3%B3n%20sobre%20su%20servicio%20de%20dise%C3%B1o%20gr%C3%A1fico%20\">\n\t\t\t\t\t\t<span class=\"elementor-button-content-wrapper\">\n\t\t\t\t\t\t<span class=\"elementor-button-icon\">\n\t\t\t\t<i aria-hidden=\"true\" class=\"far fa-comment\"><\/i>\t\t\t<\/span>\n\t\t\t\t\t\t\t\t\t<span class=\"elementor-button-text\">Contactanos al Whatsapp 0983428093<\/span>\n\t\t\t\t\t<\/span>\n\t\t\t\t\t<\/a>\n\t\t\t\t<\/div>\n\t\t\t\t\t\t\t\t<\/div>\n\t\t\t\t<\/div>\n\t\t\t\t<div class=\"elementor-element elementor-element-ef5ffd3 elementor-align-center elementor-widget elementor-widget-button\" data-id=\"ef5ffd3\" data-element_type=\"widget\" data-e-type=\"widget\" data-widget_type=\"button.default\">\n\t\t\t\t<div class=\"elementor-widget-container\">\n\t\t\t\t\t\t\t\t\t<div class=\"elementor-button-wrapper\">\n\t\t\t\t\t<a class=\"elementor-button elementor-button-link elementor-size-sm\" href=\"https:\/\/api.whatsapp.com\/send?phone=5930963021330&#038;text=Saludos,%20deseo%20informaci%C3%B3n%20sobre%20su%20servicio%20de%20dise%C3%B1o%20gr%C3%A1fico%20\">\n\t\t\t\t\t\t<span class=\"elementor-button-content-wrapper\">\n\t\t\t\t\t\t<span class=\"elementor-button-icon\">\n\t\t\t\t<i aria-hidden=\"true\" class=\"far fa-comment\"><\/i>\t\t\t<\/span>\n\t\t\t\t\t\t\t\t\t<span class=\"elementor-button-text\">Deseo informaci\u00f3n sobre el servicio de dise\u00f1o gr\u00e1fico <\/span>\n\t\t\t\t\t<\/span>\n\t\t\t\t\t<\/a>\n\t\t\t\t<\/div>\n\t\t\t\t\t\t\t\t<\/div>\n\t\t\t\t<\/div>\n\t\t\t\t<div class=\"elementor-element elementor-element-cb46c55 elementor-widget elementor-widget-text-editor\" data-id=\"cb46c55\" data-element_type=\"widget\" data-e-type=\"widget\" data-widget_type=\"text-editor.default\">\n\t\t\t\t<div class=\"elementor-widget-container\">\n\t\t\t\t\t\t\t\t\t<p style=\"text-align: center;\">Tambien puedes llamarnos<\/p><p style=\"text-align: center;\"><span class=\"texto14\"><a href=\"tel:022265200\">Telf. Convencional: (02) 22 65 200<\/a> <\/span><\/p><p style=\"text-align: center;\"><a style=\"font-size: 16px;\" href=\"tel:0983428093\">Celular: 098 342 8093<\/a><span style=\"font-size: 16px;\">\u00a0<\/span><\/p><p style=\"text-align: center;\"><span class=\"texto14\"><a href=\"tel:0979812913\">Celular: 097 981 2913\u00a0 <\/a><\/span><\/p><p style=\"text-align: center;\"><span class=\"texto14\"><a href=\"tel:0963021330\">Celular: 096 302 1330 <\/a><br \/><\/span><\/p><p style=\"text-align: center;\">\u00a0<\/p>\t\t\t\t\t\t\t\t<\/div>\n\t\t\t\t<\/div>\n\t\t\t\t\t<\/div>\n\t\t<\/div>\n\t\t\t\t\t<\/div>\n\t\t<\/section>\n\t\t\t\t\t<\/div>\n\t\t<\/div>\n\t\t\t\t\t<\/div>\n\t\t<\/section>\n\t\t\t\t<\/div>\n\t\t","protected":false},"excerpt":{"rendered":"<p>Necesitas una propuesta gr\u00e1fica para comunicarte con tus clientes, llegaste al lugar indicado Un profesional del dise\u00f1o a tu disposici\u00f3n Con nuestro servicio de dise\u00f1o gr\u00e1fico puedes tener a tu disposici\u00f3n un profesional para trabajar en conjunto y resolver\u00a0 tus necesidades. Nuestros profesionales dominan las herramientas tecnol\u00f3gicas para el desarrollo de productos gr\u00e1ficos de excelente [&hellip;]<\/p>\n","protected":false},"author":1,"featured_media":0,"parent":0,"menu_order":0,"comment_status":"closed","ping_status":"closed","template":"full-width-page.php","meta":{"_joinchat":[],"footnotes":""},"yst_prominent_words":[18],"class_list":["post-478","page","type-page","status-publish","hentry"],"_links":{"self":[{"href":"https:\/\/andpublicidad.com\/andwordpress\/wp-json\/wp\/v2\/pages\/478","targetHints":{"allow":["GET"]}}],"collection":[{"href":"https:\/\/andpublicidad.com\/andwordpress\/wp-json\/wp\/v2\/pages"}],"about":[{"href":"https:\/\/andpublicidad.com\/andwordpress\/wp-json\/wp\/v2\/types\/page"}],"author":[{"embeddable":true,"href":"https:\/\/andpublicidad.com\/andwordpress\/wp-json\/wp\/v2\/users\/1"}],"replies":[{"embeddable":true,"href":"https:\/\/andpublicidad.com\/andwordpress\/wp-json\/wp\/v2\/comments?post=478"}],"version-history":[{"count":32,"href":"https:\/\/andpublicidad.com\/andwordpress\/wp-json\/wp\/v2\/pages\/478\/revisions"}],"predecessor-version":[{"id":3523,"href":"https:\/\/andpublicidad.com\/andwordpress\/wp-json\/wp\/v2\/pages\/478\/revisions\/3523"}],"wp:attachment":[{"href":"https:\/\/andpublicidad.com\/andwordpress\/wp-json\/wp\/v2\/media?parent=478"}],"wp:term":[{"taxonomy":"yst_prominent_words","embeddable":true,"href":"https:\/\/andpublicidad.com\/andwordpress\/wp-json\/wp\/v2\/yst_prominent_words?post=478"}],"curies":[{"name":"wp","href":"https:\/\/api.w.org\/{rel}","templated":true}]}}