{"id":434,"date":"2015-08-12T05:25:53","date_gmt":"2015-08-12T05:25:53","guid":{"rendered":"https:\/\/andpublicidad.com\/wordpressand\/?page_id=434"},"modified":"2020-10-08T04:38:07","modified_gmt":"2020-10-08T04:38:07","slug":"contactanos-2","status":"publish","type":"page","link":"https:\/\/andpublicidad.com\/andwordpress\/contactanos-2\/","title":{"rendered":"Contactanos"},"content":{"rendered":"\t\t<div data-elementor-type=\"wp-page\" data-elementor-id=\"434\" class=\"elementor elementor-434\">\n\t\t\t\t\t\t<section class=\"elementor-section elementor-top-section elementor-element elementor-element-68708f8c elementor-section-boxed elementor-section-height-default elementor-section-height-default\" data-id=\"68708f8c\" data-element_type=\"section\" data-e-type=\"section\">\n\t\t\t\t\t\t<div class=\"elementor-container elementor-column-gap-default\">\n\t\t\t\t\t<div class=\"elementor-column elementor-col-100 elementor-top-column elementor-element elementor-element-411f9627\" data-id=\"411f9627\" data-element_type=\"column\" data-e-type=\"column\">\n\t\t\t<div class=\"elementor-widget-wrap elementor-element-populated\">\n\t\t\t\t\t\t<div class=\"elementor-element elementor-element-59cc395e elementor-widget elementor-widget-text-editor\" data-id=\"59cc395e\" data-element_type=\"widget\" data-e-type=\"widget\" data-widget_type=\"text-editor.default\">\n\t\t\t\t<div class=\"elementor-widget-container\">\n\t\t\t\t\t\t\t\t\t<p><a name=\"Contacto\"><\/a><a href=\"#Contacto\">Formulario Contacto<\/a> \/ <a href=\"#Shyris\">Direcci\u00f3n Shyris<\/a><\/p><p>Gracias por visitarnos, somos A.N.D. Publicidad una empresa que quiere convertirse en una herramienta valiosa para complementar t\u00fa trabajo, conoce nuestros productos y servicios, y estamos seguros que nos convertiremos en un socio estrat\u00e9gico dentro de tu trabajo.<\/p>\n<div class=\"wpcf7 no-js\" id=\"wpcf7-f556-o1\" lang=\"es-ES\" dir=\"ltr\" data-wpcf7-id=\"556\">\n<div class=\"screen-reader-response\"><p role=\"status\" aria-live=\"polite\" aria-atomic=\"true\"><\/p> <ul><\/ul><\/div>\n<form action=\"\/andwordpress\/wp-json\/wp\/v2\/pages\/434#wpcf7-f556-o1\" method=\"post\" class=\"wpcf7-form init\" aria-label=\"Formulario de contacto\" novalidate=\"novalidate\" data-status=\"init\">\n<fieldset class=\"hidden-fields-container\"><input type=\"hidden\" name=\"_wpcf7\" value=\"556\" \/><input type=\"hidden\" name=\"_wpcf7_version\" value=\"6.1.5\" \/><input type=\"hidden\" name=\"_wpcf7_locale\" value=\"es_ES\" \/><input type=\"hidden\" name=\"_wpcf7_unit_tag\" value=\"wpcf7-f556-o1\" \/><input type=\"hidden\" name=\"_wpcf7_container_post\" value=\"0\" \/><input type=\"hidden\" name=\"_wpcf7_posted_data_hash\" value=\"\" \/><input type=\"hidden\" name=\"_wpcf7_recaptcha_response\" value=\"\" \/>\n<\/fieldset>\n<p>Nombre (requerido): <span class=\"wpcf7-form-control-wrap\" data-name=\"your-name\"><input size=\"40\" maxlength=\"400\" class=\"wpcf7-form-control wpcf7-text wpcf7-validates-as-required\" aria-required=\"true\" aria-invalid=\"false\" value=\"\" type=\"text\" name=\"your-name\" \/><\/span>\n<\/p>\n<p>Correo electr\u00f3nico (requerido): <span class=\"wpcf7-form-control-wrap\" data-name=\"your-email\"><input size=\"40\" maxlength=\"400\" class=\"wpcf7-form-control wpcf7-email wpcf7-validates-as-required wpcf7-text wpcf7-validates-as-email\" aria-required=\"true\" aria-invalid=\"false\" value=\"\" type=\"email\" name=\"your-email\" \/><\/span>\n<\/p>\n<p>Tel\u00e9fono Convencional(requerido):\n<\/p>\n<p><span class=\"wpcf7-form-control-wrap\" data-name=\"TelfonoConvencional\"><input size=\"40\" maxlength=\"400\" class=\"wpcf7-form-control wpcf7-tel wpcf7-validates-as-required wpcf7-text wpcf7-validates-as-tel\" id=\"telefono\" aria-required=\"true\" aria-invalid=\"false\" value=\"\" type=\"tel\" name=\"TelfonoConvencional\" \/><\/span>\n<\/p>\n<p>Tel\u00e9fono Celular(requerido):\n<\/p>\n<p><span class=\"wpcf7-form-control-wrap\" data-name=\"NumCelular\"><input size=\"40\" maxlength=\"400\" class=\"wpcf7-form-control wpcf7-tel wpcf7-validates-as-required wpcf7-text wpcf7-validates-as-tel\" id=\"numcelular\" aria-required=\"true\" aria-invalid=\"false\" value=\"\" type=\"tel\" name=\"NumCelular\" \/><\/span>\n<\/p>\n<p>Asunto: <span class=\"wpcf7-form-control-wrap\" data-name=\"your-subject\"><input size=\"40\" maxlength=\"400\" class=\"wpcf7-form-control wpcf7-text\" aria-invalid=\"false\" value=\"\" type=\"text\" name=\"your-subject\" \/><\/span>\n<\/p>\n<p>Mensaje\n<\/p>\n<p><span class=\"wpcf7-form-control-wrap\" data-name=\"your-message\"><textarea cols=\"40\" rows=\"10\" maxlength=\"2000\" class=\"wpcf7-form-control wpcf7-textarea\" aria-invalid=\"false\" name=\"your-message\"><\/textarea><\/span>\n<\/p>\n<span class=\"wpcf7-form-control-wrap recaptcha\" data-name=\"recaptcha\"><span data-sitekey=\"6Ld5_OcdAAAAAF-OCdQsCsAFrd4asI10mCCCwKbV\" data-align=\"center\" class=\"wpcf7-form-control wpcf7-recaptcha g-recaptcha\"><\/span>\r\n<noscript>\r\n\t<div class=\"grecaptcha-noscript\">\r\n\t\t<iframe src=\"https:\/\/www.google.com\/recaptcha\/api\/fallback?k=6Ld5_OcdAAAAAF-OCdQsCsAFrd4asI10mCCCwKbV\" frameborder=\"0\" scrolling=\"no\" width=\"310\" height=\"430\">\r\n\t\t<\/iframe>\r\n\t\t<textarea name=\"g-recaptcha-response\" rows=\"3\" cols=\"40\" placeholder=\"Aqu\u00ed la respuesta de reCAPTCHA\">\r\n\t\t<\/textarea>\r\n\t<\/div>\r\n<\/noscript>\r\n<\/span>\n<p><input class=\"wpcf7-form-control wpcf7-submit has-spinner\" type=\"submit\" value=\"Click aqu\u00ed para enviar mensaje a A.N.D. Publicidad\" \/>\n<\/p>\n<p>Recuerde que tambien puede contactarnos al 2265200\n<\/p>\n<p>Quito-Ecuador\n<\/p><div class=\"wpcf7-response-output\" aria-hidden=\"true\"><\/div>\n<\/form>\n<\/div>\n<p>Estamos a tu disposici\u00f3n en la siguientes direccion<\/p><hr \/><p><span class=\"texto14\">El universo N10-71 y El Sol, Segundo Piso, Junto al Parqueadero de Ministerio del Deporte, Una cuadra al sur de la Avenida Gaspar de Villaroel Mail: ventas@andpublicidad.com \/ <\/span><\/p><p class=\"texto20rojo\"><span class=\"texto14\"><a href=\"tel:022265200\">Llamanos (02) 22 65 200<\/a> \/ <a href=\"tel:025123747\">Llamanos (02) 512 37 47<\/a> \/ <a href=\"tel:0983428093\">0983428093<\/a>\u00a0 \/ <a href=\"tel:0979812913\">0979812913 <\/a><\/span><\/p><p><iframe style=\"border: 0;\" src=\"https:\/\/www.google.com\/maps\/embed?pb=!1m18!1m12!1m3!1d1994.9002044181843!2d-78.47896673096477!3d-0.17168299997908767!2m3!1f0!2f0!3f0!3m2!1i1024!2i768!4f13.1!3m3!1m2!1s0x91d59a65ee92e421%3A0xf836ebb1b46a9154!2sCompuidea+%26+A.N.D.+Publicidad+2!5e0!3m2!1ses-419!2s!4v1506098326322\" width=\"800\" height=\"600\" frameborder=\"0\" allowfullscreen=\"allowfullscreen\"><\/iframe><br \/><a href=\"#Contacto\">Formulario Contacto<\/a>\u00a0 \/ <a href=\"#Shyris\">Local Shyris<\/a><\/p>\t\t\t\t\t\t\t\t<\/div>\n\t\t\t\t<\/div>\n\t\t\t\t\t<\/div>\n\t\t<\/div>\n\t\t\t\t\t<\/div>\n\t\t<\/section>\n\t\t\t\t<\/div>\n\t\t","protected":false},"excerpt":{"rendered":"<p>Formulario Contacto \/ Direcci\u00f3n Shyris Gracias por visitarnos, somos A.N.D. Publicidad una empresa que quiere convertirse en una herramienta valiosa para complementar t\u00fa trabajo, conoce nuestros productos y servicios, y estamos seguros que nos convertiremos en un socio estrat\u00e9gico dentro de tu trabajo. Estamos a tu disposici\u00f3n en la siguientes direccion El universo N10-71 y [&hellip;]<\/p>\n","protected":false},"author":1,"featured_media":0,"parent":0,"menu_order":20,"comment_status":"closed","ping_status":"open","template":"elementor_header_footer","meta":{"_joinchat":{"telephone":"+593983428093","message_text":"Hola escr\u00edbenos a nuestro Whatsapp","message_send":"Hola deseo informaci\u00f3n de","view":"yes"},"footnotes":""},"yst_prominent_words":[52,48,47,40,45,43,49,50,74],"class_list":["post-434","page","type-page","status-publish","hentry"],"_links":{"self":[{"href":"https:\/\/andpublicidad.com\/andwordpress\/wp-json\/wp\/v2\/pages\/434","targetHints":{"allow":["GET"]}}],"collection":[{"href":"https:\/\/andpublicidad.com\/andwordpress\/wp-json\/wp\/v2\/pages"}],"about":[{"href":"https:\/\/andpublicidad.com\/andwordpress\/wp-json\/wp\/v2\/types\/page"}],"author":[{"embeddable":true,"href":"https:\/\/andpublicidad.com\/andwordpress\/wp-json\/wp\/v2\/users\/1"}],"replies":[{"embeddable":true,"href":"https:\/\/andpublicidad.com\/andwordpress\/wp-json\/wp\/v2\/comments?post=434"}],"version-history":[{"count":24,"href":"https:\/\/andpublicidad.com\/andwordpress\/wp-json\/wp\/v2\/pages\/434\/revisions"}],"predecessor-version":[{"id":1408,"href":"https:\/\/andpublicidad.com\/andwordpress\/wp-json\/wp\/v2\/pages\/434\/revisions\/1408"}],"wp:attachment":[{"href":"https:\/\/andpublicidad.com\/andwordpress\/wp-json\/wp\/v2\/media?parent=434"}],"wp:term":[{"taxonomy":"yst_prominent_words","embeddable":true,"href":"https:\/\/andpublicidad.com\/andwordpress\/wp-json\/wp\/v2\/yst_prominent_words?post=434"}],"curies":[{"name":"wp","href":"https:\/\/api.w.org\/{rel}","templated":true}]}}