{"id":3772,"date":"2024-07-25T00:09:23","date_gmt":"2024-07-25T00:09:23","guid":{"rendered":"https:\/\/andpublicidad.com\/andwordpress\/?page_id=3772"},"modified":"2024-09-08T08:57:16","modified_gmt":"2024-09-08T08:57:16","slug":"publicidad-imprenta-volantes-tarjetas","status":"publish","type":"page","link":"https:\/\/andpublicidad.com\/andwordpress\/publicidad-imprenta-volantes-tarjetas\/","title":{"rendered":"Publicidad Imprenta Volantes Tarjetas"},"content":{"rendered":"\t\t<div data-elementor-type=\"wp-page\" data-elementor-id=\"3772\" class=\"elementor elementor-3772\">\n\t\t\t\t\t\t<section class=\"elementor-section elementor-top-section elementor-element elementor-element-d0e7bcb elementor-section-boxed elementor-section-height-default elementor-section-height-default\" data-id=\"d0e7bcb\" data-element_type=\"section\" data-e-type=\"section\">\n\t\t\t\t\t\t<div class=\"elementor-container elementor-column-gap-default\">\n\t\t\t\t\t<div class=\"elementor-column elementor-col-100 elementor-top-column elementor-element elementor-element-09aa1df\" data-id=\"09aa1df\" data-element_type=\"column\" data-e-type=\"column\">\n\t\t\t<div class=\"elementor-widget-wrap elementor-element-populated\">\n\t\t\t\t\t\t<div class=\"elementor-element elementor-element-cf78567 elementor-widget elementor-widget-heading\" data-id=\"cf78567\" data-element_type=\"widget\" data-e-type=\"widget\" data-widget_type=\"heading.default\">\n\t\t\t\t<div class=\"elementor-widget-container\">\n\t\t\t\t\t<h2 class=\"elementor-heading-title elementor-size-default\">La publicidad cl\u00e1sica que marca la diferencia<\/h2>\t\t\t\t<\/div>\n\t\t\t\t<\/div>\n\t\t\t\t<section class=\"elementor-section elementor-inner-section elementor-element elementor-element-da4b48c elementor-section-boxed elementor-section-height-default elementor-section-height-default\" data-id=\"da4b48c\" data-element_type=\"section\" data-e-type=\"section\">\n\t\t\t\t\t\t<div class=\"elementor-container elementor-column-gap-default\">\n\t\t\t\t\t<div class=\"elementor-column elementor-col-50 elementor-inner-column elementor-element elementor-element-830f031\" data-id=\"830f031\" data-element_type=\"column\" data-e-type=\"column\">\n\t\t\t<div class=\"elementor-widget-wrap elementor-element-populated\">\n\t\t\t\t\t\t<div class=\"elementor-element elementor-element-547a1d7 elementor-widget elementor-widget-text-editor\" data-id=\"547a1d7\" data-element_type=\"widget\" data-e-type=\"widget\" data-widget_type=\"text-editor.default\">\n\t\t\t\t<div class=\"elementor-widget-container\">\n\t\t\t\t\t\t\t\t\t<p>En el mundo digital de hoy, la publicidad cl\u00e1sica sigue teniendo un valor incalculable. En A.N.D. Publicidad, entendemos la importancia de mantener una presencia f\u00edsica y tangible en el mercado. Por eso, ofrecemos servicios de impresi\u00f3n de alta calidad para tarjetas de presentaci\u00f3n y flyers que no solo capturan la esencia de tu marca, sino que tambi\u00e9n dejan una impresi\u00f3n duradera<\/p>\t\t\t\t\t\t\t\t<\/div>\n\t\t\t\t<\/div>\n\t\t\t\t<div class=\"elementor-element elementor-element-716deb0 elementor-align-center elementor-widget elementor-widget-button\" data-id=\"716deb0\" data-element_type=\"widget\" data-e-type=\"widget\" data-widget_type=\"button.default\">\n\t\t\t\t<div class=\"elementor-widget-container\">\n\t\t\t\t\t\t\t\t\t<div class=\"elementor-button-wrapper\">\n\t\t\t\t\t<a class=\"elementor-button elementor-button-link elementor-size-sm\" href=\"https:\/\/andpublicidad.com\/contactowhatsapp.php?numero=0963021330&#038;mensaje=Saludos,%20deseo%20enviar%20a%20realizar%20impresi%C3%B3n%20de%20flyers-tarjetas%20\" target=\"_blank\">\n\t\t\t\t\t\t<span class=\"elementor-button-content-wrapper\">\n\t\t\t\t\t\t<span class=\"elementor-button-icon\">\n\t\t\t\t<i aria-hidden=\"true\" class=\"fab fa-whatsapp-square\"><\/i>\t\t\t<\/span>\n\t\t\t\t\t\t\t\t\t<span class=\"elementor-button-text\">Envianos un mensaje por Whatsapp 0963021330<\/span>\n\t\t\t\t\t<\/span>\n\t\t\t\t\t<\/a>\n\t\t\t\t<\/div>\n\t\t\t\t\t\t\t\t<\/div>\n\t\t\t\t<\/div>\n\t\t\t\t\t<\/div>\n\t\t<\/div>\n\t\t\t\t<div class=\"elementor-column elementor-col-50 elementor-inner-column elementor-element elementor-element-362b427\" data-id=\"362b427\" data-element_type=\"column\" data-e-type=\"column\">\n\t\t\t<div class=\"elementor-widget-wrap elementor-element-populated\">\n\t\t\t\t\t\t<div class=\"elementor-element elementor-element-6b872ea elementor-widget elementor-widget-image\" data-id=\"6b872ea\" data-element_type=\"widget\" data-e-type=\"widget\" data-widget_type=\"image.default\">\n\t\t\t\t<div class=\"elementor-widget-container\">\n\t\t\t\t\t\t\t\t\t\t\t\t\t\t\t<img fetchpriority=\"high\" decoding=\"async\" width=\"500\" height=\"300\" src=\"https:\/\/andpublicidad.com\/andwordpress\/wp-content\/uploads\/2024\/07\/impresiontarjetasquito.jpg\" class=\"attachment-large size-large wp-image-3782\" alt=\"Impresi\u00f3n Quito\" srcset=\"https:\/\/andpublicidad.com\/andwordpress\/wp-content\/uploads\/2024\/07\/impresiontarjetasquito.jpg 500w, https:\/\/andpublicidad.com\/andwordpress\/wp-content\/uploads\/2024\/07\/impresiontarjetasquito-300x180.jpg 300w\" sizes=\"(max-width: 500px) 100vw, 500px\" \/>\t\t\t\t\t\t\t\t\t\t\t\t\t\t\t<\/div>\n\t\t\t\t<\/div>\n\t\t\t\t\t<\/div>\n\t\t<\/div>\n\t\t\t\t\t<\/div>\n\t\t<\/section>\n\t\t\t\t<section class=\"elementor-section elementor-inner-section elementor-element elementor-element-23adf8f elementor-section-boxed elementor-section-height-default elementor-section-height-default\" data-id=\"23adf8f\" data-element_type=\"section\" data-e-type=\"section\">\n\t\t\t\t\t\t<div class=\"elementor-container elementor-column-gap-default\">\n\t\t\t\t\t<div class=\"elementor-column elementor-col-50 elementor-inner-column elementor-element elementor-element-704abf4\" data-id=\"704abf4\" data-element_type=\"column\" data-e-type=\"column\">\n\t\t\t<div class=\"elementor-widget-wrap elementor-element-populated\">\n\t\t\t\t\t\t<div class=\"elementor-element elementor-element-67d5bd6 elementor-widget elementor-widget-image\" data-id=\"67d5bd6\" data-element_type=\"widget\" data-e-type=\"widget\" data-widget_type=\"image.default\">\n\t\t\t\t<div class=\"elementor-widget-container\">\n\t\t\t\t\t\t\t\t\t\t\t\t\t\t\t<img decoding=\"async\" width=\"600\" height=\"600\" src=\"https:\/\/andpublicidad.com\/andwordpress\/wp-content\/uploads\/2024\/07\/TarjetasPresentacion-Quito-Norte.jpg\" class=\"attachment-large size-large wp-image-3783\" alt=\"Tarjetas Presentaci\u00f3n\" srcset=\"https:\/\/andpublicidad.com\/andwordpress\/wp-content\/uploads\/2024\/07\/TarjetasPresentacion-Quito-Norte.jpg 600w, https:\/\/andpublicidad.com\/andwordpress\/wp-content\/uploads\/2024\/07\/TarjetasPresentacion-Quito-Norte-300x300.jpg 300w, https:\/\/andpublicidad.com\/andwordpress\/wp-content\/uploads\/2024\/07\/TarjetasPresentacion-Quito-Norte-150x150.jpg 150w\" sizes=\"(max-width: 600px) 100vw, 600px\" \/>\t\t\t\t\t\t\t\t\t\t\t\t\t\t\t<\/div>\n\t\t\t\t<\/div>\n\t\t\t\t\t<\/div>\n\t\t<\/div>\n\t\t\t\t<div class=\"elementor-column elementor-col-50 elementor-inner-column elementor-element elementor-element-38ac43a\" data-id=\"38ac43a\" data-element_type=\"column\" data-e-type=\"column\">\n\t\t\t<div class=\"elementor-widget-wrap elementor-element-populated\">\n\t\t\t\t\t\t<div class=\"elementor-element elementor-element-1ab0cae elementor-widget elementor-widget-text-editor\" data-id=\"1ab0cae\" data-element_type=\"widget\" data-e-type=\"widget\" data-widget_type=\"text-editor.default\">\n\t\t\t\t<div class=\"elementor-widget-container\">\n\t\t\t\t\t\t\t\t\t<h2>Tarjetas de Presentaci\u00f3n: La Primera Impresi\u00f3n Cuenta<\/h2><p>Las tarjetas de presentaci\u00f3n son m\u00e1s que un simple pedazo de papel; son una extensi\u00f3n de tu marca. Una tarjeta bien dise\u00f1ada puede transmitir profesionalismo, creatividad y confiabilidad en un solo vistazo.<\/p><ul><li><strong>Dise\u00f1o Personalizado<\/strong>: Nuestro equipo de dise\u00f1adores trabaja contigo para crear tarjetas de presentaci\u00f3n \u00fanicas que reflejen la identidad de tu negocio, el valor de las tarjetas no incluye el valor del dise\u00f1o.<\/li><li><strong>Materiales de Alta Calidad<\/strong>: Utilizamos los mejores materiales para asegurar que tus tarjetas sean duraderas y elegantes.<\/li><li><strong>Impresi\u00f3n de Precisi\u00f3n<\/strong>: Nuestras impresoras de \u00faltima generaci\u00f3n garantizan colores vibrantes y detalles n\u00edtidos, asegurando que cada tarjeta sea perfecta.<\/li><\/ul>\t\t\t\t\t\t\t\t<\/div>\n\t\t\t\t<\/div>\n\t\t\t\t<div class=\"elementor-element elementor-element-880bd5e elementor-align-center elementor-widget elementor-widget-button\" data-id=\"880bd5e\" data-element_type=\"widget\" data-e-type=\"widget\" data-widget_type=\"button.default\">\n\t\t\t\t<div class=\"elementor-widget-container\">\n\t\t\t\t\t\t\t\t\t<div class=\"elementor-button-wrapper\">\n\t\t\t\t\t<a class=\"elementor-button elementor-button-link elementor-size-sm\" href=\"https:\/\/andpublicidad.com\/contactowhatsapp.php?numero=0963021330&#038;mensaje=Saludos,%20deseo%20enviar%20a%20realizar%20impresi%C3%B3n%20de%20flyers-tarjetas%20\" target=\"_blank\">\n\t\t\t\t\t\t<span class=\"elementor-button-content-wrapper\">\n\t\t\t\t\t\t<span class=\"elementor-button-icon\">\n\t\t\t\t<i aria-hidden=\"true\" class=\"fab fa-whatsapp-square\"><\/i>\t\t\t<\/span>\n\t\t\t\t\t\t\t\t\t<span class=\"elementor-button-text\">Envianos un mensaje por Whatsapp 0963021330<\/span>\n\t\t\t\t\t<\/span>\n\t\t\t\t\t<\/a>\n\t\t\t\t<\/div>\n\t\t\t\t\t\t\t\t<\/div>\n\t\t\t\t<\/div>\n\t\t\t\t\t<\/div>\n\t\t<\/div>\n\t\t\t\t\t<\/div>\n\t\t<\/section>\n\t\t\t\t<div class=\"elementor-element elementor-element-b9d89fa elementor-widget elementor-widget-text-editor\" data-id=\"b9d89fa\" data-element_type=\"widget\" data-e-type=\"widget\" data-widget_type=\"text-editor.default\">\n\t\t\t\t<div class=\"elementor-widget-container\">\n\t\t\t\t\t\t\t\t\t<p>Lorem ipsum dolor sit amet, consectetur adipiscing elit. Ut elit tellus, luctus nec ullamcorper mattis, pulvinar dapibus leo.<\/p>\t\t\t\t\t\t\t\t<\/div>\n\t\t\t\t<\/div>\n\t\t\t\t<div class=\"elementor-element elementor-element-803b218 elementor-widget elementor-widget-text-editor\" data-id=\"803b218\" data-element_type=\"widget\" data-e-type=\"widget\" data-widget_type=\"text-editor.default\">\n\t\t\t\t<div class=\"elementor-widget-container\">\n\t\t\t\t\t\t\t\t\t<h3>Volantes &#8211; Flyers: Difunde tu Mensaje con Impacto<\/h3>\t\t\t\t\t\t\t\t<\/div>\n\t\t\t\t<\/div>\n\t\t\t\t<section class=\"elementor-section elementor-inner-section elementor-element elementor-element-1716cf7 elementor-section-boxed elementor-section-height-default elementor-section-height-default\" data-id=\"1716cf7\" data-element_type=\"section\" data-e-type=\"section\">\n\t\t\t\t\t\t<div class=\"elementor-container elementor-column-gap-default\">\n\t\t\t\t\t<div class=\"elementor-column elementor-col-50 elementor-inner-column elementor-element elementor-element-8a4279b\" data-id=\"8a4279b\" data-element_type=\"column\" data-e-type=\"column\">\n\t\t\t<div class=\"elementor-widget-wrap elementor-element-populated\">\n\t\t\t\t\t\t<div class=\"elementor-element elementor-element-0d8b2e6 elementor-widget elementor-widget-text-editor\" data-id=\"0d8b2e6\" data-element_type=\"widget\" data-e-type=\"widget\" data-widget_type=\"text-editor.default\">\n\t\t\t\t<div class=\"elementor-widget-container\">\n\t\t\t\t\t\t\t\t\t<p>Los flyers son una herramienta poderosa para promocionar eventos, productos o servicios. Con un dise\u00f1o atractivo y una distribuci\u00f3n estrat\u00e9gica, los flyers pueden alcanzar a un amplio p\u00fablico y generar inter\u00e9s inmediato.<\/p><p>Elije la opci\u00f3n de acuerdo que m\u00e1s te ayude disponemos de volantes en papel bond y papel couche<\/p><p>Tambi\u00e9n ofrecemos nuestro servicio de<\/p><p>Dise\u00f1o Gr\u00e1fico por 9 usd la hora<\/p><p>Via remota o en nuestra oficina<\/p>\t\t\t\t\t\t\t\t<\/div>\n\t\t\t\t<\/div>\n\t\t\t\t<div class=\"elementor-element elementor-element-bc7ed4e elementor-align-center elementor-widget elementor-widget-button\" data-id=\"bc7ed4e\" data-element_type=\"widget\" data-e-type=\"widget\" data-widget_type=\"button.default\">\n\t\t\t\t<div class=\"elementor-widget-container\">\n\t\t\t\t\t\t\t\t\t<div class=\"elementor-button-wrapper\">\n\t\t\t\t\t<a class=\"elementor-button elementor-button-link elementor-size-sm\" href=\"https:\/\/andpublicidad.com\/contactowhatsapp.php?numero=0963021330&#038;mensaje=Saludos,%20deseo%20enviar%20a%20realizar%20impresi%C3%B3n%20de%20flyers-tarjetas%20\" target=\"_blank\">\n\t\t\t\t\t\t<span class=\"elementor-button-content-wrapper\">\n\t\t\t\t\t\t<span class=\"elementor-button-icon\">\n\t\t\t\t<i aria-hidden=\"true\" class=\"fab fa-whatsapp-square\"><\/i>\t\t\t<\/span>\n\t\t\t\t\t\t\t\t\t<span class=\"elementor-button-text\">Envianos un mensaje por Whatsapp 0963021330<\/span>\n\t\t\t\t\t<\/span>\n\t\t\t\t\t<\/a>\n\t\t\t\t<\/div>\n\t\t\t\t\t\t\t\t<\/div>\n\t\t\t\t<\/div>\n\t\t\t\t\t<\/div>\n\t\t<\/div>\n\t\t\t\t<div class=\"elementor-column elementor-col-50 elementor-inner-column elementor-element elementor-element-fef8771\" data-id=\"fef8771\" data-element_type=\"column\" data-e-type=\"column\">\n\t\t\t<div class=\"elementor-widget-wrap elementor-element-populated\">\n\t\t\t\t\t\t<div class=\"elementor-element elementor-element-268bd61 elementor-widget elementor-widget-image\" data-id=\"268bd61\" data-element_type=\"widget\" data-e-type=\"widget\" data-widget_type=\"image.default\">\n\t\t\t\t<div class=\"elementor-widget-container\">\n\t\t\t\t\t\t\t\t\t\t\t\t\t\t\t<img decoding=\"async\" width=\"300\" height=\"300\" src=\"https:\/\/andpublicidad.com\/andwordpress\/wp-content\/uploads\/2024\/07\/flyersQuito-300x300.jpg\" class=\"attachment-medium size-medium wp-image-3787\" alt=\"Quito Norte Volantes\" srcset=\"https:\/\/andpublicidad.com\/andwordpress\/wp-content\/uploads\/2024\/07\/flyersQuito-300x300.jpg 300w, https:\/\/andpublicidad.com\/andwordpress\/wp-content\/uploads\/2024\/07\/flyersQuito-150x150.jpg 150w, https:\/\/andpublicidad.com\/andwordpress\/wp-content\/uploads\/2024\/07\/flyersQuito.jpg 600w\" sizes=\"(max-width: 300px) 100vw, 300px\" \/>\t\t\t\t\t\t\t\t\t\t\t\t\t\t\t<\/div>\n\t\t\t\t<\/div>\n\t\t\t\t\t<\/div>\n\t\t<\/div>\n\t\t\t\t\t<\/div>\n\t\t<\/section>\n\t\t\t\t<div class=\"elementor-element elementor-element-57a1438 elementor-widget elementor-widget-text-editor\" data-id=\"57a1438\" data-element_type=\"widget\" data-e-type=\"widget\" data-widget_type=\"text-editor.default\">\n\t\t\t\t<div class=\"elementor-widget-container\">\n\t\t\t\t\t\t\t\t\t<table>\n<tbody>\n<tr>\n<td width=\"85\">\n<p><strong>Cantidad<\/strong><\/p>\n<\/td>\n<td width=\"132\">\n<p><strong>Tama\u00f1o<\/strong><\/p>\n<\/td>\n<td width=\"123\">\n<p><strong>Presentaci\u00f3n<\/strong><\/p>\n<\/td>\n<td width=\"66\">\n<p><strong>Precio<\/strong><\/p>\n<\/td>\n<td width=\"160\">\n<p><strong>Material<\/strong><\/p>\n<\/td>\n<\/tr>\n<tr>\n<td width=\"85\">\n<p>100<\/p>\n<\/td>\n<td width=\"132\">\n<p>A5- (14 x 20,5 cm)<\/p>\n<\/td>\n<td width=\"123\">\n<p>Una sola cara<\/p>\n<\/td>\n<td width=\"66\">\n<p>$7<\/p>\n<\/td>\n<td width=\"160\">\n<p>Papel Bond 75 gramos<\/p>\n<\/td>\n<\/tr>\n<tr>\n<td width=\"85\">&nbsp;<\/td>\n<td width=\"132\">&nbsp;<\/td>\n<td width=\"123\">&nbsp;<\/td>\n<td width=\"66\">&nbsp;<\/td>\n<td width=\"160\">&nbsp;<\/td>\n<\/tr>\n<tr>\n<td width=\"85\">\n<p>100<\/p>\n<\/td>\n<td width=\"132\">\n<p>A4 (21 x 29,7 cm)<\/p>\n<\/td>\n<td width=\"123\">\n<p>Una sola cara<\/p>\n<\/td>\n<td width=\"66\">\n<p>$14<\/p>\n<\/td>\n<td width=\"160\">\n<p>Papel Bond 75 gramos<\/p>\n<\/td>\n<\/tr>\n<tr>\n<td width=\"85\">&nbsp;<\/td>\n<td width=\"132\">&nbsp;<\/td>\n<td width=\"123\">&nbsp;<\/td>\n<td width=\"66\">&nbsp;<\/td>\n<td width=\"160\">&nbsp;<\/td>\n<\/tr>\n<tr>\n<td colspan=\"4\" width=\"406\">\n<p>Estos valores no incluyen DISE\u00d1O ni IVA<\/p>\n<\/td>\n<td width=\"160\">&nbsp;<\/td>\n<\/tr>\n<tr>\n<td colspan=\"5\" width=\"566\">\n<p>Tiempo de elaboraci\u00f3n de 4 horas a 48 horas laborables luego de aprobado el arte y abonado el 50%.<\/p>\n<\/td>\n<\/tr>\n<\/tbody>\n<\/table>\t\t\t\t\t\t\t\t<\/div>\n\t\t\t\t<\/div>\n\t\t\t\t<div class=\"elementor-element elementor-element-1e66f50 elementor-align-center elementor-widget elementor-widget-button\" data-id=\"1e66f50\" data-element_type=\"widget\" data-e-type=\"widget\" data-widget_type=\"button.default\">\n\t\t\t\t<div class=\"elementor-widget-container\">\n\t\t\t\t\t\t\t\t\t<div class=\"elementor-button-wrapper\">\n\t\t\t\t\t<a class=\"elementor-button elementor-button-link elementor-size-sm\" href=\"https:\/\/andpublicidad.com\/contactowhatsapp.php?numero=0963021330&#038;mensaje=Saludos,%20deseo%20enviar%20a%20realizar%20impresi%C3%B3n%20de%20flyers-tarjetas%20\" target=\"_blank\">\n\t\t\t\t\t\t<span class=\"elementor-button-content-wrapper\">\n\t\t\t\t\t\t<span class=\"elementor-button-icon\">\n\t\t\t\t<i aria-hidden=\"true\" class=\"fab fa-whatsapp-square\"><\/i>\t\t\t<\/span>\n\t\t\t\t\t\t\t\t\t<span class=\"elementor-button-text\">Envianos un mensaje por Whatsapp 0963021330<\/span>\n\t\t\t\t\t<\/span>\n\t\t\t\t\t<\/a>\n\t\t\t\t<\/div>\n\t\t\t\t\t\t\t\t<\/div>\n\t\t\t\t<\/div>\n\t\t\t\t<div class=\"elementor-element elementor-element-03a6def elementor-widget elementor-widget-text-editor\" data-id=\"03a6def\" data-element_type=\"widget\" data-e-type=\"widget\" data-widget_type=\"text-editor.default\">\n\t\t\t\t<div class=\"elementor-widget-container\">\n\t\t\t\t\t\t\t\t\t<table><tbody><tr><td width=\"85\"><p><strong>Cantidad<\/strong><\/p><\/td><td width=\"157\"><p><strong>Tama\u00f1o<\/strong><\/p><\/td><td width=\"127\"><p><strong>Presentaci\u00f3n<\/strong><\/p><\/td><td width=\"66\"><p><strong>Precio<\/strong><\/p><\/td><td width=\"132\"><p><strong>Material<\/strong><\/p><\/td><\/tr><tr><td width=\"85\"><p>1000<\/p><\/td><td width=\"157\"><p>A6 (10,5 x 14,8 cm)<\/p><\/td><td width=\"127\"><p>Una sola cara<\/p><\/td><td width=\"66\"><p>$25<\/p><\/td><td width=\"132\"><p>Papel Couche 30gramos<\/p><\/td><\/tr><tr><td width=\"85\"><p>1000<\/p><\/td><td width=\"157\"><p>A6 (10,5 x 14,8 cm)<\/p><\/td><td width=\"127\"><p>Doble cara<\/p><\/td><td width=\"66\"><p>$28.5<\/p><\/td><td width=\"132\"><p>Papel Couche 30gramos<\/p><\/td><\/tr><tr><td width=\"85\">\u00a0<\/td><td width=\"157\">\u00a0<\/td><td width=\"127\">\u00a0<\/td><td width=\"66\">\u00a0<\/td><td width=\"132\">\u00a0<\/td><\/tr><tr><td width=\"85\"><p>1000<\/p><\/td><td width=\"157\"><p>A5 (14,8 x 21 cm)<\/p><\/td><td width=\"127\"><p>Una sola cara<\/p><\/td><td width=\"66\"><p>$35.99<\/p><\/td><td width=\"132\"><p>Papel Couche 30gramos<\/p><\/td><\/tr><tr><td width=\"85\"><p>1000<\/p><\/td><td width=\"157\"><p>A5 (14,8 x 21 cm)<\/p><\/td><td width=\"127\"><p>Doble cara<\/p><\/td><td width=\"66\"><p>$43.59<\/p><\/td><td width=\"132\"><p>Papel Couche 30gramos<\/p><\/td><\/tr><tr><td width=\"85\">\u00a0<\/td><td width=\"157\">\u00a0<\/td><td width=\"127\">\u00a0<\/td><td width=\"66\">\u00a0<\/td><td width=\"132\">\u00a0<\/td><\/tr><tr><td width=\"85\"><p>1000<\/p><\/td><td width=\"157\"><p>A4 (21 x 29,7 cm)<\/p><\/td><td width=\"127\"><p>Una sola cara<\/p><\/td><td width=\"66\"><p>$59.50<\/p><\/td><td width=\"132\"><p>Papel Couche 30gramos<\/p><\/td><\/tr><tr><td width=\"85\"><p>1000<\/p><\/td><td width=\"157\"><p>A4 (21 x 29,7 cm)<\/p><\/td><td width=\"127\"><p>Doble cara<\/p><\/td><td width=\"66\"><p>$77<\/p><\/td><td width=\"132\"><p>Papel Couche 30gramos<\/p><\/td><\/tr><tr><td width=\"85\">\u00a0<\/td><td width=\"157\">\u00a0<\/td><td width=\"127\">\u00a0<\/td><td width=\"66\">\u00a0<\/td><td width=\"132\">\u00a0<\/td><\/tr><tr><td colspan=\"4\" width=\"434\"><p>Estos valores no incluyen DISE\u00d1O ni IVA<\/p><\/td><td width=\"132\">\u00a0<\/td><\/tr><tr><td colspan=\"5\" width=\"566\"><p>Tiempo de elaboraci\u00f3n de 4 a 8 d\u00edas laborables luego de aprobado el arte y abonado el 50%.<\/p><\/td><\/tr><\/tbody><\/table>\t\t\t\t\t\t\t\t<\/div>\n\t\t\t\t<\/div>\n\t\t\t\t<div class=\"elementor-element elementor-element-6a57e52 elementor-align-center elementor-widget elementor-widget-button\" data-id=\"6a57e52\" data-element_type=\"widget\" data-e-type=\"widget\" data-widget_type=\"button.default\">\n\t\t\t\t<div class=\"elementor-widget-container\">\n\t\t\t\t\t\t\t\t\t<div class=\"elementor-button-wrapper\">\n\t\t\t\t\t<a class=\"elementor-button elementor-button-link elementor-size-sm\" href=\"https:\/\/andpublicidad.com\/contactowhatsapp.php?numero=0963021330&#038;mensaje=Saludos,%20deseo%20enviar%20a%20realizar%20impresi%C3%B3n%20de%20flyers-tarjetas%20\" target=\"_blank\">\n\t\t\t\t\t\t<span class=\"elementor-button-content-wrapper\">\n\t\t\t\t\t\t<span class=\"elementor-button-icon\">\n\t\t\t\t<i aria-hidden=\"true\" class=\"fab fa-whatsapp-square\"><\/i>\t\t\t<\/span>\n\t\t\t\t\t\t\t\t\t<span class=\"elementor-button-text\">Envianos un mensaje por Whatsapp 0963021330<\/span>\n\t\t\t\t\t<\/span>\n\t\t\t\t\t<\/a>\n\t\t\t\t<\/div>\n\t\t\t\t\t\t\t\t<\/div>\n\t\t\t\t<\/div>\n\t\t\t\t<section class=\"elementor-section elementor-inner-section elementor-element elementor-element-72a40ce elementor-section-boxed elementor-section-height-default elementor-section-height-default\" data-id=\"72a40ce\" data-element_type=\"section\" data-e-type=\"section\">\n\t\t\t\t\t\t<div class=\"elementor-container elementor-column-gap-default\">\n\t\t\t\t\t<div class=\"elementor-column elementor-col-50 elementor-inner-column elementor-element elementor-element-29edd8f\" data-id=\"29edd8f\" data-element_type=\"column\" data-e-type=\"column\">\n\t\t\t<div class=\"elementor-widget-wrap elementor-element-populated\">\n\t\t\t\t\t\t<div class=\"elementor-element elementor-element-0588fa8 elementor-widget elementor-widget-google_maps\" data-id=\"0588fa8\" data-element_type=\"widget\" data-e-type=\"widget\" data-widget_type=\"google_maps.default\">\n\t\t\t\t<div class=\"elementor-widget-container\">\n\t\t\t\t\t\t\t<div class=\"elementor-custom-embed\">\n\t\t\t<iframe loading=\"lazy\"\n\t\t\t\t\tsrc=\"https:\/\/maps.google.com\/maps?q=Compuidea&#038;t=m&#038;z=15&#038;output=embed&#038;iwloc=near\"\n\t\t\t\t\ttitle=\"Compuidea\"\n\t\t\t\t\taria-label=\"Compuidea\"\n\t\t\t><\/iframe>\n\t\t<\/div>\n\t\t\t\t\t\t<\/div>\n\t\t\t\t<\/div>\n\t\t\t\t\t<\/div>\n\t\t<\/div>\n\t\t\t\t<div class=\"elementor-column elementor-col-50 elementor-inner-column elementor-element elementor-element-a47c2e7\" data-id=\"a47c2e7\" data-element_type=\"column\" data-e-type=\"column\">\n\t\t\t<div class=\"elementor-widget-wrap elementor-element-populated\">\n\t\t\t\t\t\t<div class=\"elementor-element elementor-element-380712a elementor-widget elementor-widget-text-editor\" data-id=\"380712a\" data-element_type=\"widget\" data-e-type=\"widget\" data-widget_type=\"text-editor.default\">\n\t\t\t\t<div class=\"elementor-widget-container\">\n\t\t\t\t\t\t\t\t\t<p>Ll\u00e1manos en horarios de Oficina<\/p><p><span class=\"texto14\"><a href=\"tel:022265200\">Telf. Convencional: (02) 22 65 200<\/a> <\/span><\/p><p><a href=\"tel:0963021330\">Celular: 096 302 1330<\/a><\/p><p><a href=\"tel:0983428093\">Celular 2 : 0983428093<\/a><\/p><p>En Google Maps -&gt; <a href=\"https:\/\/goo.gl\/DQMb82\">Click Aqu\u00ed<\/a><\/p>\t\t\t\t\t\t\t\t<\/div>\n\t\t\t\t<\/div>\n\t\t\t\t\t<\/div>\n\t\t<\/div>\n\t\t\t\t\t<\/div>\n\t\t<\/section>\n\t\t\t\t<div class=\"elementor-element elementor-element-36bdd7d elementor-align-center elementor-widget elementor-widget-button\" data-id=\"36bdd7d\" data-element_type=\"widget\" data-e-type=\"widget\" data-widget_type=\"button.default\">\n\t\t\t\t<div class=\"elementor-widget-container\">\n\t\t\t\t\t\t\t\t\t<div class=\"elementor-button-wrapper\">\n\t\t\t\t\t<a class=\"elementor-button elementor-button-link elementor-size-sm\" href=\"https:\/\/andpublicidad.com\/contactowhatsapp.php?numero=0963021330&#038;mensaje=Saludos,%20deseo%20enviar%20a%20realizar%20impresi%C3%B3n%20de%20flyers-tarjetas%20\" target=\"_blank\">\n\t\t\t\t\t\t<span class=\"elementor-button-content-wrapper\">\n\t\t\t\t\t\t<span class=\"elementor-button-icon\">\n\t\t\t\t<i aria-hidden=\"true\" class=\"fab fa-whatsapp-square\"><\/i>\t\t\t<\/span>\n\t\t\t\t\t\t\t\t\t<span class=\"elementor-button-text\">Envianos un mensaje por Whatsapp 0963021330<\/span>\n\t\t\t\t\t<\/span>\n\t\t\t\t\t<\/a>\n\t\t\t\t<\/div>\n\t\t\t\t\t\t\t\t<\/div>\n\t\t\t\t<\/div>\n\t\t\t\t\t<\/div>\n\t\t<\/div>\n\t\t\t\t\t<\/div>\n\t\t<\/section>\n\t\t\t\t<\/div>\n\t\t","protected":false},"excerpt":{"rendered":"<p>La publicidad cl\u00e1sica que marca la diferencia En el mundo digital de hoy, la publicidad cl\u00e1sica sigue teniendo un valor incalculable. En A.N.D. Publicidad, entendemos la importancia de mantener una presencia f\u00edsica y tangible en el mercado. Por eso, ofrecemos servicios de impresi\u00f3n de alta calidad para tarjetas de presentaci\u00f3n y flyers que no solo [&hellip;]<\/p>\n","protected":false},"author":2,"featured_media":0,"parent":0,"menu_order":0,"comment_status":"closed","ping_status":"closed","template":"full-width-page.php","meta":{"_joinchat":[],"footnotes":""},"yst_prominent_words":[],"class_list":["post-3772","page","type-page","status-publish","hentry"],"_links":{"self":[{"href":"https:\/\/andpublicidad.com\/andwordpress\/wp-json\/wp\/v2\/pages\/3772","targetHints":{"allow":["GET"]}}],"collection":[{"href":"https:\/\/andpublicidad.com\/andwordpress\/wp-json\/wp\/v2\/pages"}],"about":[{"href":"https:\/\/andpublicidad.com\/andwordpress\/wp-json\/wp\/v2\/types\/page"}],"author":[{"embeddable":true,"href":"https:\/\/andpublicidad.com\/andwordpress\/wp-json\/wp\/v2\/users\/2"}],"replies":[{"embeddable":true,"href":"https:\/\/andpublicidad.com\/andwordpress\/wp-json\/wp\/v2\/comments?post=3772"}],"version-history":[{"count":52,"href":"https:\/\/andpublicidad.com\/andwordpress\/wp-json\/wp\/v2\/pages\/3772\/revisions"}],"predecessor-version":[{"id":3882,"href":"https:\/\/andpublicidad.com\/andwordpress\/wp-json\/wp\/v2\/pages\/3772\/revisions\/3882"}],"wp:attachment":[{"href":"https:\/\/andpublicidad.com\/andwordpress\/wp-json\/wp\/v2\/media?parent=3772"}],"wp:term":[{"taxonomy":"yst_prominent_words","embeddable":true,"href":"https:\/\/andpublicidad.com\/andwordpress\/wp-json\/wp\/v2\/yst_prominent_words?post=3772"}],"curies":[{"name":"wp","href":"https:\/\/api.w.org\/{rel}","templated":true}]}}