{"id":2779,"date":"2022-12-06T06:25:38","date_gmt":"2022-12-06T06:25:38","guid":{"rendered":"https:\/\/andpublicidad.com\/andwordpress\/?page_id=2779"},"modified":"2024-09-08T07:48:42","modified_gmt":"2024-09-08T07:48:42","slug":"corte-grabado-laser","status":"publish","type":"page","link":"https:\/\/andpublicidad.com\/andwordpress\/corte-grabado-laser\/","title":{"rendered":"Corte Grabado Laser"},"content":{"rendered":"\t\t<div data-elementor-type=\"wp-page\" data-elementor-id=\"2779\" class=\"elementor elementor-2779\">\n\t\t\t\t\t\t<section class=\"elementor-section elementor-top-section elementor-element elementor-element-41079bd9 elementor-section-boxed elementor-section-height-default elementor-section-height-default\" data-id=\"41079bd9\" data-element_type=\"section\" data-e-type=\"section\">\n\t\t\t\t\t\t<div class=\"elementor-container elementor-column-gap-default\">\n\t\t\t\t\t<div class=\"elementor-column elementor-col-100 elementor-top-column elementor-element elementor-element-76758167\" data-id=\"76758167\" data-element_type=\"column\" data-e-type=\"column\">\n\t\t\t<div class=\"elementor-widget-wrap elementor-element-populated\">\n\t\t\t\t\t\t<div class=\"elementor-element elementor-element-770d28e2 elementor-widget elementor-widget-text-editor\" data-id=\"770d28e2\" data-element_type=\"widget\" data-e-type=\"widget\" data-widget_type=\"text-editor.default\">\n\t\t\t\t<div class=\"elementor-widget-container\">\n\t\t\t\t\t\t\t\t\t<p><\/p>\n<p>Corte Laser acr\u00edlico \/ mdf \/ cart\u00f3n<\/p>\n<p><\/p>\t\t\t\t\t\t\t\t<\/div>\n\t\t\t\t<\/div>\n\t\t\t\t<section class=\"elementor-section elementor-inner-section elementor-element elementor-element-5b292ae elementor-section-boxed elementor-section-height-default elementor-section-height-default\" data-id=\"5b292ae\" data-element_type=\"section\" data-e-type=\"section\">\n\t\t\t\t\t\t<div class=\"elementor-container elementor-column-gap-default\">\n\t\t\t\t\t<div class=\"elementor-column elementor-col-50 elementor-inner-column elementor-element elementor-element-66d1f7e\" data-id=\"66d1f7e\" data-element_type=\"column\" data-e-type=\"column\">\n\t\t\t<div class=\"elementor-widget-wrap elementor-element-populated\">\n\t\t\t\t\t\t<div class=\"elementor-element elementor-element-46807f8 elementor-widget elementor-widget-text-editor\" data-id=\"46807f8\" data-element_type=\"widget\" data-e-type=\"widget\" data-widget_type=\"text-editor.default\">\n\t\t\t\t<div class=\"elementor-widget-container\">\n\t\t\t\t\t\t\t\t\t<div class=\"flex flex-grow flex-col max-w-full\">\n<div class=\"min-h-[20px] text-message flex flex-col items-start gap-3 whitespace-pre-wrap break-words [.text-message+&amp;]:mt-5 overflow-x-auto\" data-message-author-role=\"assistant\" data-message-id=\"02ec38b0-2950-4cb4-ac08-da5abc8dc410\">\n<div class=\"markdown prose w-full break-words dark:prose-invert dark\">\n<p>\u00a1Bienvenido a nuestra plataforma de corte y grabado l\u00e1ser de precisi\u00f3n! Somos tu socio confiable para convertir tus ideas en realidad con una precisi\u00f3n impecable y detalles excepcionales.<\/p>\n<p>Con nuestra tecnolog\u00eda de vanguardia, ofrecemos servicios de corte y grabado l\u00e1ser que van m\u00e1s all\u00e1 de las limitaciones tradicionales. Desde materiales como madera, acr\u00edlico y cuero hasta papel, cart\u00f3n y tejidos, nuestro equipo puede trabajar con una amplia gama de sustratos para satisfacer tus necesidades creativas.<\/p>\n<\/div>\n<\/div>\n<\/div>\t\t\t\t\t\t\t\t<\/div>\n\t\t\t\t<\/div>\n\t\t\t\t<div class=\"elementor-element elementor-element-dc669af elementor-align-center elementor-widget elementor-widget-button\" data-id=\"dc669af\" data-element_type=\"widget\" data-e-type=\"widget\" data-widget_type=\"button.default\">\n\t\t\t\t<div class=\"elementor-widget-container\">\n\t\t\t\t\t\t\t\t\t<div class=\"elementor-button-wrapper\">\n\t\t\t\t\t<a class=\"elementor-button elementor-button-link elementor-size-sm\" href=\"https:\/\/andpublicidad.com\/contactowhatsapp.php?numero=0963021330&#038;mensaje=Saludos,%20deseo%20informaci%C3%B3n%20sobre%20su%20servicio%20Grabado%20Laser%20\" target=\"_blank\">\n\t\t\t\t\t\t<span class=\"elementor-button-content-wrapper\">\n\t\t\t\t\t\t<span class=\"elementor-button-icon\">\n\t\t\t\t<i aria-hidden=\"true\" class=\"far fa-comment\"><\/i>\t\t\t<\/span>\n\t\t\t\t\t\t\t\t\t<span class=\"elementor-button-text\">Escribenos al Whatsapp 0963021330<\/span>\n\t\t\t\t\t<\/span>\n\t\t\t\t\t<\/a>\n\t\t\t\t<\/div>\n\t\t\t\t\t\t\t\t<\/div>\n\t\t\t\t<\/div>\n\t\t\t\t\t<\/div>\n\t\t<\/div>\n\t\t\t\t<div class=\"elementor-column elementor-col-50 elementor-inner-column elementor-element elementor-element-da31c5c\" data-id=\"da31c5c\" data-element_type=\"column\" data-e-type=\"column\">\n\t\t\t<div class=\"elementor-widget-wrap elementor-element-populated\">\n\t\t\t\t\t\t<div class=\"elementor-element elementor-element-c847d2b elementor-widget elementor-widget-text-editor\" data-id=\"c847d2b\" data-element_type=\"widget\" data-e-type=\"widget\" data-widget_type=\"text-editor.default\">\n\t\t\t\t<div class=\"elementor-widget-container\">\n\t\t\t\t\t\t\t\t\t<p>Ya sea que est\u00e9s buscando personalizar regalos, crear piezas decorativas \u00fanicas o fabricar prototipos para tus proyectos, estamos aqu\u00ed para ayudarte a alcanzar tus objetivos. <br><\/p>\n<p>Con un enfoque en la calidad, la precisi\u00f3n y la satisfacci\u00f3n del cliente, nos comprometemos a superar tus expectativas en cada proyecto. Conf\u00eda en nosotros para ofrecerte resultados de alta calidad que destacar\u00e1n y dejar\u00e1n una impresi\u00f3n duradera.<\/p>\t\t\t\t\t\t\t\t<\/div>\n\t\t\t\t<\/div>\n\t\t\t\t\t<\/div>\n\t\t<\/div>\n\t\t\t\t\t<\/div>\n\t\t<\/section>\n\t\t\t\t<section class=\"elementor-section elementor-inner-section elementor-element elementor-element-7ee260e elementor-section-boxed elementor-section-height-default elementor-section-height-default\" data-id=\"7ee260e\" data-element_type=\"section\" data-e-type=\"section\">\n\t\t\t\t\t\t<div class=\"elementor-container elementor-column-gap-default\">\n\t\t\t\t\t<div class=\"elementor-column elementor-col-50 elementor-inner-column elementor-element elementor-element-9d01cd1\" data-id=\"9d01cd1\" data-element_type=\"column\" data-e-type=\"column\">\n\t\t\t<div class=\"elementor-widget-wrap elementor-element-populated\">\n\t\t\t\t\t\t<div class=\"elementor-element elementor-element-81f1498 elementor-widget elementor-widget-image\" data-id=\"81f1498\" data-element_type=\"widget\" data-e-type=\"widget\" data-widget_type=\"image.default\">\n\t\t\t\t<div class=\"elementor-widget-container\">\n\t\t\t\t\t\t\t\t\t\t\t\t\t\t\t<img fetchpriority=\"high\" decoding=\"async\" width=\"640\" height=\"320\" src=\"https:\/\/andpublicidad.com\/andwordpress\/wp-content\/uploads\/2023\/01\/Corte-Grabado-Laser-2-1024x512.jpg\" class=\"attachment-large size-large wp-image-2962\" alt=\"Servicio de Corte Laser\" srcset=\"https:\/\/andpublicidad.com\/andwordpress\/wp-content\/uploads\/2023\/01\/Corte-Grabado-Laser-2-1024x512.jpg 1024w, https:\/\/andpublicidad.com\/andwordpress\/wp-content\/uploads\/2023\/01\/Corte-Grabado-Laser-2-300x150.jpg 300w, https:\/\/andpublicidad.com\/andwordpress\/wp-content\/uploads\/2023\/01\/Corte-Grabado-Laser-2-768x384.jpg 768w, https:\/\/andpublicidad.com\/andwordpress\/wp-content\/uploads\/2023\/01\/Corte-Grabado-Laser-2.jpg 1440w\" sizes=\"(max-width: 640px) 100vw, 640px\" \/>\t\t\t\t\t\t\t\t\t\t\t\t\t\t\t<\/div>\n\t\t\t\t<\/div>\n\t\t\t\t\t<\/div>\n\t\t<\/div>\n\t\t\t\t<div class=\"elementor-column elementor-col-50 elementor-inner-column elementor-element elementor-element-936e689\" data-id=\"936e689\" data-element_type=\"column\" data-e-type=\"column\">\n\t\t\t<div class=\"elementor-widget-wrap elementor-element-populated\">\n\t\t\t\t\t\t<div class=\"elementor-element elementor-element-0c83213 elementor-widget elementor-widget-heading\" data-id=\"0c83213\" data-element_type=\"widget\" data-e-type=\"widget\" data-widget_type=\"heading.default\">\n\t\t\t\t<div class=\"elementor-widget-container\">\n\t\t\t\t\t<h2 class=\"elementor-heading-title elementor-size-default\">Corte y Grabado Laser<\/h2>\t\t\t\t<\/div>\n\t\t\t\t<\/div>\n\t\t\t\t<div class=\"elementor-element elementor-element-ccae7e6 elementor-widget elementor-widget-text-editor\" data-id=\"ccae7e6\" data-element_type=\"widget\" data-e-type=\"widget\" data-widget_type=\"text-editor.default\">\n\t\t\t\t<div class=\"elementor-widget-container\">\n\t\t\t\t\t\t\t\t\t<p>A.N.D. Publicidad pone a su disposici\u00f3n el servicio de corte laser de diferentes materiales<\/p>\n<ol>\n<li>Cart\u00f3n Acr\u00edlico<\/li>\n<li>MDF<\/li>\n<li>Balsa<\/li>\n<li>Papel<\/li>\n<li>Cartulina<\/li>\n<li>Fomix<\/li>\n<li>Cuero<\/li>\n<\/ol>\t\t\t\t\t\t\t\t<\/div>\n\t\t\t\t<\/div>\n\t\t\t\t<div class=\"elementor-element elementor-element-b4625e1 elementor-align-center elementor-widget elementor-widget-button\" data-id=\"b4625e1\" data-element_type=\"widget\" data-e-type=\"widget\" data-widget_type=\"button.default\">\n\t\t\t\t<div class=\"elementor-widget-container\">\n\t\t\t\t\t\t\t\t\t<div class=\"elementor-button-wrapper\">\n\t\t\t\t\t<a class=\"elementor-button elementor-button-link elementor-size-sm\" href=\"https:\/\/andpublicidad.com\/contactowhatsapp.php?numero=0963021330&#038;mensaje=Saludos,%20deseo%20informaci%C3%B3n%20sobre%20su%20servicio%20Grabado%20Laser%20\" target=\"_blank\">\n\t\t\t\t\t\t<span class=\"elementor-button-content-wrapper\">\n\t\t\t\t\t\t<span class=\"elementor-button-icon\">\n\t\t\t\t<i aria-hidden=\"true\" class=\"far fa-comment\"><\/i>\t\t\t<\/span>\n\t\t\t\t\t\t\t\t\t<span class=\"elementor-button-text\">Escribenos al Whatsapp 0963021330<\/span>\n\t\t\t\t\t<\/span>\n\t\t\t\t\t<\/a>\n\t\t\t\t<\/div>\n\t\t\t\t\t\t\t\t<\/div>\n\t\t\t\t<\/div>\n\t\t\t\t\t<\/div>\n\t\t<\/div>\n\t\t\t\t\t<\/div>\n\t\t<\/section>\n\t\t\t\t<section class=\"elementor-section elementor-inner-section elementor-element elementor-element-a5e512e elementor-section-boxed elementor-section-height-default elementor-section-height-default\" data-id=\"a5e512e\" data-element_type=\"section\" data-e-type=\"section\">\n\t\t\t\t\t\t<div class=\"elementor-container elementor-column-gap-default\">\n\t\t\t\t\t<div class=\"elementor-column elementor-col-50 elementor-inner-column elementor-element elementor-element-cb66b09\" data-id=\"cb66b09\" data-element_type=\"column\" data-e-type=\"column\">\n\t\t\t<div class=\"elementor-widget-wrap elementor-element-populated\">\n\t\t\t\t\t\t<div class=\"elementor-element elementor-element-eaf5323 elementor-widget elementor-widget-heading\" data-id=\"eaf5323\" data-element_type=\"widget\" data-e-type=\"widget\" data-widget_type=\"heading.default\">\n\t\t\t\t<div class=\"elementor-widget-container\">\n\t\t\t\t\t<h2 class=\"elementor-heading-title elementor-size-default\">Grabado Laser<\/h2>\t\t\t\t<\/div>\n\t\t\t\t<\/div>\n\t\t\t\t<div class=\"elementor-element elementor-element-0b114be elementor-widget elementor-widget-text-editor\" data-id=\"0b114be\" data-element_type=\"widget\" data-e-type=\"widget\" data-widget_type=\"text-editor.default\">\n\t\t\t\t<div class=\"elementor-widget-container\">\n\t\t\t\t\t\t\t\t\t<p>Tambien disponemos grbar tu logo en diferentes productos como<\/p>\n<ol>\n<li>Agendas<\/li>\n<li>Esferos<\/li>\n<li>Cajas de Regalos<\/li>\n<li>R\u00f3tulos en Acr\u00edlico<\/li>\n<li>Adornos en Madera<\/li>\n<li>Invitaciones para eventos<\/li>\n<\/ol>\t\t\t\t\t\t\t\t<\/div>\n\t\t\t\t<\/div>\n\t\t\t\t<div class=\"elementor-element elementor-element-e04d22d elementor-align-center elementor-widget elementor-widget-button\" data-id=\"e04d22d\" data-element_type=\"widget\" data-e-type=\"widget\" data-widget_type=\"button.default\">\n\t\t\t\t<div class=\"elementor-widget-container\">\n\t\t\t\t\t\t\t\t\t<div class=\"elementor-button-wrapper\">\n\t\t\t\t\t<a class=\"elementor-button elementor-button-link elementor-size-sm\" href=\"https:\/\/andpublicidad.com\/contactowhatsapp.php?numero=0963021330&#038;mensaje=Saludos,%20deseo%20informaci%C3%B3n%20sobre%20su%20servicio%20Grabado%20Laser%20\" target=\"_blank\">\n\t\t\t\t\t\t<span class=\"elementor-button-content-wrapper\">\n\t\t\t\t\t\t<span class=\"elementor-button-icon\">\n\t\t\t\t<i aria-hidden=\"true\" class=\"far fa-comment\"><\/i>\t\t\t<\/span>\n\t\t\t\t\t\t\t\t\t<span class=\"elementor-button-text\">Escribenos al Whatsapp 0963021330<\/span>\n\t\t\t\t\t<\/span>\n\t\t\t\t\t<\/a>\n\t\t\t\t<\/div>\n\t\t\t\t\t\t\t\t<\/div>\n\t\t\t\t<\/div>\n\t\t\t\t\t<\/div>\n\t\t<\/div>\n\t\t\t\t<div class=\"elementor-column elementor-col-50 elementor-inner-column elementor-element elementor-element-b7cca21\" data-id=\"b7cca21\" data-element_type=\"column\" data-e-type=\"column\">\n\t\t\t<div class=\"elementor-widget-wrap elementor-element-populated\">\n\t\t\t\t\t\t<div class=\"elementor-element elementor-element-b3edb5c elementor-widget elementor-widget-image\" data-id=\"b3edb5c\" data-element_type=\"widget\" data-e-type=\"widget\" data-widget_type=\"image.default\">\n\t\t\t\t<div class=\"elementor-widget-container\">\n\t\t\t\t\t\t\t\t\t\t\t\t\t\t\t<img decoding=\"async\" width=\"640\" height=\"320\" src=\"https:\/\/andpublicidad.com\/andwordpress\/wp-content\/uploads\/2023\/01\/Corte-Grabado-Laser-1024x512.jpg\" class=\"attachment-large size-large wp-image-2966\" alt=\"Grabado Laser en diferentes materiales\" srcset=\"https:\/\/andpublicidad.com\/andwordpress\/wp-content\/uploads\/2023\/01\/Corte-Grabado-Laser-1024x512.jpg 1024w, https:\/\/andpublicidad.com\/andwordpress\/wp-content\/uploads\/2023\/01\/Corte-Grabado-Laser-300x150.jpg 300w, https:\/\/andpublicidad.com\/andwordpress\/wp-content\/uploads\/2023\/01\/Corte-Grabado-Laser-768x384.jpg 768w, https:\/\/andpublicidad.com\/andwordpress\/wp-content\/uploads\/2023\/01\/Corte-Grabado-Laser.jpg 1440w\" sizes=\"(max-width: 640px) 100vw, 640px\" \/>\t\t\t\t\t\t\t\t\t\t\t\t\t\t\t<\/div>\n\t\t\t\t<\/div>\n\t\t\t\t\t<\/div>\n\t\t<\/div>\n\t\t\t\t\t<\/div>\n\t\t<\/section>\n\t\t\t\t<div class=\"elementor-element elementor-element-a1dd539 elementor-widget elementor-widget-heading\" data-id=\"a1dd539\" data-element_type=\"widget\" data-e-type=\"widget\" data-widget_type=\"heading.default\">\n\t\t\t\t<div class=\"elementor-widget-container\">\n\t\t\t\t\t<h2 class=\"elementor-heading-title elementor-size-default\">Precio por minuto 0.35 USD<\/h2>\t\t\t\t<\/div>\n\t\t\t\t<\/div>\n\t\t\t\t<section class=\"elementor-section elementor-inner-section elementor-element elementor-element-6df54c3 elementor-section-boxed elementor-section-height-default elementor-section-height-default\" data-id=\"6df54c3\" data-element_type=\"section\" data-e-type=\"section\">\n\t\t\t\t\t\t<div class=\"elementor-container elementor-column-gap-default\">\n\t\t\t\t\t<div class=\"elementor-column elementor-col-50 elementor-inner-column elementor-element elementor-element-e31b8ad\" data-id=\"e31b8ad\" data-element_type=\"column\" data-e-type=\"column\">\n\t\t\t<div class=\"elementor-widget-wrap elementor-element-populated\">\n\t\t\t\t\t\t<div class=\"elementor-element elementor-element-4a314ad elementor-widget elementor-widget-image\" data-id=\"4a314ad\" data-element_type=\"widget\" data-e-type=\"widget\" data-widget_type=\"image.default\">\n\t\t\t\t<div class=\"elementor-widget-container\">\n\t\t\t\t\t\t\t\t\t\t\t\t\t\t\t<img decoding=\"async\" width=\"150\" height=\"150\" src=\"https:\/\/andpublicidad.com\/andwordpress\/wp-content\/uploads\/2018\/09\/live-support-girl-150x150.png\" class=\"attachment-thumbnail size-thumbnail wp-image-920\" alt=\"ll\u00e1manos\" \/>\t\t\t\t\t\t\t\t\t\t\t\t\t\t\t<\/div>\n\t\t\t\t<\/div>\n\t\t\t\t<div class=\"elementor-element elementor-element-5ea0449 elementor-widget elementor-widget-google_maps\" data-id=\"5ea0449\" data-element_type=\"widget\" data-e-type=\"widget\" data-widget_type=\"google_maps.default\">\n\t\t\t\t<div class=\"elementor-widget-container\">\n\t\t\t\t\t\t\t<div class=\"elementor-custom-embed\">\n\t\t\t<iframe loading=\"lazy\"\n\t\t\t\t\tsrc=\"https:\/\/maps.google.com\/maps?q=compuidea%20%26%20and%20publicidad&#038;t=m&#038;z=16&#038;output=embed&#038;iwloc=near\"\n\t\t\t\t\ttitle=\"compuidea &amp; and publicidad\"\n\t\t\t\t\taria-label=\"compuidea &amp; and publicidad\"\n\t\t\t><\/iframe>\n\t\t<\/div>\n\t\t\t\t\t\t<\/div>\n\t\t\t\t<\/div>\n\t\t\t\t<div class=\"elementor-element elementor-element-1ac84cf elementor-widget elementor-widget-text-editor\" data-id=\"1ac84cf\" data-element_type=\"widget\" data-e-type=\"widget\" data-widget_type=\"text-editor.default\">\n\t\t\t\t<div class=\"elementor-widget-container\">\n\t\t\t\t\t\t\t\t\t\n<div class=\"wpcf7 no-js\" id=\"wpcf7-f886-o1\" lang=\"es-ES\" dir=\"ltr\" data-wpcf7-id=\"886\">\n<div class=\"screen-reader-response\"><p role=\"status\" aria-live=\"polite\" aria-atomic=\"true\"><\/p> <ul><\/ul><\/div>\n<form action=\"\/andwordpress\/wp-json\/wp\/v2\/pages\/2779#wpcf7-f886-o1\" method=\"post\" class=\"wpcf7-form init\" aria-label=\"Formulario de contacto\" novalidate=\"novalidate\" data-status=\"init\">\n<fieldset class=\"hidden-fields-container\"><input type=\"hidden\" name=\"_wpcf7\" value=\"886\" \/><input type=\"hidden\" name=\"_wpcf7_version\" value=\"6.1.5\" \/><input type=\"hidden\" name=\"_wpcf7_locale\" value=\"es_ES\" \/><input type=\"hidden\" name=\"_wpcf7_unit_tag\" value=\"wpcf7-f886-o1\" \/><input type=\"hidden\" name=\"_wpcf7_container_post\" value=\"0\" \/><input type=\"hidden\" name=\"_wpcf7_posted_data_hash\" value=\"\" \/><input type=\"hidden\" name=\"_wpcf7_recaptcha_response\" value=\"\" \/>\n<\/fieldset>\n<p><label> Tu nombre (requerido)<br \/>\n<span class=\"wpcf7-form-control-wrap\" data-name=\"your-name\"><input size=\"40\" maxlength=\"400\" class=\"wpcf7-form-control wpcf7-text wpcf7-validates-as-required\" aria-required=\"true\" aria-invalid=\"false\" value=\"\" type=\"text\" name=\"your-name\" \/><\/span> <\/label>\n<\/p>\n<p><label> Tu correo electr\u00f3nico (requerido)<br \/>\n<span class=\"wpcf7-form-control-wrap\" data-name=\"your-email\"><input size=\"40\" maxlength=\"400\" class=\"wpcf7-form-control wpcf7-email wpcf7-validates-as-required wpcf7-text wpcf7-validates-as-email\" aria-required=\"true\" aria-invalid=\"false\" value=\"\" type=\"email\" name=\"your-email\" \/><\/span> <\/label>\n<\/p>\n<p><label> Su n\u00famero de Tel\u00e9fono (requerido)<br \/>\n<span class=\"wpcf7-form-control-wrap\" data-name=\"tel-cel\"><input size=\"40\" maxlength=\"400\" class=\"wpcf7-form-control wpcf7-tel wpcf7-text wpcf7-validates-as-tel\" id=\"telefoncel\" aria-invalid=\"false\" value=\"\" type=\"tel\" name=\"tel-cel\" \/><\/span><br \/>\n<\/label>\n<\/p>\n<p><label> Asunto<br \/>\n<span class=\"wpcf7-form-control-wrap\" data-name=\"your-subject\"><input size=\"40\" maxlength=\"400\" class=\"wpcf7-form-control wpcf7-text\" aria-invalid=\"false\" value=\"\" type=\"text\" name=\"your-subject\" \/><\/span> <\/label>\n<\/p>\n<p><label> Tu mensaje<br \/>\n<span class=\"wpcf7-form-control-wrap\" data-name=\"your-message\"><textarea cols=\"40\" rows=\"10\" maxlength=\"2000\" class=\"wpcf7-form-control wpcf7-textarea\" aria-invalid=\"false\" name=\"your-message\"><\/textarea><\/span> <\/label><br \/>\n<span class=\"wpcf7-form-control-wrap recaptcha\" data-name=\"recaptcha\"><span data-sitekey=\"6Ld5_OcdAAAAAF-OCdQsCsAFrd4asI10mCCCwKbV\" data-align=\"center\" class=\"wpcf7-form-control wpcf7-recaptcha g-recaptcha\"><\/span>\r\n<noscript>\r\n\t<div class=\"grecaptcha-noscript\">\r\n\t\t<iframe src=\"https:\/\/www.google.com\/recaptcha\/api\/fallback?k=6Ld5_OcdAAAAAF-OCdQsCsAFrd4asI10mCCCwKbV\" frameborder=\"0\" scrolling=\"no\" width=\"310\" height=\"430\">\r\n\t\t<\/iframe>\r\n\t\t<textarea name=\"g-recaptcha-response\" rows=\"3\" cols=\"40\" placeholder=\"Aqu\u00ed la respuesta de reCAPTCHA\">\r\n\t\t<\/textarea>\r\n\t<\/div>\r\n<\/noscript>\r\n<\/span><br \/>\n<input class=\"wpcf7-form-control wpcf7-submit has-spinner\" type=\"submit\" value=\"Cotiza Ahora\" \/>\n<\/p><div class=\"wpcf7-response-output\" aria-hidden=\"true\"><\/div>\n<\/form>\n<\/div>\n\t\t\t\t\t\t\t\t<\/div>\n\t\t\t\t<\/div>\n\t\t\t\t\t<\/div>\n\t\t<\/div>\n\t\t\t\t<div class=\"elementor-column elementor-col-50 elementor-inner-column elementor-element elementor-element-b8b93be\" data-id=\"b8b93be\" data-element_type=\"column\" data-e-type=\"column\">\n\t\t\t<div class=\"elementor-widget-wrap elementor-element-populated\">\n\t\t\t\t\t\t<div class=\"elementor-element elementor-element-07d5b15 elementor-align-center elementor-widget elementor-widget-button\" data-id=\"07d5b15\" data-element_type=\"widget\" data-e-type=\"widget\" data-widget_type=\"button.default\">\n\t\t\t\t<div class=\"elementor-widget-container\">\n\t\t\t\t\t\t\t\t\t<div class=\"elementor-button-wrapper\">\n\t\t\t\t\t<a class=\"elementor-button elementor-button-link elementor-size-sm\" href=\"https:\/\/andpublicidad.com\/contactowhatsapp.php?numero=0963021330&#038;mensaje=Saludos,%20deseo%20informaci%C3%B3n%20sobre%20su%20servicio%20Grabado%20Laser%20\" target=\"_blank\">\n\t\t\t\t\t\t<span class=\"elementor-button-content-wrapper\">\n\t\t\t\t\t\t<span class=\"elementor-button-icon\">\n\t\t\t\t<i aria-hidden=\"true\" class=\"far fa-comment\"><\/i>\t\t\t<\/span>\n\t\t\t\t\t\t\t\t\t<span class=\"elementor-button-text\">Escribenos al Whatsapp 0963021330<\/span>\n\t\t\t\t\t<\/span>\n\t\t\t\t\t<\/a>\n\t\t\t\t<\/div>\n\t\t\t\t\t\t\t\t<\/div>\n\t\t\t\t<\/div>\n\t\t\t\t<div class=\"elementor-element elementor-element-240fc3f elementor-align-center elementor-widget elementor-widget-button\" data-id=\"240fc3f\" data-element_type=\"widget\" data-e-type=\"widget\" data-widget_type=\"button.default\">\n\t\t\t\t<div class=\"elementor-widget-container\">\n\t\t\t\t\t\t\t\t\t<div class=\"elementor-button-wrapper\">\n\t\t\t\t\t<a class=\"elementor-button elementor-button-link elementor-size-sm\" href=\"http:\/\/m.me\/AndPublicidad\">\n\t\t\t\t\t\t<span class=\"elementor-button-content-wrapper\">\n\t\t\t\t\t\t<span class=\"elementor-button-icon\">\n\t\t\t\t<i aria-hidden=\"true\" class=\"fas fa-address-book\"><\/i>\t\t\t<\/span>\n\t\t\t\t\t\t\t\t\t<span class=\"elementor-button-text\">Escr\u00edbenos por Facebook Mesenger <\/span>\n\t\t\t\t\t<\/span>\n\t\t\t\t\t<\/a>\n\t\t\t\t<\/div>\n\t\t\t\t\t\t\t\t<\/div>\n\t\t\t\t<\/div>\n\t\t\t\t<div class=\"elementor-element elementor-element-583822d elementor-align-center elementor-widget elementor-widget-button\" data-id=\"583822d\" data-element_type=\"widget\" data-e-type=\"widget\" data-widget_type=\"button.default\">\n\t\t\t\t<div class=\"elementor-widget-container\">\n\t\t\t\t\t\t\t\t\t<div class=\"elementor-button-wrapper\">\n\t\t\t\t\t<a class=\"elementor-button elementor-button-link elementor-size-sm\" href=\"https:\/\/andpublicidad.com\/contactowhatsapp.php?numero=0983428093&#038;mensaje=Saludos,%20deseo%20informaci%C3%B3n%20sobre%20su%20servicio%20Grabado%20Laser%20\" target=\"_blank\">\n\t\t\t\t\t\t<span class=\"elementor-button-content-wrapper\">\n\t\t\t\t\t\t<span class=\"elementor-button-icon\">\n\t\t\t\t<i aria-hidden=\"true\" class=\"far fa-comment\"><\/i>\t\t\t<\/span>\n\t\t\t\t\t\t\t\t\t<span class=\"elementor-button-text\">Escribenos al Whatsapp 098 342 8093<\/span>\n\t\t\t\t\t<\/span>\n\t\t\t\t\t<\/a>\n\t\t\t\t<\/div>\n\t\t\t\t\t\t\t\t<\/div>\n\t\t\t\t<\/div>\n\t\t\t\t<div class=\"elementor-element elementor-element-f770b16 elementor-align-center elementor-widget elementor-widget-button\" data-id=\"f770b16\" data-element_type=\"widget\" data-e-type=\"widget\" data-widget_type=\"button.default\">\n\t\t\t\t<div class=\"elementor-widget-container\">\n\t\t\t\t\t\t\t\t\t<div class=\"elementor-button-wrapper\">\n\t\t\t\t\t<a class=\"elementor-button elementor-button-link elementor-size-sm\" href=\"https:\/\/andpublicidad.com\/contactowhatsapp.php?numero=0979812913&#038;mensaje=Saludos,%20deseo%20informaci%C3%B3n%20sobre%20su%20servicio%20Grabado%20Laser%20\" target=\"_blank\">\n\t\t\t\t\t\t<span class=\"elementor-button-content-wrapper\">\n\t\t\t\t\t\t<span class=\"elementor-button-icon\">\n\t\t\t\t<i aria-hidden=\"true\" class=\"far fa-comment\"><\/i>\t\t\t<\/span>\n\t\t\t\t\t\t\t\t\t<span class=\"elementor-button-text\">Escribenos al Whatsapp 0979812913<\/span>\n\t\t\t\t\t<\/span>\n\t\t\t\t\t<\/a>\n\t\t\t\t<\/div>\n\t\t\t\t\t\t\t\t<\/div>\n\t\t\t\t<\/div>\n\t\t\t\t<div class=\"elementor-element elementor-element-584cc1a elementor-widget elementor-widget-text-editor\" data-id=\"584cc1a\" data-element_type=\"widget\" data-e-type=\"widget\" data-widget_type=\"text-editor.default\">\n\t\t\t\t<div class=\"elementor-widget-container\">\n\t\t\t\t\t\t\t\t\t<p style=\"text-align: center;\">Tambien puedes llamarnos<\/p>\n<p style=\"text-align: center;\"><span class=\"texto14\"><a href=\"tel:022265200\">Telf. Convencional: (02) 22 65 200<\/a><\/span><\/p>\n<p style=\"text-align: center;\"><a href=\"tel:022265200\"><span class=\"texto14\"><a href=\"tel:0963021330\">Celular: 096 302 1330 <\/a><\/span><\/a><\/p>\n<p style=\"text-align: center;\"><a style=\"font-size: 16px;\" href=\"tel:0983428093\">Celular: 098 342 8093<\/a><span style=\"font-size: 16px;\">\u00a0<\/span><\/p>\n<p style=\"text-align: center;\"><span class=\"texto14\"><a href=\"tel:0979812913\">Celular: 097 981 2913\u00a0 <\/a><\/span><\/p>\n<p style=\"text-align: center;\">\u00a0<\/p>\t\t\t\t\t\t\t\t<\/div>\n\t\t\t\t<\/div>\n\t\t\t\t\t<\/div>\n\t\t<\/div>\n\t\t\t\t\t<\/div>\n\t\t<\/section>\n\t\t\t\t\t<\/div>\n\t\t<\/div>\n\t\t\t\t\t<\/div>\n\t\t<\/section>\n\t\t\t\t<\/div>\n\t\t","protected":false},"excerpt":{"rendered":"<p>Corte Laser acr\u00edlico \/ mdf \/ cart\u00f3n \u00a1Bienvenido a nuestra plataforma de corte y grabado l\u00e1ser de precisi\u00f3n! Somos tu socio confiable para convertir tus ideas en realidad con una precisi\u00f3n impecable y detalles excepcionales. Con nuestra tecnolog\u00eda de vanguardia, ofrecemos servicios de corte y grabado l\u00e1ser que van m\u00e1s all\u00e1 de las limitaciones tradicionales. [&hellip;]<\/p>\n","protected":false},"author":1,"featured_media":0,"parent":0,"menu_order":0,"comment_status":"closed","ping_status":"closed","template":"full-width-page.php","meta":{"_joinchat":{"telephone":"5930963021330","message_send":"Hola A.N.D. Publicidad, deseo informaci\u00f3n de su servicio de corte l\u00e1ser, deseo grabar","view":"yes"},"footnotes":""},"yst_prominent_words":[73,72,151,74],"class_list":["post-2779","page","type-page","status-publish","hentry"],"_links":{"self":[{"href":"https:\/\/andpublicidad.com\/andwordpress\/wp-json\/wp\/v2\/pages\/2779","targetHints":{"allow":["GET"]}}],"collection":[{"href":"https:\/\/andpublicidad.com\/andwordpress\/wp-json\/wp\/v2\/pages"}],"about":[{"href":"https:\/\/andpublicidad.com\/andwordpress\/wp-json\/wp\/v2\/types\/page"}],"author":[{"embeddable":true,"href":"https:\/\/andpublicidad.com\/andwordpress\/wp-json\/wp\/v2\/users\/1"}],"replies":[{"embeddable":true,"href":"https:\/\/andpublicidad.com\/andwordpress\/wp-json\/wp\/v2\/comments?post=2779"}],"version-history":[{"count":52,"href":"https:\/\/andpublicidad.com\/andwordpress\/wp-json\/wp\/v2\/pages\/2779\/revisions"}],"predecessor-version":[{"id":3861,"href":"https:\/\/andpublicidad.com\/andwordpress\/wp-json\/wp\/v2\/pages\/2779\/revisions\/3861"}],"wp:attachment":[{"href":"https:\/\/andpublicidad.com\/andwordpress\/wp-json\/wp\/v2\/media?parent=2779"}],"wp:term":[{"taxonomy":"yst_prominent_words","embeddable":true,"href":"https:\/\/andpublicidad.com\/andwordpress\/wp-json\/wp\/v2\/yst_prominent_words?post=2779"}],"curies":[{"name":"wp","href":"https:\/\/api.w.org\/{rel}","templated":true}]}}