{"id":1346,"date":"2020-08-29T07:35:39","date_gmt":"2020-08-29T07:35:39","guid":{"rendered":"https:\/\/andpublicidad.com\/andwordpress\/?page_id=1346"},"modified":"2022-04-06T06:49:25","modified_gmt":"2022-04-06T06:49:25","slug":"marketing-digital","status":"publish","type":"page","link":"https:\/\/andpublicidad.com\/andwordpress\/marketing-digital\/","title":{"rendered":"Servicios Digitales"},"content":{"rendered":"\t\t<div data-elementor-type=\"wp-page\" data-elementor-id=\"1346\" class=\"elementor elementor-1346\">\n\t\t\t\t\t\t<section class=\"elementor-section elementor-top-section elementor-element elementor-element-ef3eae8 elementor-section-boxed elementor-section-height-default elementor-section-height-default\" data-id=\"ef3eae8\" data-element_type=\"section\" data-e-type=\"section\">\n\t\t\t\t\t\t<div class=\"elementor-container elementor-column-gap-default\">\n\t\t\t\t\t<div class=\"elementor-column elementor-col-100 elementor-top-column elementor-element elementor-element-4f03726\" data-id=\"4f03726\" data-element_type=\"column\" data-e-type=\"column\">\n\t\t\t<div class=\"elementor-widget-wrap elementor-element-populated\">\n\t\t\t\t\t\t<div class=\"elementor-element elementor-element-d4cb895 elementor-widget elementor-widget-heading\" data-id=\"d4cb895\" data-element_type=\"widget\" data-e-type=\"widget\" data-widget_type=\"heading.default\">\n\t\t\t\t<div class=\"elementor-widget-container\">\n\t\t\t\t\t<h4 class=\"elementor-heading-title elementor-size-default\">\u00bfEs necesario?<\/h4>\t\t\t\t<\/div>\n\t\t\t\t<\/div>\n\t\t\t\t<div class=\"elementor-element elementor-element-ab9f8b3 elementor-widget elementor-widget-text-editor\" data-id=\"ab9f8b3\" data-element_type=\"widget\" data-e-type=\"widget\" data-widget_type=\"text-editor.default\">\n\t\t\t\t<div class=\"elementor-widget-container\">\n\t\t\t\t\t\t\t\t\t<p>Desde hace varias d\u00e9cadas, el mundo ha sido afectado por la revoluci\u00f3n tecnol\u00f3gica que cada vez m\u00e1s cambia nuestras vidas, hoy por hoy es inutil pensar que los medios digitales no afectan el comportamiento de las personas, las redes sociales, el propio internet se han convertido en una herramienta m\u00e1s de trabajo, es por eso que cada vez es m\u00e1s necesario contar con una estretgia digital adecuada para cada empresa.<\/p>\t\t\t\t\t\t\t\t<\/div>\n\t\t\t\t<\/div>\n\t\t\t\t<div class=\"elementor-element elementor-element-3870395 elementor-widget elementor-widget-heading\" data-id=\"3870395\" data-element_type=\"widget\" data-e-type=\"widget\" data-widget_type=\"heading.default\">\n\t\t\t\t<div class=\"elementor-widget-container\">\n\t\t\t\t\t<h4 class=\"elementor-heading-title elementor-size-default\">\u00bfQu\u00e9 necesito para iniciar mi estrategia digital?<\/h4>\t\t\t\t<\/div>\n\t\t\t\t<\/div>\n\t\t\t\t<div class=\"elementor-element elementor-element-e4a42cf elementor-widget elementor-widget-text-editor\" data-id=\"e4a42cf\" data-element_type=\"widget\" data-e-type=\"widget\" data-widget_type=\"text-editor.default\">\n\t\t\t\t<div class=\"elementor-widget-container\">\n\t\t\t\t\t\t\t\t\t<p>La web en general y grandes empresas como facebook, google, twitter facilitan recursos para implementar estrategias digitales, en cada plataforma existen herramientas gratuitas, que permiten a cualquier usuario iniciar una campa\u00f1a digital, es muy sencillo crear una cuenta en cada plataforma y empezar a anunciarse.<\/p>\t\t\t\t\t\t\t\t<\/div>\n\t\t\t\t<\/div>\n\t\t\t\t<div class=\"elementor-element elementor-element-10163cb elementor-widget elementor-widget-heading\" data-id=\"10163cb\" data-element_type=\"widget\" data-e-type=\"widget\" data-widget_type=\"heading.default\">\n\t\t\t\t<div class=\"elementor-widget-container\">\n\t\t\t\t\t<h4 class=\"elementor-heading-title elementor-size-default\">\u00bfPuedo hacerlo por mi mismo?<\/h4>\t\t\t\t<\/div>\n\t\t\t\t<\/div>\n\t\t\t\t<div class=\"elementor-element elementor-element-e41e396 elementor-widget elementor-widget-text-editor\" data-id=\"e41e396\" data-element_type=\"widget\" data-e-type=\"widget\" data-widget_type=\"text-editor.default\">\n\t\t\t\t<div class=\"elementor-widget-container\">\n\t\t\t\t\t\t\t\t\t<p>Porsupuesto, con los conocimientos adecuados se puede manejar el marketing digital de una empresa, aunque es poco recomendable si su giro de negocio no tiene que ver con este ambito, ya que manejar una estrategia de markenting digital involucra varios aspectos, y por ende varios profesionales o en su defecto un profesional con experiencia en el tema.<\/p>\t\t\t\t\t\t\t\t<\/div>\n\t\t\t\t<\/div>\n\t\t\t\t<div class=\"elementor-element elementor-element-58071f5 elementor-widget elementor-widget-heading\" data-id=\"58071f5\" data-element_type=\"widget\" data-e-type=\"widget\" data-widget_type=\"heading.default\">\n\t\t\t\t<div class=\"elementor-widget-container\">\n\t\t\t\t\t<h4 class=\"elementor-heading-title elementor-size-default\">\u00bfA qui\u00e9n escoger?<\/h4>\t\t\t\t<\/div>\n\t\t\t\t<\/div>\n\t\t\t\t<div class=\"elementor-element elementor-element-232deb8 elementor-widget elementor-widget-text-editor\" data-id=\"232deb8\" data-element_type=\"widget\" data-e-type=\"widget\" data-widget_type=\"text-editor.default\">\n\t\t\t\t<div class=\"elementor-widget-container\">\n\t\t\t\t\t\t\t\t\t<p>Existen muchas \u00abagencias digitales\u00bb desde las creadas por una sola persona y su computadora, hasta equipos completos de profesionales que incluyen dise\u00f1adores gr\u00e1ficos y de contenidos, profesionales del marketing etc, tambien estan los llamados \u00abtroll center\u00bb creados principalmente para establecer tendencias pol\u00edticas. Es importante tener en cuenta que para escoger con quien trabajar es importante tener en cuenta los objetivos y el presupuesto con el que contamos, no se puede esperar re<\/p>\t\t\t\t\t\t\t\t<\/div>\n\t\t\t\t<\/div>\n\t\t\t\t\t<\/div>\n\t\t<\/div>\n\t\t\t\t\t<\/div>\n\t\t<\/section>\n\t\t\t\t<\/div>\n\t\t","protected":false},"excerpt":{"rendered":"<p>\u00bfEs necesario? Desde hace varias d\u00e9cadas, el mundo ha sido afectado por la revoluci\u00f3n tecnol\u00f3gica que cada vez m\u00e1s cambia nuestras vidas, hoy por hoy es inutil pensar que los medios digitales no afectan el comportamiento de las personas, las redes sociales, el propio internet se han convertido en una herramienta m\u00e1s de trabajo, es [&hellip;]<\/p>\n","protected":false},"author":2,"featured_media":0,"parent":0,"menu_order":0,"comment_status":"closed","ping_status":"closed","template":"elementor_header_footer","meta":{"_joinchat":[],"footnotes":""},"yst_prominent_words":[200,11],"class_list":["post-1346","page","type-page","status-publish","hentry"],"_links":{"self":[{"href":"https:\/\/andpublicidad.com\/andwordpress\/wp-json\/wp\/v2\/pages\/1346","targetHints":{"allow":["GET"]}}],"collection":[{"href":"https:\/\/andpublicidad.com\/andwordpress\/wp-json\/wp\/v2\/pages"}],"about":[{"href":"https:\/\/andpublicidad.com\/andwordpress\/wp-json\/wp\/v2\/types\/page"}],"author":[{"embeddable":true,"href":"https:\/\/andpublicidad.com\/andwordpress\/wp-json\/wp\/v2\/users\/2"}],"replies":[{"embeddable":true,"href":"https:\/\/andpublicidad.com\/andwordpress\/wp-json\/wp\/v2\/comments?post=1346"}],"version-history":[{"count":12,"href":"https:\/\/andpublicidad.com\/andwordpress\/wp-json\/wp\/v2\/pages\/1346\/revisions"}],"predecessor-version":[{"id":2046,"href":"https:\/\/andpublicidad.com\/andwordpress\/wp-json\/wp\/v2\/pages\/1346\/revisions\/2046"}],"wp:attachment":[{"href":"https:\/\/andpublicidad.com\/andwordpress\/wp-json\/wp\/v2\/media?parent=1346"}],"wp:term":[{"taxonomy":"yst_prominent_words","embeddable":true,"href":"https:\/\/andpublicidad.com\/andwordpress\/wp-json\/wp\/v2\/yst_prominent_words?post=1346"}],"curies":[{"name":"wp","href":"https:\/\/api.w.org\/{rel}","templated":true}]}}