{"id":1272,"date":"2020-04-25T03:51:09","date_gmt":"2020-04-25T03:51:09","guid":{"rendered":"https:\/\/andpublicidad.com\/andwordpress\/?page_id=1272"},"modified":"2023-01-06T03:12:07","modified_gmt":"2023-01-06T03:12:07","slug":"floor-graphic-vinil-para-piso","status":"publish","type":"page","link":"https:\/\/andpublicidad.com\/andwordpress\/floor-graphic-vinil-para-piso\/","title":{"rendered":"Floor Graphic Vinil para Piso"},"content":{"rendered":"\t\t<div data-elementor-type=\"wp-page\" data-elementor-id=\"1272\" class=\"elementor elementor-1272\">\n\t\t\t\t\t\t<section class=\"elementor-section elementor-top-section elementor-element elementor-element-04ed789 elementor-section-boxed elementor-section-height-default elementor-section-height-default\" data-id=\"04ed789\" data-element_type=\"section\" data-e-type=\"section\">\n\t\t\t\t\t\t<div class=\"elementor-container elementor-column-gap-default\">\n\t\t\t\t\t<div class=\"elementor-column elementor-col-100 elementor-top-column elementor-element elementor-element-cf758b8\" data-id=\"cf758b8\" data-element_type=\"column\" data-e-type=\"column\">\n\t\t\t<div class=\"elementor-widget-wrap elementor-element-populated\">\n\t\t\t\t\t\t<div class=\"elementor-element elementor-element-6156deb elementor-widget elementor-widget-image\" data-id=\"6156deb\" data-element_type=\"widget\" data-e-type=\"widget\" data-widget_type=\"image.default\">\n\t\t\t\t<div class=\"elementor-widget-container\">\n\t\t\t\t\t\t\t\t\t\t\t\t\t\t\t<img fetchpriority=\"high\" decoding=\"async\" width=\"640\" height=\"291\" src=\"https:\/\/andpublicidad.com\/andwordpress\/wp-content\/uploads\/2020\/04\/Floor-Gr\u00e1phics-WEB-1-1024x465.jpg\" class=\"attachment-large size-large wp-image-1275\" alt=\"Se\u00f1aletica para Piso\" srcset=\"https:\/\/andpublicidad.com\/andwordpress\/wp-content\/uploads\/2020\/04\/Floor-Gr\u00e1phics-WEB-1-1024x465.jpg 1024w, https:\/\/andpublicidad.com\/andwordpress\/wp-content\/uploads\/2020\/04\/Floor-Gr\u00e1phics-WEB-1-300x136.jpg 300w, https:\/\/andpublicidad.com\/andwordpress\/wp-content\/uploads\/2020\/04\/Floor-Gr\u00e1phics-WEB-1-768x349.jpg 768w, https:\/\/andpublicidad.com\/andwordpress\/wp-content\/uploads\/2020\/04\/Floor-Gr\u00e1phics-WEB-1.jpg 1100w\" sizes=\"(max-width: 640px) 100vw, 640px\" \/>\t\t\t\t\t\t\t\t\t\t\t\t\t\t\t<\/div>\n\t\t\t\t<\/div>\n\t\t\t\t<div class=\"elementor-element elementor-element-45e7b9c elementor-widget elementor-widget-heading\" data-id=\"45e7b9c\" data-element_type=\"widget\" data-e-type=\"widget\" data-widget_type=\"heading.default\">\n\t\t\t\t<div class=\"elementor-widget-container\">\n\t\t\t\t\t<h2 class=\"elementor-heading-title elementor-size-default\">Se\u00f1al\u00e9tica para Pisos<\/h2>\t\t\t\t<\/div>\n\t\t\t\t<\/div>\n\t\t\t\t<section class=\"elementor-section elementor-inner-section elementor-element elementor-element-fb1bff6 elementor-section-boxed elementor-section-height-default elementor-section-height-default\" data-id=\"fb1bff6\" data-element_type=\"section\" data-e-type=\"section\">\n\t\t\t\t\t\t<div class=\"elementor-container elementor-column-gap-default\">\n\t\t\t\t\t<div class=\"elementor-column elementor-col-50 elementor-inner-column elementor-element elementor-element-65182e5\" data-id=\"65182e5\" data-element_type=\"column\" data-e-type=\"column\">\n\t\t\t<div class=\"elementor-widget-wrap elementor-element-populated\">\n\t\t\t\t\t\t<div class=\"elementor-element elementor-element-969052e elementor-widget elementor-widget-image\" data-id=\"969052e\" data-element_type=\"widget\" data-e-type=\"widget\" data-widget_type=\"image.default\">\n\t\t\t\t<div class=\"elementor-widget-container\">\n\t\t\t\t\t\t\t\t\t\t\t\t\t\t\t<img decoding=\"async\" width=\"640\" height=\"960\" src=\"https:\/\/andpublicidad.com\/andwordpress\/wp-content\/uploads\/2020\/04\/publicidad-web-2-683x1024.jpg\" class=\"attachment-large size-large wp-image-1284\" alt=\"\" srcset=\"https:\/\/andpublicidad.com\/andwordpress\/wp-content\/uploads\/2020\/04\/publicidad-web-2-683x1024.jpg 683w, https:\/\/andpublicidad.com\/andwordpress\/wp-content\/uploads\/2020\/04\/publicidad-web-2-200x300.jpg 200w, https:\/\/andpublicidad.com\/andwordpress\/wp-content\/uploads\/2020\/04\/publicidad-web-2-768x1152.jpg 768w, https:\/\/andpublicidad.com\/andwordpress\/wp-content\/uploads\/2020\/04\/publicidad-web-2.jpg 1000w\" sizes=\"(max-width: 640px) 100vw, 640px\" \/>\t\t\t\t\t\t\t\t\t\t\t\t\t\t\t<\/div>\n\t\t\t\t<\/div>\n\t\t\t\t\t<\/div>\n\t\t<\/div>\n\t\t\t\t<div class=\"elementor-column elementor-col-50 elementor-inner-column elementor-element elementor-element-3c53867\" data-id=\"3c53867\" data-element_type=\"column\" data-e-type=\"column\">\n\t\t\t<div class=\"elementor-widget-wrap elementor-element-populated\">\n\t\t\t\t\t\t<div class=\"elementor-element elementor-element-86bb401 elementor-widget elementor-widget-text-editor\" data-id=\"86bb401\" data-element_type=\"widget\" data-e-type=\"widget\" data-widget_type=\"text-editor.default\">\n\t\t\t\t<div class=\"elementor-widget-container\">\n\t\t\t\t\t\t\t\t\t<p>Genera m\u00e1s presencia de marca con el logo de tu empresa en el piso de tu negocio o el centro comercial<\/p><p>No s\u00f3lo puedes imprimir logos, sino tambien ofertas y promociones interactua m\u00e1s con tu p\u00fablico objetivo<\/p>\t\t\t\t\t\t\t\t<\/div>\n\t\t\t\t<\/div>\n\t\t\t\t<div class=\"elementor-element elementor-element-a2da90a elementor-widget elementor-widget-image\" data-id=\"a2da90a\" data-element_type=\"widget\" data-e-type=\"widget\" data-widget_type=\"image.default\">\n\t\t\t\t<div class=\"elementor-widget-container\">\n\t\t\t\t\t\t\t\t\t\t\t\t\t\t\t<img decoding=\"async\" width=\"640\" height=\"429\" src=\"https:\/\/andpublicidad.com\/andwordpress\/wp-content\/uploads\/2020\/04\/promocion-floor-graphic-1024x686.jpg\" class=\"attachment-large size-large wp-image-1281\" alt=\"Promocion en vinil para piso\" srcset=\"https:\/\/andpublicidad.com\/andwordpress\/wp-content\/uploads\/2020\/04\/promocion-floor-graphic-1024x686.jpg 1024w, https:\/\/andpublicidad.com\/andwordpress\/wp-content\/uploads\/2020\/04\/promocion-floor-graphic-300x201.jpg 300w, https:\/\/andpublicidad.com\/andwordpress\/wp-content\/uploads\/2020\/04\/promocion-floor-graphic-768x515.jpg 768w, https:\/\/andpublicidad.com\/andwordpress\/wp-content\/uploads\/2020\/04\/promocion-floor-graphic.jpg 1500w\" sizes=\"(max-width: 640px) 100vw, 640px\" \/>\t\t\t\t\t\t\t\t\t\t\t\t\t\t\t<\/div>\n\t\t\t\t<\/div>\n\t\t\t\t<div class=\"elementor-element elementor-element-516c79c elementor-widget elementor-widget-text-editor\" data-id=\"516c79c\" data-element_type=\"widget\" data-e-type=\"widget\" data-widget_type=\"text-editor.default\">\n\t\t\t\t<div class=\"elementor-widget-container\">\n\t\t\t\t\t\t\t\t\t<p>Opciones para tr\u00e1fico normal y tr\u00e1fico pesado es decir material de alta resistencia impresion de hasta 2880 dpi calidad EPSON<\/p><p>Instalaci\u00f3n profesional especial para mayor durabilidad, cotiza con nosotros y destaca la imgen de tu negocio<\/p>\t\t\t\t\t\t\t\t<\/div>\n\t\t\t\t<\/div>\n\t\t\t\t<div class=\"elementor-element elementor-element-e696dd9 elementor-align-center elementor-widget elementor-widget-button\" data-id=\"e696dd9\" data-element_type=\"widget\" data-e-type=\"widget\" data-widget_type=\"button.default\">\n\t\t\t\t<div class=\"elementor-widget-container\">\n\t\t\t\t\t\t\t\t\t<div class=\"elementor-button-wrapper\">\n\t\t\t\t\t<a class=\"elementor-button elementor-button-link elementor-size-sm\" href=\"https:\/\/api.whatsapp.com\/send?phone=593979812913&#038;text=Saludos%20Deseo%20Informaci%C3%B3n%20de%20caballetes%20publicitarios\">\n\t\t\t\t\t\t<span class=\"elementor-button-content-wrapper\">\n\t\t\t\t\t\t<span class=\"elementor-button-icon\">\n\t\t\t\t<i aria-hidden=\"true\" class=\"far fa-comment\"><\/i>\t\t\t<\/span>\n\t\t\t\t\t\t\t\t\t<span class=\"elementor-button-text\">Escribenos al Whatsapp 0979812913<\/span>\n\t\t\t\t\t<\/span>\n\t\t\t\t\t<\/a>\n\t\t\t\t<\/div>\n\t\t\t\t\t\t\t\t<\/div>\n\t\t\t\t<\/div>\n\t\t\t\t<div class=\"elementor-element elementor-element-861d726 elementor-align-center elementor-widget elementor-widget-button\" data-id=\"861d726\" data-element_type=\"widget\" data-e-type=\"widget\" data-widget_type=\"button.default\">\n\t\t\t\t<div class=\"elementor-widget-container\">\n\t\t\t\t\t\t\t\t\t<div class=\"elementor-button-wrapper\">\n\t\t\t\t\t<a class=\"elementor-button elementor-button-link elementor-size-sm\" href=\"https:\/\/api.whatsapp.com\/send?phone=593983428093&#038;text=Saludos%20Deseo%20Informaci%C3%B3n%20de%20caballetes%20publicitarios\">\n\t\t\t\t\t\t<span class=\"elementor-button-content-wrapper\">\n\t\t\t\t\t\t<span class=\"elementor-button-icon\">\n\t\t\t\t<i aria-hidden=\"true\" class=\"far fa-comment\"><\/i>\t\t\t<\/span>\n\t\t\t\t\t\t\t\t\t<span class=\"elementor-button-text\">Escribenos al Whatsapp 098 342 8093<\/span>\n\t\t\t\t\t<\/span>\n\t\t\t\t\t<\/a>\n\t\t\t\t<\/div>\n\t\t\t\t\t\t\t\t<\/div>\n\t\t\t\t<\/div>\n\t\t\t\t\t<\/div>\n\t\t<\/div>\n\t\t\t\t\t<\/div>\n\t\t<\/section>\n\t\t\t\t<div class=\"elementor-element elementor-element-1da4d6e elementor-widget elementor-widget-heading\" data-id=\"1da4d6e\" data-element_type=\"widget\" data-e-type=\"widget\" data-widget_type=\"heading.default\">\n\t\t\t\t<div class=\"elementor-widget-container\">\n\t\t\t\t\t<h2 class=\"elementor-heading-title elementor-size-default\">Adaptandonos a la  \"Nueva Normalidad\"<\/h2>\t\t\t\t<\/div>\n\t\t\t\t<\/div>\n\t\t\t\t<section class=\"elementor-section elementor-inner-section elementor-element elementor-element-a78eb68 elementor-section-boxed elementor-section-height-default elementor-section-height-default\" data-id=\"a78eb68\" data-element_type=\"section\" data-e-type=\"section\">\n\t\t\t\t\t\t<div class=\"elementor-container elementor-column-gap-default\">\n\t\t\t\t\t<div class=\"elementor-column elementor-col-50 elementor-inner-column elementor-element elementor-element-4fd7660\" data-id=\"4fd7660\" data-element_type=\"column\" data-e-type=\"column\">\n\t\t\t<div class=\"elementor-widget-wrap elementor-element-populated\">\n\t\t\t\t\t\t<div class=\"elementor-element elementor-element-9073322 elementor-widget elementor-widget-text-editor\" data-id=\"9073322\" data-element_type=\"widget\" data-e-type=\"widget\" data-widget_type=\"text-editor.default\">\n\t\t\t\t<div class=\"elementor-widget-container\">\n\t\t\t\t\t\t\t\t\t<p>Nuestro pa\u00eds ha sufrido los embates del nuevo corona virus covid19 ha causado un efecto jam\u00e1s pensado en nuestra sociedad, pero aun guardamos la esperanza de regresar a lo que la Organizaci\u00f3n Mundial de la Salud como \u00abNueva Normalidad\u00bb, esto nos permitira regresar a nuestras actividades con ciertas restricciones.<\/p><p>Una de las restricciones es el distanciamiento social es decir mantener distancia entre las personas, para esto tu negocio debe estar correctamente se\u00f1alizado, en A.N.D. Publiciad te ofrecemos esta importante alternativa para que tu negocio cuide de sus clientes, se\u00f1al\u00e9tica personalizada o s\u00f3lo con mensajes importantes.<\/p>\t\t\t\t\t\t\t\t<\/div>\n\t\t\t\t<\/div>\n\t\t\t\t<div class=\"elementor-element elementor-element-790a05f elementor-widget elementor-widget-image\" data-id=\"790a05f\" data-element_type=\"widget\" data-e-type=\"widget\" data-widget_type=\"image.default\">\n\t\t\t\t<div class=\"elementor-widget-container\">\n\t\t\t\t\t\t\t\t\t\t\t\t\t\t\t<img loading=\"lazy\" decoding=\"async\" width=\"640\" height=\"362\" src=\"https:\/\/andpublicidad.com\/andwordpress\/wp-content\/uploads\/2020\/04\/SE\u00d1ALETICA-PISO.jpg\" class=\"attachment-large size-large wp-image-1286\" alt=\"sE\u00d1ALETICA COVID\" srcset=\"https:\/\/andpublicidad.com\/andwordpress\/wp-content\/uploads\/2020\/04\/SE\u00d1ALETICA-PISO.jpg 1000w, https:\/\/andpublicidad.com\/andwordpress\/wp-content\/uploads\/2020\/04\/SE\u00d1ALETICA-PISO-300x170.jpg 300w, https:\/\/andpublicidad.com\/andwordpress\/wp-content\/uploads\/2020\/04\/SE\u00d1ALETICA-PISO-768x435.jpg 768w, https:\/\/andpublicidad.com\/andwordpress\/wp-content\/uploads\/2020\/04\/SE\u00d1ALETICA-PISO-410x231.jpg 410w\" sizes=\"(max-width: 640px) 100vw, 640px\" \/>\t\t\t\t\t\t\t\t\t\t\t\t\t\t\t<\/div>\n\t\t\t\t<\/div>\n\t\t\t\t<div class=\"elementor-element elementor-element-f0d3c96 elementor-widget elementor-widget-button\" data-id=\"f0d3c96\" data-element_type=\"widget\" data-e-type=\"widget\" data-widget_type=\"button.default\">\n\t\t\t\t<div class=\"elementor-widget-container\">\n\t\t\t\t\t\t\t\t\t<div class=\"elementor-button-wrapper\">\n\t\t\t\t\t<a class=\"elementor-button elementor-button-link elementor-size-sm\" href=\"https:\/\/andpublicidad.com\/andwordpress\/cotiza-en-nuestro-local-el-universo-y-el-sol-sector-gaspar-de-villaroel\/\">\n\t\t\t\t\t\t<span class=\"elementor-button-content-wrapper\">\n\t\t\t\t\t\t\t\t\t<span class=\"elementor-button-text\">Cotiza tu Pedido Aqu\u00ed<\/span>\n\t\t\t\t\t<\/span>\n\t\t\t\t\t<\/a>\n\t\t\t\t<\/div>\n\t\t\t\t\t\t\t\t<\/div>\n\t\t\t\t<\/div>\n\t\t\t\t\t<\/div>\n\t\t<\/div>\n\t\t\t\t<div class=\"elementor-column elementor-col-50 elementor-inner-column elementor-element elementor-element-e513041\" data-id=\"e513041\" data-element_type=\"column\" data-e-type=\"column\">\n\t\t\t<div class=\"elementor-widget-wrap elementor-element-populated\">\n\t\t\t\t\t\t<div class=\"elementor-element elementor-element-0d5cf38 elementor-widget elementor-widget-image\" data-id=\"0d5cf38\" data-element_type=\"widget\" data-e-type=\"widget\" data-widget_type=\"image.default\">\n\t\t\t\t<div class=\"elementor-widget-container\">\n\t\t\t\t\t\t\t\t\t\t\t\t\t\t\t<img loading=\"lazy\" decoding=\"async\" width=\"640\" height=\"705\" src=\"https:\/\/andpublicidad.com\/andwordpress\/wp-content\/uploads\/2020\/04\/Publicidad-Floor-Graphics-FACEBOOK-930x1024.jpg\" class=\"attachment-large size-large wp-image-1276\" alt=\"Se\u00f1alamineto para filas para nuevanormalidad coronavirus\" srcset=\"https:\/\/andpublicidad.com\/andwordpress\/wp-content\/uploads\/2020\/04\/Publicidad-Floor-Graphics-FACEBOOK-930x1024.jpg 930w, https:\/\/andpublicidad.com\/andwordpress\/wp-content\/uploads\/2020\/04\/Publicidad-Floor-Graphics-FACEBOOK-272x300.jpg 272w, https:\/\/andpublicidad.com\/andwordpress\/wp-content\/uploads\/2020\/04\/Publicidad-Floor-Graphics-FACEBOOK-768x846.jpg 768w, https:\/\/andpublicidad.com\/andwordpress\/wp-content\/uploads\/2020\/04\/Publicidad-Floor-Graphics-FACEBOOK.jpg 1181w\" sizes=\"(max-width: 640px) 100vw, 640px\" \/>\t\t\t\t\t\t\t\t\t\t\t\t\t\t\t<\/div>\n\t\t\t\t<\/div>\n\t\t\t\t<div class=\"elementor-element elementor-element-cc9ad2c elementor-widget elementor-widget-button\" data-id=\"cc9ad2c\" data-element_type=\"widget\" data-e-type=\"widget\" data-widget_type=\"button.default\">\n\t\t\t\t<div class=\"elementor-widget-container\">\n\t\t\t\t\t\t\t\t\t<div class=\"elementor-button-wrapper\">\n\t\t\t\t\t<a class=\"elementor-button elementor-button-link elementor-size-sm\" href=\"https:\/\/api.whatsapp.com\/send?phone=593983428093&#038;text=Saludos%20Deseo%20Informaci%C3%B3n%20sobre%20la%20se%C3%B1aletica%20para%20piso\">\n\t\t\t\t\t\t<span class=\"elementor-button-content-wrapper\">\n\t\t\t\t\t\t\t\t\t<span class=\"elementor-button-text\">Escribenos al Whatsapp<\/span>\n\t\t\t\t\t<\/span>\n\t\t\t\t\t<\/a>\n\t\t\t\t<\/div>\n\t\t\t\t\t\t\t\t<\/div>\n\t\t\t\t<\/div>\n\t\t\t\t\t<\/div>\n\t\t<\/div>\n\t\t\t\t\t<\/div>\n\t\t<\/section>\n\t\t\t\t<div class=\"elementor-element elementor-element-0415080 elementor-widget elementor-widget-google_maps\" data-id=\"0415080\" data-element_type=\"widget\" data-e-type=\"widget\" data-widget_type=\"google_maps.default\">\n\t\t\t\t<div class=\"elementor-widget-container\">\n\t\t\t\t\t\t\t<div class=\"elementor-custom-embed\">\n\t\t\t<iframe loading=\"lazy\"\n\t\t\t\t\tsrc=\"https:\/\/maps.google.com\/maps?q=Compuidea%20%26%20A.N.D.%20Publicidad&#038;t=m&#038;z=15&#038;output=embed&#038;iwloc=near\"\n\t\t\t\t\ttitle=\"Compuidea &amp; A.N.D. Publicidad\"\n\t\t\t\t\taria-label=\"Compuidea &amp; A.N.D. Publicidad\"\n\t\t\t><\/iframe>\n\t\t<\/div>\n\t\t\t\t\t\t<\/div>\n\t\t\t\t<\/div>\n\t\t\t\t\t<\/div>\n\t\t<\/div>\n\t\t\t\t\t<\/div>\n\t\t<\/section>\n\t\t\t\t<\/div>\n\t\t","protected":false},"excerpt":{"rendered":"<p>Se\u00f1al\u00e9tica para Pisos Genera m\u00e1s presencia de marca con el logo de tu empresa en el piso de tu negocio o el centro comercial No s\u00f3lo puedes imprimir logos, sino tambien ofertas y promociones interactua m\u00e1s con tu p\u00fablico objetivo Opciones para tr\u00e1fico normal y tr\u00e1fico pesado es decir material de alta resistencia impresion de [&hellip;]<\/p>\n","protected":false},"author":2,"featured_media":0,"parent":0,"menu_order":0,"comment_status":"closed","ping_status":"closed","template":"full-width-page.php","meta":{"_joinchat":[],"footnotes":""},"yst_prominent_words":[207,73,72,16,208,209,210,182,55,206,74],"class_list":["post-1272","page","type-page","status-publish","hentry"],"_links":{"self":[{"href":"https:\/\/andpublicidad.com\/andwordpress\/wp-json\/wp\/v2\/pages\/1272","targetHints":{"allow":["GET"]}}],"collection":[{"href":"https:\/\/andpublicidad.com\/andwordpress\/wp-json\/wp\/v2\/pages"}],"about":[{"href":"https:\/\/andpublicidad.com\/andwordpress\/wp-json\/wp\/v2\/types\/page"}],"author":[{"embeddable":true,"href":"https:\/\/andpublicidad.com\/andwordpress\/wp-json\/wp\/v2\/users\/2"}],"replies":[{"embeddable":true,"href":"https:\/\/andpublicidad.com\/andwordpress\/wp-json\/wp\/v2\/comments?post=1272"}],"version-history":[{"count":13,"href":"https:\/\/andpublicidad.com\/andwordpress\/wp-json\/wp\/v2\/pages\/1272\/revisions"}],"predecessor-version":[{"id":2945,"href":"https:\/\/andpublicidad.com\/andwordpress\/wp-json\/wp\/v2\/pages\/1272\/revisions\/2945"}],"wp:attachment":[{"href":"https:\/\/andpublicidad.com\/andwordpress\/wp-json\/wp\/v2\/media?parent=1272"}],"wp:term":[{"taxonomy":"yst_prominent_words","embeddable":true,"href":"https:\/\/andpublicidad.com\/andwordpress\/wp-json\/wp\/v2\/yst_prominent_words?post=1272"}],"curies":[{"name":"wp","href":"https:\/\/api.w.org\/{rel}","templated":true}]}}