{"id":1100,"date":"2019-10-05T05:19:52","date_gmt":"2019-10-05T05:19:52","guid":{"rendered":"https:\/\/andpublicidad.com\/andwordpress\/?page_id=1100"},"modified":"2021-12-10T14:39:53","modified_gmt":"2021-12-10T14:39:53","slug":"cotiza-en-nuestro-local-el-universo-y-el-sol-sector-gaspar-de-villaroel","status":"publish","type":"page","link":"https:\/\/andpublicidad.com\/andwordpress\/cotiza-en-nuestro-local-el-universo-y-el-sol-sector-gaspar-de-villaroel\/","title":{"rendered":"Cotiza en Nuestro Local El Universo y el Sol (Sector Gaspar de Villaroel)"},"content":{"rendered":"<p><a href=\"https:\/\/api.whatsapp.com\/send?phone=593979812913&amp;text=Saludos,%20Deseo%20cotizar%20un%20trabajo%20con%20su%20empresa,%20el%20cu%C3%A1l%20consiste%20en%20\" role=\"button\"><br>\n\t\t\t\t\t\tEscr\u00edbenos al Whatsapp<br>\n\t\t\t\t\t<\/a><\/p>\n\n<div class=\"wpcf7 no-js\" id=\"wpcf7-f1111-o1\" lang=\"es-ES\" dir=\"ltr\" data-wpcf7-id=\"1111\">\n<div class=\"screen-reader-response\"><p role=\"status\" aria-live=\"polite\" aria-atomic=\"true\"><\/p> <ul><\/ul><\/div>\n<form action=\"\/andwordpress\/wp-json\/wp\/v2\/pages\/1100#wpcf7-f1111-o1\" method=\"post\" class=\"wpcf7-form init\" aria-label=\"Formulario de contacto\" enctype=\"multipart\/form-data\" novalidate=\"novalidate\" data-status=\"init\">\n<fieldset class=\"hidden-fields-container\"><input type=\"hidden\" name=\"_wpcf7\" value=\"1111\" \/><input type=\"hidden\" name=\"_wpcf7_version\" value=\"6.1.5\" \/><input type=\"hidden\" name=\"_wpcf7_locale\" value=\"es_ES\" \/><input type=\"hidden\" name=\"_wpcf7_unit_tag\" value=\"wpcf7-f1111-o1\" \/><input type=\"hidden\" name=\"_wpcf7_container_post\" value=\"0\" \/><input type=\"hidden\" name=\"_wpcf7_posted_data_hash\" value=\"\" \/><input type=\"hidden\" name=\"_wpcf7_recaptcha_response\" value=\"\" \/>\n<\/fieldset>\n<p>Para Realizar una correcta cotizaci\u00f3n envienos las medidas el producto deseado, y si es necesario instalarlo una foto del lugar donde se realizar\u00e1 la instalaci\u00f3n\n<\/p>\n<p>Nombre y Apellido(requerido): <span class=\"wpcf7-form-control-wrap\" data-name=\"your-name\"><input size=\"40\" maxlength=\"400\" class=\"wpcf7-form-control wpcf7-text wpcf7-validates-as-required\" aria-required=\"true\" aria-invalid=\"false\" value=\"\" type=\"text\" name=\"your-name\" \/><\/span>\n<\/p>\n<p>Correo electr\u00f3nico (requerido): <span class=\"wpcf7-form-control-wrap\" data-name=\"your-email\"><input size=\"40\" maxlength=\"400\" class=\"wpcf7-form-control wpcf7-email wpcf7-validates-as-required wpcf7-text wpcf7-validates-as-email\" aria-required=\"true\" aria-invalid=\"false\" value=\"\" type=\"email\" name=\"your-email\" \/><\/span>\n<\/p>\n<p>Tel\u00e9fono Convencional(requerido):<span class=\"wpcf7-form-control-wrap\" data-name=\"TelfonoConvencional\"><input size=\"40\" maxlength=\"400\" class=\"wpcf7-form-control wpcf7-tel wpcf7-validates-as-required wpcf7-text wpcf7-validates-as-tel\" id=\"telefono\" aria-required=\"true\" aria-invalid=\"false\" value=\"\" type=\"tel\" name=\"TelfonoConvencional\" \/><\/span><br \/>\nTel\u00e9fono Celular(requerido):<span class=\"wpcf7-form-control-wrap\" data-name=\"NumCelular\"><input size=\"40\" maxlength=\"400\" class=\"wpcf7-form-control wpcf7-tel wpcf7-validates-as-required wpcf7-text wpcf7-validates-as-tel\" id=\"numcelular\" aria-required=\"true\" aria-invalid=\"false\" value=\"\" type=\"tel\" name=\"NumCelular\" \/><\/span>\n<\/p>\n<p>Asunto: <span class=\"wpcf7-form-control-wrap\" data-name=\"your-subject\"><input size=\"40\" maxlength=\"400\" class=\"wpcf7-form-control wpcf7-text\" aria-invalid=\"false\" value=\"\" type=\"text\" name=\"your-subject\" \/><\/span>\n<\/p>\n<p>Producto a Cotizar \/ Medidas\n<\/p>\n<p><span class=\"wpcf7-form-control-wrap\" data-name=\"your-message\"><textarea cols=\"40\" rows=\"10\" maxlength=\"2000\" class=\"wpcf7-form-control wpcf7-textarea\" aria-invalid=\"false\" name=\"your-message\"><\/textarea><\/span>\n<\/p>\n<p>Cargue las fotos del lugar de instalaci\u00f3n o del logo a sublimar en los jarros si es necesario<br \/>\n<span class=\"wpcf7-form-control-wrap\" data-name=\"archivo\"><input size=\"40\" class=\"wpcf7-form-control wpcf7-file\" accept=\".gif,.png,.jpg,.jpeg\" aria-invalid=\"false\" type=\"file\" name=\"archivo\" \/><\/span><br \/>\n<span class=\"wpcf7-form-control-wrap\" data-name=\"archivo\"><input size=\"40\" class=\"wpcf7-form-control wpcf7-file\" accept=\".gif,.png,.jpg,.jpeg\" aria-invalid=\"false\" type=\"file\" name=\"archivo\" \/><\/span><br \/>\n<span class=\"wpcf7-form-control-wrap recaptcha\" data-name=\"recaptcha\"><span data-sitekey=\"6Ld5_OcdAAAAAF-OCdQsCsAFrd4asI10mCCCwKbV\" data-align=\"center\" class=\"wpcf7-form-control wpcf7-recaptcha g-recaptcha\"><\/span>\r\n<noscript>\r\n\t<div class=\"grecaptcha-noscript\">\r\n\t\t<iframe src=\"https:\/\/www.google.com\/recaptcha\/api\/fallback?k=6Ld5_OcdAAAAAF-OCdQsCsAFrd4asI10mCCCwKbV\" frameborder=\"0\" scrolling=\"no\" width=\"310\" height=\"430\">\r\n\t\t<\/iframe>\r\n\t\t<textarea name=\"g-recaptcha-response\" rows=\"3\" cols=\"40\" placeholder=\"Aqu\u00ed la respuesta de reCAPTCHA\">\r\n\t\t<\/textarea>\r\n\t<\/div>\r\n<\/noscript>\r\n<\/span>\n<\/p>\n<p><input class=\"wpcf7-form-control wpcf7-submit has-spinner\" type=\"submit\" value=\"Enviar mensaje a A.N.D. Publicidad Shyris\" \/>\n<\/p>\n<p>Recuerde que tambien puede contactarnos al 2265200 \/ 097 981 2913\n<\/p><div class=\"wpcf7-response-output\" aria-hidden=\"true\"><\/div>\n<\/form>\n<\/div>\n\n<p><\/p>\n\n\n<\/p>\n<p>El universo E10-71 y El Sol, Segundo Piso, Junto al Parqueadero de Ministerio del Deporte, Una cuadra al sur de la Avenida Gaspar de Villaroel<\/p>\n<p>Mail: ventas@andpublicidad.com <br \/><a href=\"tel:022265200\">Llamanos (02) 22 65 200<\/a> \/\u00a0<a href=\"https:\/\/api.whatsapp.com\/send?phone=593979812913&amp;text=Saludos,%20Deseo%20cotizar%20un%20trabajo%20con%20su%20empresa,%20el%20cu%C3%A1l%20consiste%20en%20\"> 0979812913 (Whatsapp)<\/a> \/\u00a0<a href=\"https:\/\/api.whatsapp.com\/send?phone=5930983428093&amp;text=Saludos,%20Deseo%20cotizar%20un%20trabajo%20con%20su%20empresa,%20el%20cu%C3%A1l%20consiste%20en%20\"> 0983428093(Whatsapp)<\/a> \/\u00a0<a href=\"https:\/\/api.whatsapp.com\/send?phone=5930963021330&amp;text=Saludos,%20Deseo%20cotizar%20un%20trabajo%20con%20su%20empresa,%20el%20cu%C3%A1l%20consiste%20en%20\"> 0963021330(Whatsapp)<\/a><\/p>\n<p><iframe style=\"border: 0;\" src=\"https:\/\/www.google.com\/maps\/embed?pb=!1m18!1m12!1m3!1d1994.9002044181843!2d-78.47896673096477!3d-0.17168299997908767!2m3!1f0!2f0!3f0!3m2!1i1024!2i768!4f13.1!3m3!1m2!1s0x91d59a65ee92e421%3A0xf836ebb1b46a9154!2sCompuidea+%26+A.N.D.+Publicidad+2!5e0!3m2!1ses-419!2s!4v1506098326322\" width=\"800\" height=\"600\" frameborder=\"0\" allowfullscreen=\"allowfullscreen\"><\/iframe><\/p>\n<p>\n\n\n<p><\/p>\n<p>\t\t\t<a href=\"https:\/\/api.whatsapp.com\/send?phone=593979812913&amp;text=Saludos,%20Deseo%20cotizar%20un%20trabajo%20con%20su%20empresa,%20el%20cu%C3%A1l%20consiste%20en%20\" role=\"button\"><br>\n\t\t\t\t\t\tEscr\u00edbenos al Whatsapp<br>\n\t\t\t\t\t<\/a><\/p>","protected":false},"excerpt":{"rendered":"<p>Escr\u00edbenos al Whatsapp El universo E10-71 y El Sol, Segundo Piso, Junto al Parqueadero de Ministerio del Deporte, Una cuadra al sur de la Avenida Gaspar de Villaroel Mail: ventas@andpublicidad.com Llamanos (02) 22 65 200 \/\u00a0 0979812913 (Whatsapp) \/\u00a0 0983428093(Whatsapp) \/\u00a0 0963021330(Whatsapp) Escr\u00edbenos al Whatsapp<\/p>\n","protected":false},"author":2,"featured_media":0,"parent":0,"menu_order":0,"comment_status":"closed","ping_status":"closed","template":"","meta":{"_joinchat":[],"footnotes":""},"yst_prominent_words":[73,72,74],"class_list":["post-1100","page","type-page","status-publish","hentry"],"_links":{"self":[{"href":"https:\/\/andpublicidad.com\/andwordpress\/wp-json\/wp\/v2\/pages\/1100","targetHints":{"allow":["GET"]}}],"collection":[{"href":"https:\/\/andpublicidad.com\/andwordpress\/wp-json\/wp\/v2\/pages"}],"about":[{"href":"https:\/\/andpublicidad.com\/andwordpress\/wp-json\/wp\/v2\/types\/page"}],"author":[{"embeddable":true,"href":"https:\/\/andpublicidad.com\/andwordpress\/wp-json\/wp\/v2\/users\/2"}],"replies":[{"embeddable":true,"href":"https:\/\/andpublicidad.com\/andwordpress\/wp-json\/wp\/v2\/comments?post=1100"}],"version-history":[{"count":15,"href":"https:\/\/andpublicidad.com\/andwordpress\/wp-json\/wp\/v2\/pages\/1100\/revisions"}],"predecessor-version":[{"id":1687,"href":"https:\/\/andpublicidad.com\/andwordpress\/wp-json\/wp\/v2\/pages\/1100\/revisions\/1687"}],"wp:attachment":[{"href":"https:\/\/andpublicidad.com\/andwordpress\/wp-json\/wp\/v2\/media?parent=1100"}],"wp:term":[{"taxonomy":"yst_prominent_words","embeddable":true,"href":"https:\/\/andpublicidad.com\/andwordpress\/wp-json\/wp\/v2\/yst_prominent_words?post=1100"}],"curies":[{"name":"wp","href":"https:\/\/api.w.org\/{rel}","templated":true}]}}