{"id":1075,"date":"2019-08-01T06:22:48","date_gmt":"2019-08-01T06:22:48","guid":{"rendered":"https:\/\/andpublicidad.com\/andwordpress\/?page_id=1075"},"modified":"2023-01-06T03:25:57","modified_gmt":"2023-01-06T03:25:57","slug":"caballetes-publicitarios-exhibidores","status":"publish","type":"page","link":"https:\/\/andpublicidad.com\/andwordpress\/caballetes-publicitarios-exhibidores\/","title":{"rendered":"Caballetes Publicitarios"},"content":{"rendered":"\t\t<div data-elementor-type=\"wp-post\" data-elementor-id=\"1075\" class=\"elementor elementor-1075\">\n\t\t\t\t\t\t<section class=\"elementor-section elementor-top-section elementor-element elementor-element-71283df elementor-section-boxed elementor-section-height-default elementor-section-height-default\" data-id=\"71283df\" data-element_type=\"section\" data-e-type=\"section\">\n\t\t\t\t\t\t<div class=\"elementor-container elementor-column-gap-default\">\n\t\t\t\t\t<div class=\"elementor-column elementor-col-100 elementor-top-column elementor-element elementor-element-1a7cb338\" data-id=\"1a7cb338\" data-element_type=\"column\" data-e-type=\"column\">\n\t\t\t<div class=\"elementor-widget-wrap elementor-element-populated\">\n\t\t\t\t\t\t<div class=\"elementor-element elementor-element-226c01d5 elementor-widget elementor-widget-text-editor\" data-id=\"226c01d5\" data-element_type=\"widget\" data-e-type=\"widget\" data-widget_type=\"text-editor.default\">\n\t\t\t\t<div class=\"elementor-widget-container\">\n\t\t\t\t\t\t\t\t\t\n<p>Exhibidores geniales para promocionar comedores o locales de servicio<br><\/p>\n\t\t\t\t\t\t\t\t<\/div>\n\t\t\t\t<\/div>\n\t\t\t\t\t<\/div>\n\t\t<\/div>\n\t\t\t\t\t<\/div>\n\t\t<\/section>\n\t\t\t\t<section class=\"elementor-section elementor-top-section elementor-element elementor-element-fb73728 elementor-section-boxed elementor-section-height-default elementor-section-height-default\" data-id=\"fb73728\" data-element_type=\"section\" data-e-type=\"section\">\n\t\t\t\t\t\t<div class=\"elementor-container elementor-column-gap-default\">\n\t\t\t\t\t<div class=\"elementor-column elementor-col-100 elementor-top-column elementor-element elementor-element-c002da0\" data-id=\"c002da0\" data-element_type=\"column\" data-e-type=\"column\">\n\t\t\t<div class=\"elementor-widget-wrap elementor-element-populated\">\n\t\t\t\t\t\t<section class=\"elementor-section elementor-inner-section elementor-element elementor-element-fda8a6f elementor-section-boxed elementor-section-height-default elementor-section-height-default\" data-id=\"fda8a6f\" data-element_type=\"section\" data-e-type=\"section\">\n\t\t\t\t\t\t<div class=\"elementor-container elementor-column-gap-default\">\n\t\t\t\t\t<div class=\"elementor-column elementor-col-50 elementor-inner-column elementor-element elementor-element-b94ec93\" data-id=\"b94ec93\" data-element_type=\"column\" data-e-type=\"column\">\n\t\t\t<div class=\"elementor-widget-wrap elementor-element-populated\">\n\t\t\t\t\t\t<div class=\"elementor-element elementor-element-112c75f elementor-invisible elementor-widget elementor-widget-image\" data-id=\"112c75f\" data-element_type=\"widget\" data-e-type=\"widget\" data-settings=\"{&quot;_animation&quot;:&quot;fadeIn&quot;}\" data-widget_type=\"image.default\">\n\t\t\t\t<div class=\"elementor-widget-container\">\n\t\t\t\t\t\t\t\t\t\t\t\t\t\t\t<img fetchpriority=\"high\" decoding=\"async\" width=\"640\" height=\"856\" src=\"https:\/\/andpublicidad.com\/andwordpress\/wp-content\/uploads\/2019\/08\/caballetepublicitarioweb1-766x1024.jpg\" class=\"attachment-large size-large wp-image-1077\" alt=\"Caballete Publicitario Foto\" srcset=\"https:\/\/andpublicidad.com\/andwordpress\/wp-content\/uploads\/2019\/08\/caballetepublicitarioweb1-766x1024.jpg 766w, https:\/\/andpublicidad.com\/andwordpress\/wp-content\/uploads\/2019\/08\/caballetepublicitarioweb1-224x300.jpg 224w, https:\/\/andpublicidad.com\/andwordpress\/wp-content\/uploads\/2019\/08\/caballetepublicitarioweb1-768x1027.jpg 768w, https:\/\/andpublicidad.com\/andwordpress\/wp-content\/uploads\/2019\/08\/caballetepublicitarioweb1.jpg 1122w\" sizes=\"(max-width: 640px) 100vw, 640px\" \/>\t\t\t\t\t\t\t\t\t\t\t\t\t\t\t<\/div>\n\t\t\t\t<\/div>\n\t\t\t\t<div class=\"elementor-element elementor-element-eb1cff1 elementor-widget elementor-widget-text-editor\" data-id=\"eb1cff1\" data-element_type=\"widget\" data-e-type=\"widget\" data-widget_type=\"text-editor.default\">\n\t\t\t\t<div class=\"elementor-widget-container\">\n\t\t\t\t\t\t\t\t\t<p>Contactanos<\/p>\n\n<div class=\"wpcf7 no-js\" id=\"wpcf7-f886-o1\" lang=\"es-ES\" dir=\"ltr\" data-wpcf7-id=\"886\">\n<div class=\"screen-reader-response\"><p role=\"status\" aria-live=\"polite\" aria-atomic=\"true\"><\/p> <ul><\/ul><\/div>\n<form action=\"\/andwordpress\/wp-json\/wp\/v2\/pages\/1075#wpcf7-f886-o1\" method=\"post\" class=\"wpcf7-form init\" aria-label=\"Formulario de contacto\" novalidate=\"novalidate\" data-status=\"init\">\n<fieldset class=\"hidden-fields-container\"><input type=\"hidden\" name=\"_wpcf7\" value=\"886\" \/><input type=\"hidden\" name=\"_wpcf7_version\" value=\"6.1.5\" \/><input type=\"hidden\" name=\"_wpcf7_locale\" value=\"es_ES\" \/><input type=\"hidden\" name=\"_wpcf7_unit_tag\" value=\"wpcf7-f886-o1\" \/><input type=\"hidden\" name=\"_wpcf7_container_post\" value=\"0\" \/><input type=\"hidden\" name=\"_wpcf7_posted_data_hash\" value=\"\" \/><input type=\"hidden\" name=\"_wpcf7_recaptcha_response\" value=\"\" \/>\n<\/fieldset>\n<p><label> Tu nombre (requerido)<br \/>\n<span class=\"wpcf7-form-control-wrap\" data-name=\"your-name\"><input size=\"40\" maxlength=\"400\" class=\"wpcf7-form-control wpcf7-text wpcf7-validates-as-required\" aria-required=\"true\" aria-invalid=\"false\" value=\"\" type=\"text\" name=\"your-name\" \/><\/span> <\/label>\n<\/p>\n<p><label> Tu correo electr\u00f3nico (requerido)<br \/>\n<span class=\"wpcf7-form-control-wrap\" data-name=\"your-email\"><input size=\"40\" maxlength=\"400\" class=\"wpcf7-form-control wpcf7-email wpcf7-validates-as-required wpcf7-text wpcf7-validates-as-email\" aria-required=\"true\" aria-invalid=\"false\" value=\"\" type=\"email\" name=\"your-email\" \/><\/span> <\/label>\n<\/p>\n<p><label> Su n\u00famero de Tel\u00e9fono (requerido)<br \/>\n<span class=\"wpcf7-form-control-wrap\" data-name=\"tel-cel\"><input size=\"40\" maxlength=\"400\" class=\"wpcf7-form-control wpcf7-tel wpcf7-text wpcf7-validates-as-tel\" id=\"telefoncel\" aria-invalid=\"false\" value=\"\" type=\"tel\" name=\"tel-cel\" \/><\/span><br \/>\n<\/label>\n<\/p>\n<p><label> Asunto<br \/>\n<span class=\"wpcf7-form-control-wrap\" data-name=\"your-subject\"><input size=\"40\" maxlength=\"400\" class=\"wpcf7-form-control wpcf7-text\" aria-invalid=\"false\" value=\"\" type=\"text\" name=\"your-subject\" \/><\/span> <\/label>\n<\/p>\n<p><label> Tu mensaje<br \/>\n<span class=\"wpcf7-form-control-wrap\" data-name=\"your-message\"><textarea cols=\"40\" rows=\"10\" maxlength=\"2000\" class=\"wpcf7-form-control wpcf7-textarea\" aria-invalid=\"false\" name=\"your-message\"><\/textarea><\/span> <\/label><br \/>\n<span class=\"wpcf7-form-control-wrap recaptcha\" data-name=\"recaptcha\"><span data-sitekey=\"6Ld5_OcdAAAAAF-OCdQsCsAFrd4asI10mCCCwKbV\" data-align=\"center\" class=\"wpcf7-form-control wpcf7-recaptcha g-recaptcha\"><\/span>\r\n<noscript>\r\n\t<div class=\"grecaptcha-noscript\">\r\n\t\t<iframe src=\"https:\/\/www.google.com\/recaptcha\/api\/fallback?k=6Ld5_OcdAAAAAF-OCdQsCsAFrd4asI10mCCCwKbV\" frameborder=\"0\" scrolling=\"no\" width=\"310\" height=\"430\">\r\n\t\t<\/iframe>\r\n\t\t<textarea name=\"g-recaptcha-response\" rows=\"3\" cols=\"40\" placeholder=\"Aqu\u00ed la respuesta de reCAPTCHA\">\r\n\t\t<\/textarea>\r\n\t<\/div>\r\n<\/noscript>\r\n<\/span><br \/>\n<input class=\"wpcf7-form-control wpcf7-submit has-spinner\" type=\"submit\" value=\"Cotiza Ahora\" \/>\n<\/p><div class=\"wpcf7-response-output\" aria-hidden=\"true\"><\/div>\n<\/form>\n<\/div>\n\t\t\t\t\t\t\t\t<\/div>\n\t\t\t\t<\/div>\n\t\t\t\t\t<\/div>\n\t\t<\/div>\n\t\t\t\t<div class=\"elementor-column elementor-col-50 elementor-inner-column elementor-element elementor-element-6be51aa\" data-id=\"6be51aa\" data-element_type=\"column\" data-e-type=\"column\">\n\t\t\t<div class=\"elementor-widget-wrap elementor-element-populated\">\n\t\t\t\t\t\t<div class=\"elementor-element elementor-element-e4c353b elementor-position-top elementor-widget elementor-widget-image-box\" data-id=\"e4c353b\" data-element_type=\"widget\" data-e-type=\"widget\" data-widget_type=\"image-box.default\">\n\t\t\t\t<div class=\"elementor-widget-container\">\n\t\t\t\t\t<div class=\"elementor-image-box-wrapper\"><figure class=\"elementor-image-box-img\"><img decoding=\"async\" width=\"300\" height=\"300\" src=\"https:\/\/andpublicidad.com\/andwordpress\/wp-content\/uploads\/2019\/08\/icono-caballete-300x300.jpg\" class=\"attachment-medium size-medium wp-image-1079\" alt=\"Caballetes Exhibidores y m\u00e1s\" srcset=\"https:\/\/andpublicidad.com\/andwordpress\/wp-content\/uploads\/2019\/08\/icono-caballete-300x300.jpg 300w, https:\/\/andpublicidad.com\/andwordpress\/wp-content\/uploads\/2019\/08\/icono-caballete-150x150.jpg 150w, https:\/\/andpublicidad.com\/andwordpress\/wp-content\/uploads\/2019\/08\/icono-caballete-768x768.jpg 768w, https:\/\/andpublicidad.com\/andwordpress\/wp-content\/uploads\/2019\/08\/icono-caballete-1024x1024.jpg 1024w, https:\/\/andpublicidad.com\/andwordpress\/wp-content\/uploads\/2019\/08\/icono-caballete.jpg 1500w\" sizes=\"(max-width: 300px) 100vw, 300px\" \/><\/figure><div class=\"elementor-image-box-content\"><h3 class=\"elementor-image-box-title\">Caballete Publicitario Sencillo<\/h3><\/div><\/div>\t\t\t\t<\/div>\n\t\t\t\t<\/div>\n\t\t\t\t<div class=\"elementor-element elementor-element-774ac95 elementor-widget elementor-widget-text-editor\" data-id=\"774ac95\" data-element_type=\"widget\" data-e-type=\"widget\" data-widget_type=\"text-editor.default\">\n\t\t\t\t<div class=\"elementor-widget-container\">\n\t\t\t\t\t\t\t\t\t<p>Uno de los principales exhibidores publicitarios en nuestro caballete en el cual puedes realizar tu publicidad con impresi\u00f3n doble lado full color.<\/p>\n<p>Este caballete tiene la ventaja de resistir agua y viento no es f\u00e1cil derribarlo ya que el peso de su estructura le brinda estabilidad.<\/p>\n<p>Ideal para colocarlo afuera de restaurantes, salones de belleza y todo <a href=\"https:\/\/es.wikipedia.org\/wiki\/Negocio\">negocio<\/a> que necesite ofertar sus servicios al paso del cliente.<\/p>\n<p>Disponible desde su tama\u00f1o 65&#215;85 y pudi\u00e9ndose realizar en tama\u00f1os m\u00e1s grandes si el cliente as\u00ed lo necesita.<\/p>\n<p>Es importante innovar en la forma de presentar tu producto, una buena manera de innovar es\u00a0 colocarse junto al paso de tu cliente potencial<\/p>\n<p>Esto te ayudar\u00e1 a captar la atenci\u00f3n del mismo, en el exhibidor que te ofrecemos\u00a0\u00a0 puedes promocionar tu mejor producto<\/p>\n<p>Al presentar tu mejor producto puedes lograr que ese cliente te visite y cuando este en tu negocio puedas ofertarle los dem\u00e1s productos que posees.<\/p>\n<p>Si buscas exhibidores internos tambi\u00e9n poseemos <a href=\"https:\/\/andpublicidad.com\/andwordpress\/?page_id=76\">roll ups<\/a> y <a href=\"https:\/\/andpublicidad.com\/andwordpress\/?page_id=418\">popups<\/a> que complementan la decoraci\u00f3n interna de tu oficina.<\/p>\n<p>No esperes a que tu competencia tome ventaja y animate a innovar en tu negocio<\/p>\n<p>Nuestra empresa te garantiza un producto de alta calidad, adem\u00e1s contamos con departamento de dise\u00f1o<\/p>\n<p>Te otorgamos 15 minutos de dise\u00f1o de cortesia, sin costo, si deseas algo m\u00e1s elaborado estaremos gustosos en servirte con nuestro profesional en Dise\u00f1o Gr\u00e1fico.<\/p>\t\t\t\t\t\t\t\t<\/div>\n\t\t\t\t<\/div>\n\t\t\t\t<div class=\"elementor-element elementor-element-9161091 elementor-widget elementor-widget-button\" data-id=\"9161091\" data-element_type=\"widget\" data-e-type=\"widget\" data-widget_type=\"button.default\">\n\t\t\t\t<div class=\"elementor-widget-container\">\n\t\t\t\t\t\t\t\t\t<div class=\"elementor-button-wrapper\">\n\t\t\t\t\t<a class=\"elementor-button elementor-button-link elementor-size-sm\" href=\"https:\/\/api.whatsapp.com\/send?phone=593983428093&#038;text=Saludos%20Deseo%20Informaci%C3%B3n%20de%20caballetes%20publicitarios\">\n\t\t\t\t\t\t<span class=\"elementor-button-content-wrapper\">\n\t\t\t\t\t\t\t\t\t<span class=\"elementor-button-text\">Escribenos al Whatsapp 098 342 8093<\/span>\n\t\t\t\t\t<\/span>\n\t\t\t\t\t<\/a>\n\t\t\t\t<\/div>\n\t\t\t\t\t\t\t\t<\/div>\n\t\t\t\t<\/div>\n\t\t\t\t\t<\/div>\n\t\t<\/div>\n\t\t\t\t\t<\/div>\n\t\t<\/section>\n\t\t\t\t\t<\/div>\n\t\t<\/div>\n\t\t\t\t\t<\/div>\n\t\t<\/section>\n\t\t\t\t<\/div>\n\t\t","protected":false},"excerpt":{"rendered":"<p>Exhibidores geniales para promocionar comedores o locales de servicio Contactanos Caballete Publicitario Sencillo Uno de los principales exhibidores publicitarios en nuestro caballete en el cual puedes realizar tu publicidad con impresi\u00f3n doble lado full color. Este caballete tiene la ventaja de resistir agua y viento no es f\u00e1cil derribarlo ya que el peso de su [&hellip;]<\/p>\n","protected":false},"author":2,"featured_media":0,"parent":0,"menu_order":0,"comment_status":"closed","ping_status":"closed","template":"full-width-page.php","meta":{"_joinchat":{"telephone":"+593983428093","message_text":"Haz hoy, tu pedido de exhibidor publicitario","message_send":"Estoy interesado en el caballete publicitario","view":"yes"},"footnotes":""},"yst_prominent_words":[56,32,63,57,62,16,64,59,58,60,61],"class_list":["post-1075","page","type-page","status-publish","hentry"],"_links":{"self":[{"href":"https:\/\/andpublicidad.com\/andwordpress\/wp-json\/wp\/v2\/pages\/1075","targetHints":{"allow":["GET"]}}],"collection":[{"href":"https:\/\/andpublicidad.com\/andwordpress\/wp-json\/wp\/v2\/pages"}],"about":[{"href":"https:\/\/andpublicidad.com\/andwordpress\/wp-json\/wp\/v2\/types\/page"}],"author":[{"embeddable":true,"href":"https:\/\/andpublicidad.com\/andwordpress\/wp-json\/wp\/v2\/users\/2"}],"replies":[{"embeddable":true,"href":"https:\/\/andpublicidad.com\/andwordpress\/wp-json\/wp\/v2\/comments?post=1075"}],"version-history":[{"count":20,"href":"https:\/\/andpublicidad.com\/andwordpress\/wp-json\/wp\/v2\/pages\/1075\/revisions"}],"predecessor-version":[{"id":1342,"href":"https:\/\/andpublicidad.com\/andwordpress\/wp-json\/wp\/v2\/pages\/1075\/revisions\/1342"}],"wp:attachment":[{"href":"https:\/\/andpublicidad.com\/andwordpress\/wp-json\/wp\/v2\/media?parent=1075"}],"wp:term":[{"taxonomy":"yst_prominent_words","embeddable":true,"href":"https:\/\/andpublicidad.com\/andwordpress\/wp-json\/wp\/v2\/yst_prominent_words?post=1075"}],"curies":[{"name":"wp","href":"https:\/\/api.w.org\/{rel}","templated":true}]}}